{"id":148,"date":"2024-11-21T12:31:51","date_gmt":"2024-11-21T09:31:51","guid":{"rendered":"https:\/\/getamarinelektrik.com.tr\/?page_id=148"},"modified":"2024-11-25T16:23:29","modified_gmt":"2024-11-25T13:23:29","slug":"iletisim","status":"publish","type":"page","link":"https:\/\/getamarinelektrik.com.tr\/en\/contact-us\/","title":{"rendered":"Contact Us"},"content":{"rendered":"<div data-elementor-type=\"wp-page\" data-elementor-id=\"148\" class=\"elementor elementor-148\" data-elementor-post-type=\"page\">\n\t\t\t\t\t\t<section class=\"elementor-section elementor-top-section elementor-element elementor-element-449c1af elementor-section-boxed elementor-section-height-default elementor-section-height-default\" data-id=\"449c1af\" data-element_type=\"section\">\n\t\t\t\t\t\t<div class=\"elementor-container elementor-column-gap-default\">\n\t\t\t\t\t<div class=\"elementor-column elementor-col-33 elementor-top-column elementor-element elementor-element-2272384\" data-id=\"2272384\" data-element_type=\"column\">\n\t\t\t<div class=\"elementor-widget-wrap elementor-element-populated\">\n\t\t\t\t\t\t<div class=\"elementor-element elementor-element-e8332aa elementor-view-default elementor-position-top elementor-mobile-position-top elementor-widget elementor-widget-icon-box\" data-id=\"e8332aa\" data-element_type=\"widget\" data-widget_type=\"icon-box.default\">\n\t\t\t\t<div class=\"elementor-widget-container\">\n\t\t\t\t\t<div class=\"elementor-icon-box-wrapper\">\n\n\t\t\t\t\t\t<div class=\"elementor-icon-box-icon\">\n\t\t\t\t<a href=\"https:\/\/www.google.com\/maps\/dir\/\/GETA+MAR%C4%B0N+ELEKTR%C4%B0K+%C4%B0N%C5%9E.+SAN.+T%C4%B0C.+LTD.+%C5%9ET%C4%B0.+Ayd%C4%B1ntepe+Selin+Sk.+No:8+34947+Tuzla%2F%C4%B0stanbul\/@40.8496082,29.2958402,17z\/data=!4m5!4m4!1m0!1m2!1m1!1s0x14cadc61a2df195b:0x159dab7258d0261e\" target=\"_blank\" class=\"elementor-icon elementor-animation-\" tabindex=\"-1\">\n\t\t\t\t<svg aria-hidden=\"true\" class=\"e-font-icon-svg e-fas-map-marker-alt\" viewbox=\"0 0 384 512\" xmlns=\"http:\/\/www.w3.org\/2000\/svg\"><path d=\"M172.268 501.67C26.97 291.031 0 269.413 0 192 0 85.961 85.961 0 192 0s192 85.961 192 192c0 77.413-26.97 99.031-172.268 309.67-9.535 13.774-29.93 13.773-39.464 0zM192 272c44.183 0 80-35.817 80-80s-35.817-80-80-80-80 35.817-80 80 35.817 80 80 80z\"><\/path><\/svg>\t\t\t\t<\/a>\n\t\t\t<\/div>\n\t\t\t\n\t\t\t\t\t\t<div class=\"elementor-icon-box-content\">\n\n\t\t\t\t\t\t\t\t\t<h2 class=\"elementor-icon-box-title\">\n\t\t\t\t\t\t<a href=\"https:\/\/www.google.com\/maps\/dir\/\/GETA+MAR%C4%B0N+ELEKTR%C4%B0K+%C4%B0N%C5%9E.+SAN.+T%C4%B0C.+LTD.+%C5%9ET%C4%B0.+Ayd%C4%B1ntepe+Selin+Sk.+No:8+34947+Tuzla%2F%C4%B0stanbul\/@40.8496082,29.2958402,17z\/data=!4m5!4m4!1m0!1m2!1m1!1s0x14cadc61a2df195b:0x159dab7258d0261e\" target=\"_blank\" >\n\t\t\t\t\t\t\tADDRESS\t\t\t\t\t\t<\/a>\n\t\t\t\t\t<\/h2>\n\t\t\t\t\n\t\t\t\t\t\t\t\t\t<p class=\"elementor-icon-box-description\">\n\t\t\t\t\t\tAyd\u0131ntepe Mah. Selin Sk. No:8\nTuzla, \u0130stanbul, T\u00fcrkiye\t\t\t\t\t<\/p>\n\t\t\t\t\n\t\t\t<\/div>\n\t\t\t\n\t\t<\/div>\n\t\t\t\t<\/div>\n\t\t\t\t<\/div>\n\t\t\t\t\t<\/div>\n\t\t<\/div>\n\t\t\t\t<div class=\"elementor-column elementor-col-33 elementor-top-column elementor-element elementor-element-e4018f6\" data-id=\"e4018f6\" data-element_type=\"column\" data-settings=\"{&quot;background_background&quot;:&quot;classic&quot;}\">\n\t\t\t<div class=\"elementor-widget-wrap elementor-element-populated\">\n\t\t\t\t\t\t<div class=\"elementor-element elementor-element-4d38c5e elementor-view-default elementor-position-top elementor-mobile-position-top elementor-widget elementor-widget-icon-box\" data-id=\"4d38c5e\" data-element_type=\"widget\" data-widget_type=\"icon-box.default\">\n\t\t\t\t<div class=\"elementor-widget-container\">\n\t\t\t\t\t<div class=\"elementor-icon-box-wrapper\">\n\n\t\t\t\t\t\t<div class=\"elementor-icon-box-icon\">\n\t\t\t\t<a href=\"mailto:info@getamarinelektrik.com.tr\" class=\"elementor-icon elementor-animation-\" tabindex=\"-1\">\n\t\t\t\t<svg aria-hidden=\"true\" class=\"e-font-icon-svg e-far-envelope\" viewbox=\"0 0 512 512\" xmlns=\"http:\/\/www.w3.org\/2000\/svg\"><path d=\"M464 64H48C21.49 64 0 85.49 0 112v288c0 26.51 21.49 48 48 48h416c26.51 0 48-21.49 48-48V112c0-26.51-21.49-48-48-48zm0 48v40.805c-22.422 18.259-58.168 46.651-134.587 106.49-16.841 13.247-50.201 45.072-73.413 44.701-23.208.375-56.579-31.459-73.413-44.701C106.18 199.465 70.425 171.067 48 152.805V112h416zM48 400V214.398c22.914 18.251 55.409 43.862 104.938 82.646 21.857 17.205 60.134 55.186 103.062 54.955 42.717.231 80.509-37.199 103.053-54.947 49.528-38.783 82.032-64.401 104.947-82.653V400H48z\"><\/path><\/svg>\t\t\t\t<\/a>\n\t\t\t<\/div>\n\t\t\t\n\t\t\t\t\t\t<div class=\"elementor-icon-box-content\">\n\n\t\t\t\t\t\t\t\t\t<h2 class=\"elementor-icon-box-title\">\n\t\t\t\t\t\t<a href=\"mailto:info@getamarinelektrik.com.tr\" >\n\t\t\t\t\t\t\tE-MAIL\t\t\t\t\t\t<\/a>\n\t\t\t\t\t<\/h2>\n\t\t\t\t\n\t\t\t\t\t\t\t\t\t<p class=\"elementor-icon-box-description\">\n\t\t\t\t\t\tinfo@getamarinelektrik.com.tr\t\t\t\t\t<\/p>\n\t\t\t\t\n\t\t\t<\/div>\n\t\t\t\n\t\t<\/div>\n\t\t\t\t<\/div>\n\t\t\t\t<\/div>\n\t\t\t\t\t<\/div>\n\t\t<\/div>\n\t\t\t\t<div class=\"elementor-column elementor-col-33 elementor-top-column elementor-element elementor-element-ff5b902\" data-id=\"ff5b902\" data-element_type=\"column\">\n\t\t\t<div class=\"elementor-widget-wrap elementor-element-populated\">\n\t\t\t\t\t\t<div class=\"elementor-element elementor-element-9c3c01c elementor-view-default elementor-position-top elementor-mobile-position-top elementor-widget elementor-widget-icon-box\" data-id=\"9c3c01c\" data-element_type=\"widget\" data-widget_type=\"icon-box.default\">\n\t\t\t\t<div class=\"elementor-widget-container\">\n\t\t\t\t\t<div class=\"elementor-icon-box-wrapper\">\n\n\t\t\t\t\t\t<div class=\"elementor-icon-box-icon\">\n\t\t\t\t<span  class=\"elementor-icon elementor-animation-\">\n\t\t\t\t<svg aria-hidden=\"true\" class=\"e-font-icon-svg e-fas-phone\" viewbox=\"0 0 512 512\" xmlns=\"http:\/\/www.w3.org\/2000\/svg\"><path d=\"M493.4 24.6l-104-24c-11.3-2.6-22.9 3.3-27.5 13.9l-48 112c-4.2 9.8-1.4 21.3 6.9 28l60.6 49.6c-36 76.7-98.9 140.5-177.2 177.2l-49.6-60.6c-6.8-8.3-18.2-11.1-28-6.9l-112 48C3.9 366.5-2 378.1.6 389.4l24 104C27.1 504.2 36.7 512 48 512c256.1 0 464-207.5 464-464 0-11.2-7.7-20.9-18.6-23.4z\"><\/path><\/svg>\t\t\t\t<\/span>\n\t\t\t<\/div>\n\t\t\t\n\t\t\t\t\t\t<div class=\"elementor-icon-box-content\">\n\n\t\t\t\t\t\t\t\t\t<h2 class=\"elementor-icon-box-title\">\n\t\t\t\t\t\t<span  >\n\t\t\t\t\t\t\tTELEPHONE\t\t\t\t\t\t<\/span>\n\t\t\t\t\t<\/h2>\n\t\t\t\t\n\t\t\t\t\t\t\t\t\t<p class=\"elementor-icon-box-description\">\n\t\t\t\t\t\t+90 (850) 460 43 82<br>\n+90 (216) 493 83 90\t\t\t\t\t<\/p>\n\t\t\t\t\n\t\t\t<\/div>\n\t\t\t\n\t\t<\/div>\n\t\t\t\t<\/div>\n\t\t\t\t<\/div>\n\t\t\t\t\t<\/div>\n\t\t<\/div>\n\t\t\t\t\t<\/div>\n\t\t<\/section>\n\t\t\t\t<section class=\"elementor-section elementor-top-section elementor-element elementor-element-e8559e1 elementor-section-boxed elementor-section-height-default elementor-section-height-default\" data-id=\"e8559e1\" data-element_type=\"section\">\n\t\t\t\t\t\t<div class=\"elementor-container elementor-column-gap-default\">\n\t\t\t\t\t<div class=\"elementor-column elementor-col-50 elementor-top-column elementor-element elementor-element-69e7f80\" data-id=\"69e7f80\" data-element_type=\"column\">\n\t\t\t<div class=\"elementor-widget-wrap elementor-element-populated\">\n\t\t\t\t\t\t<div class=\"elementor-element elementor-element-b663ebf elementor-widget elementor-widget-google_maps\" data-id=\"b663ebf\" data-element_type=\"widget\" data-widget_type=\"google_maps.default\">\n\t\t\t\t<div class=\"elementor-widget-container\">\n\t\t\t\t\t<div class=\"elementor-custom-embed\">\n\t\t\t<iframe loading=\"lazy\"\n\t\t\t\t\tsrc=\"https:\/\/maps.google.com\/maps?q=Geta%20Marin%20Elektrik&#038;t=m&#038;z=17&#038;output=embed&#038;iwloc=near\"\n\t\t\t\t\ttitle=\"Geta Marin Elektrik\"\n\t\t\t\t\taria-label=\"Geta Marin Elektrik\"\n\t\t\t><\/iframe>\n\t\t<\/div>\n\t\t\t\t<\/div>\n\t\t\t\t<\/div>\n\t\t\t\t\t<\/div>\n\t\t<\/div>\n\t\t\t\t<div class=\"elementor-column elementor-col-50 elementor-top-column elementor-element elementor-element-89e6916\" data-id=\"89e6916\" data-element_type=\"column\">\n\t\t\t<div class=\"elementor-widget-wrap elementor-element-populated\">\n\t\t\t\t\t\t<section class=\"elementor-section elementor-inner-section elementor-element elementor-element-f76df9a elementor-section-boxed elementor-section-height-default elementor-section-height-default\" data-id=\"f76df9a\" data-element_type=\"section\">\n\t\t\t\t\t\t<div class=\"elementor-container elementor-column-gap-default\">\n\t\t\t\t\t<div class=\"elementor-column elementor-col-100 elementor-inner-column elementor-element elementor-element-8cd87ff\" data-id=\"8cd87ff\" data-element_type=\"column\">\n\t\t\t<div class=\"elementor-widget-wrap elementor-element-populated\">\n\t\t\t\t\t\t<div class=\"elementor-element elementor-element-d193333 elementor-widget elementor-widget-heading\" data-id=\"d193333\" data-element_type=\"widget\" data-widget_type=\"heading.default\">\n\t\t\t\t<div class=\"elementor-widget-container\">\n\t\t\t<h2 class=\"elementor-heading-title elementor-size-default\">Get Information<\/h2>\t\t<\/div>\n\t\t\t\t<\/div>\n\t\t\t\t\t<\/div>\n\t\t<\/div>\n\t\t\t\t\t<\/div>\n\t\t<\/section>\n\t\t\t\t<div class=\"elementor-element elementor-element-054a932 elementor-button-align-start elementor-widget elementor-widget-form\" data-id=\"054a932\" data-element_type=\"widget\" data-settings=\"{&quot;step_next_label&quot;:&quot;Next&quot;,&quot;step_previous_label&quot;:&quot;Previous&quot;,&quot;button_width&quot;:&quot;100&quot;,&quot;step_type&quot;:&quot;number_text&quot;,&quot;step_icon_shape&quot;:&quot;circle&quot;}\" data-widget_type=\"form.default\">\n\t\t\t\t<div class=\"elementor-widget-container\">\n\t\t\t\t\t<form class=\"elementor-form\" method=\"post\" name=\"Web Site \u0130leti\u015fim Formu\">\n\t\t\t<input type=\"hidden\" name=\"post_id\" value=\"148\"\/>\n\t\t\t<input type=\"hidden\" name=\"form_id\" value=\"054a932\"\/>\n\t\t\t<input type=\"hidden\" name=\"referer_title\" value=\"\u0130leti\u015fim - Geta Marin Elektrik\" \/>\n\n\t\t\t\t\t\t\t<input type=\"hidden\" name=\"queried_id\" value=\"148\"\/>\n\t\t\t\n\t\t\t<div class=\"elementor-form-fields-wrapper elementor-labels-above\">\n\t\t\t\t\t\t\t\t<div class=\"elementor-field-type-text elementor-field-group elementor-column elementor-field-group-name elementor-col-50 elementor-field-required\">\n\t\t\t\t\t\t\t\t\t\t\t\t\t<input size=\"1\" type=\"text\" name=\"form_fields[name]\" id=\"form-field-name\" class=\"elementor-field elementor-size-sm  elementor-field-textual\" placeholder=\"Name Surname *\" required=\"required\" aria-required=\"true\">\n\t\t\t\t\t\t\t\t\t\t\t<\/div>\n\t\t\t\t\t\t\t\t<div class=\"elementor-field-type-text elementor-field-group elementor-column elementor-field-group-field_bf27dd0 elementor-col-50\">\n\t\t\t\t\t\t\t\t\t\t\t\t\t<input size=\"1\" type=\"text\" name=\"form_fields[field_bf27dd0]\" id=\"form-field-field_bf27dd0\" class=\"elementor-field elementor-size-sm  elementor-field-textual\" placeholder=\"Company Name\">\n\t\t\t\t\t\t\t\t\t\t\t<\/div>\n\t\t\t\t\t\t\t\t<div class=\"elementor-field-type-tel elementor-field-group elementor-column elementor-field-group-field_20d4737 elementor-col-50 elementor-field-required\">\n\t\t\t\t\t\t\t<input size=\"1\" type=\"tel\" name=\"form_fields[field_20d4737]\" id=\"form-field-field_20d4737\" class=\"elementor-field elementor-size-sm  elementor-field-textual\" placeholder=\"Telephone Number *\" required=\"required\" aria-required=\"true\" pattern=\"[0-9()#&amp;+*-=.]+\" title=\"Only numbers and phone characters (#, -, *, etc) are accepted.\" data-no-translation-title=\"\">\n\n\t\t\t\t\t\t<\/div>\n\t\t\t\t\t\t\t\t<div class=\"elementor-field-type-email elementor-field-group elementor-column elementor-field-group-field_74f4e7d elementor-col-50\">\n\t\t\t\t\t\t\t\t\t\t\t\t\t<input size=\"1\" type=\"email\" name=\"form_fields[field_74f4e7d]\" id=\"form-field-field_74f4e7d\" class=\"elementor-field elementor-size-sm  elementor-field-textual\" placeholder=\"E-Mail Address\">\n\t\t\t\t\t\t\t\t\t\t\t<\/div>\n\t\t\t\t\t\t\t\t<div class=\"elementor-field-type-textarea elementor-field-group elementor-column elementor-field-group-message elementor-col-100 elementor-field-required\">\n\t\t\t\t\t<textarea class=\"elementor-field-textual elementor-field  elementor-size-sm\" name=\"form_fields[message]\" id=\"form-field-message\" rows=\"6\" placeholder=\"Your Message *\" required=\"required\" aria-required=\"true\"><\/textarea>\t\t\t\t<\/div>\n\t\t\t\t\t\t\t\t<div class=\"elementor-field-type-acceptance elementor-field-group elementor-column elementor-field-group-field_a4fb5bd elementor-col-100\">\n\t\t\t\t\t\t\t<div class=\"elementor-field-subgroup\">\n\t\t\t<span class=\"elementor-field-option\">\n\t\t\t\t<input type=\"checkbox\" name=\"form_fields[field_a4fb5bd]\" id=\"form-field-field_a4fb5bd\" class=\"elementor-field elementor-size-sm  elementor-acceptance-field\">\n\t\t\t\t<label for=\"form-field-field_a4fb5bd\"><span style=\"font-size:14px;\"><a href=\"\/en\/kvkk\/\" target=\"_blank\" style=\"color:#000; font-weight:bold; text-decoration:underline;\">KVKK<\/a> I have read the text and I approve it.<\/span><\/label>\t\t\t<\/span>\n\t\t<\/div>\n\t\t\t\t\t\t<\/div>\n\t\t\t\t\t\t\t\t<div class=\"elementor-field-type-acceptance elementor-field-group elementor-column elementor-field-group-field_878a217 elementor-col-100\">\n\t\t\t\t\t\t\t<div class=\"elementor-field-subgroup\">\n\t\t\t<span class=\"elementor-field-option\">\n\t\t\t\t<input type=\"checkbox\" name=\"form_fields[field_878a217]\" id=\"form-field-field_878a217\" class=\"elementor-field elementor-size-sm  elementor-acceptance-field\">\n\t\t\t\t<label for=\"form-field-field_878a217\">I approve of being contacted regarding my request through the communication channels I have shared.<\/label>\t\t\t<\/span>\n\t\t<\/div>\n\t\t\t\t\t\t<\/div>\n\t\t\t\t\t\t\t\t<div class=\"elementor-field-type-recaptcha elementor-field-group elementor-column elementor-field-group-field_d6ac92d elementor-col-100\">\n\t\t\t\t\t<div class=\"elementor-field\" id=\"form-field-field_d6ac92d\"><div class=\"elementor-g-recaptcha\" data-sitekey=\"6LfVookqAAAAAMvggvDtDMlFLDghMQmfjGQzMs8G\" data-type=\"v2_checkbox\" data-theme=\"light\" data-size=\"normal\"><\/div><\/div>\t\t\t\t<\/div>\n\t\t\t\t\t\t\t\t<div class=\"elementor-field-group elementor-column elementor-field-type-submit elementor-col-100 e-form__buttons\">\n\t\t\t\t\t<button class=\"elementor-button elementor-size-xs\" type=\"submit\">\n\t\t\t\t\t\t<span class=\"elementor-button-content-wrapper\">\n\t\t\t\t\t\t\t\t\t\t\t\t\t\t\t<span class=\"elementor-button-icon\">\n\t\t\t\t\t\t\t\t\t<svg aria-hidden=\"true\" class=\"e-font-icon-svg e-fas-arrow-right\" viewbox=\"0 0 448 512\" xmlns=\"http:\/\/www.w3.org\/2000\/svg\"><path d=\"M190.5 66.9l22.2-22.2c9.4-9.4 24.6-9.4 33.9 0L441 239c9.4 9.4 9.4 24.6 0 33.9L246.6 467.3c-9.4 9.4-24.6 9.4-33.9 0l-22.2-22.2c-9.5-9.5-9.3-25 .4-34.3L311.4 296H24c-13.3 0-24-10.7-24-24v-32c0-13.3 10.7-24 24-24h287.4L190.9 101.2c-9.8-9.3-10-24.8-.4-34.3z\"><\/path><\/svg>\t\t\t\t\t\t\t\t\t\t\t\t\t\t\t\t\t<\/span>\n\t\t\t\t\t\t\t\t\t\t\t\t\t\t\t\t\t\t\t\t\t\t<span class=\"elementor-button-text\">Submit<\/span>\n\t\t\t\t\t\t\t\t\t\t\t\t\t<\/span>\n\t\t\t\t\t<\/button>\n\t\t\t\t<\/div>\n\t\t\t<\/div>\n\t\t<input type=\"hidden\" name=\"trp-form-language\" value=\"en\"\/><\/form>\n\t\t\t\t<\/div>\n\t\t\t\t<\/div>\n\t\t\t\t\t<\/div>\n\t\t<\/div>\n\t\t\t\t\t<\/div>\n\t\t<\/section>\n\t\t\t\t<\/div>","protected":false},"excerpt":{"rendered":"<p>ADRES Ayd\u0131ntepe Mah. Selin Sk. No:8 Tuzla, \u0130stanbul, T\u00fcrkiye E-POSTA info@getamarinelektrik.com.tr TELEFON +90 (850) 460 43 82 +90 (216) 493 83 90 Bilgi Al<\/p>","protected":false},"author":1,"featured_media":0,"parent":0,"menu_order":0,"comment_status":"closed","ping_status":"closed","template":"elementor_header_footer","meta":{"footnotes":""},"class_list":["post-148","page","type-page","status-publish","hentry"],"acf":[],"yoast_head":"<!-- This site is optimized with the Yoast SEO plugin v23.9 - https:\/\/yoast.com\/wordpress\/plugins\/seo\/ -->\n<title>\u0130leti\u015fim - Geta Marin Elektrik<\/title>\n<meta name=\"description\" content=\"Bize ula\u015farak sorular\u0131n\u0131z\u0131 iletebilir, Geta Marin Elektrik\u2019in profesyonel hizmetleri ve \u00e7\u00f6z\u00fcmleri hakk\u0131nda h\u0131zl\u0131ca bilgi alabilirsiniz.\" \/>\n<meta name=\"robots\" content=\"index, follow, max-snippet:-1, max-image-preview:large, max-video-preview:-1\" \/>\n<link rel=\"canonical\" href=\"https:\/\/getamarinelektrik.com.tr\/en\/iletisim\/\" \/>\n<meta property=\"og:locale\" content=\"en_US\" \/>\n<meta property=\"og:type\" content=\"article\" \/>\n<meta property=\"og:title\" content=\"\u0130leti\u015fim - Geta Marin Elektrik\" \/>\n<meta property=\"og:description\" content=\"Bize ula\u015farak sorular\u0131n\u0131z\u0131 iletebilir, Geta Marin Elektrik\u2019in profesyonel hizmetleri ve \u00e7\u00f6z\u00fcmleri hakk\u0131nda h\u0131zl\u0131ca bilgi alabilirsiniz.\" \/>\n<meta property=\"og:url\" content=\"https:\/\/getamarinelektrik.com.tr\/en\/iletisim\/\" \/>\n<meta property=\"og:site_name\" content=\"Geta Marin Elektrik\" \/>\n<meta property=\"article:publisher\" content=\"https:\/\/www.facebook.com\/getamarinelektrik.com.tr\/\" \/>\n<meta property=\"article:modified_time\" content=\"2024-11-25T13:23:29+00:00\" \/>\n<meta name=\"twitter:card\" content=\"summary_large_image\" \/>\n<meta name=\"twitter:label1\" content=\"Est. reading time\" \/>\n\t<meta name=\"twitter:data1\" content=\"1 minute\" \/>\n<script type=\"application\/ld+json\" class=\"yoast-schema-graph\">{\"@context\":\"https:\/\/schema.org\",\"@graph\":[{\"@type\":\"WebPage\",\"@id\":\"https:\/\/getamarinelektrik.com.tr\/iletisim\/\",\"url\":\"https:\/\/getamarinelektrik.com.tr\/iletisim\/\",\"name\":\"\u0130leti\u015fim - Geta Marin Elektrik\",\"isPartOf\":{\"@id\":\"https:\/\/getamarinelektrik.com.tr\/#website\"},\"datePublished\":\"2024-11-21T09:31:51+00:00\",\"dateModified\":\"2024-11-25T13:23:29+00:00\",\"description\":\"Bize ula\u015farak sorular\u0131n\u0131z\u0131 iletebilir, Geta Marin Elektrik\u2019in profesyonel hizmetleri ve \u00e7\u00f6z\u00fcmleri hakk\u0131nda h\u0131zl\u0131ca bilgi alabilirsiniz.\",\"breadcrumb\":{\"@id\":\"https:\/\/getamarinelektrik.com.tr\/iletisim\/#breadcrumb\"},\"inLanguage\":\"en-US\",\"potentialAction\":[{\"@type\":\"ReadAction\",\"target\":[\"https:\/\/getamarinelektrik.com.tr\/iletisim\/\"]}]},{\"@type\":\"BreadcrumbList\",\"@id\":\"https:\/\/getamarinelektrik.com.tr\/iletisim\/#breadcrumb\",\"itemListElement\":[{\"@type\":\"ListItem\",\"position\":1,\"name\":\"Anasayfa\",\"item\":\"https:\/\/getamarinelektrik.com.tr\/\"},{\"@type\":\"ListItem\",\"position\":2,\"name\":\"\u0130leti\u015fim\"}]},{\"@type\":\"WebSite\",\"@id\":\"https:\/\/getamarinelektrik.com.tr\/#website\",\"url\":\"https:\/\/getamarinelektrik.com.tr\/\",\"name\":\"Geta Marin Elektrik\",\"description\":\"Marin Sekt&ouml;r&uuml;nde T&uuml;m &Ccedil;&ouml;z&uuml;mler\",\"publisher\":{\"@id\":\"https:\/\/getamarinelektrik.com.tr\/#organization\"},\"potentialAction\":[{\"@type\":\"SearchAction\",\"target\":{\"@type\":\"EntryPoint\",\"urlTemplate\":\"https:\/\/getamarinelektrik.com.tr\/?s={search_term_string}\"},\"query-input\":{\"@type\":\"PropertyValueSpecification\",\"valueRequired\":true,\"valueName\":\"search_term_string\"}}],\"inLanguage\":\"en-US\"},{\"@type\":\"Organization\",\"@id\":\"https:\/\/getamarinelektrik.com.tr\/#organization\",\"name\":\"Geta Marin Elektrik\",\"url\":\"https:\/\/getamarinelektrik.com.tr\/\",\"logo\":{\"@type\":\"ImageObject\",\"inLanguage\":\"en-US\",\"@id\":\"https:\/\/getamarinelektrik.com.tr\/#\/schema\/logo\/image\/\",\"url\":\"https:\/\/getamarinelektrik.com.tr\/wp-content\/uploads\/2024\/11\/logo_black.png\",\"contentUrl\":\"https:\/\/getamarinelektrik.com.tr\/wp-content\/uploads\/2024\/11\/logo_black.png\",\"width\":308,\"height\":95,\"caption\":\"Geta Marin Elektrik\"},\"image\":{\"@id\":\"https:\/\/getamarinelektrik.com.tr\/#\/schema\/logo\/image\/\"},\"sameAs\":[\"https:\/\/www.facebook.com\/getamarinelektrik.com.tr\/\",\"https:\/\/www.instagram.com\/geta.marinelektrik\/\"]}]}<\/script>\n<!-- \/ Yoast SEO plugin. -->","yoast_head_json":{"title":"\u0130leti\u015fim - Geta Marin Elektrik","description":"Bize ula\u015farak sorular\u0131n\u0131z\u0131 iletebilir, Geta Marin Elektrik\u2019in profesyonel hizmetleri ve \u00e7\u00f6z\u00fcmleri hakk\u0131nda h\u0131zl\u0131ca bilgi alabilirsiniz.","robots":{"index":"index","follow":"follow","max-snippet":"max-snippet:-1","max-image-preview":"max-image-preview:large","max-video-preview":"max-video-preview:-1"},"canonical":"https:\/\/getamarinelektrik.com.tr\/en\/iletisim\/","og_locale":"en_US","og_type":"article","og_title":"\u0130leti\u015fim - Geta Marin Elektrik","og_description":"Bize ula\u015farak sorular\u0131n\u0131z\u0131 iletebilir, Geta Marin Elektrik\u2019in profesyonel hizmetleri ve \u00e7\u00f6z\u00fcmleri hakk\u0131nda h\u0131zl\u0131ca bilgi alabilirsiniz.","og_url":"https:\/\/getamarinelektrik.com.tr\/en\/iletisim\/","og_site_name":"Geta Marin Elektrik","article_publisher":"https:\/\/www.facebook.com\/getamarinelektrik.com.tr\/","article_modified_time":"2024-11-25T13:23:29+00:00","twitter_card":"summary_large_image","twitter_misc":{"Est. reading time":"1 minute"},"schema":{"@context":"https:\/\/schema.org","@graph":[{"@type":"WebPage","@id":"https:\/\/getamarinelektrik.com.tr\/iletisim\/","url":"https:\/\/getamarinelektrik.com.tr\/iletisim\/","name":"\u0130leti\u015fim - Geta Marin Elektrik","isPartOf":{"@id":"https:\/\/getamarinelektrik.com.tr\/#website"},"datePublished":"2024-11-21T09:31:51+00:00","dateModified":"2024-11-25T13:23:29+00:00","description":"Bize ula\u015farak sorular\u0131n\u0131z\u0131 iletebilir, Geta Marin Elektrik\u2019in profesyonel hizmetleri ve \u00e7\u00f6z\u00fcmleri hakk\u0131nda h\u0131zl\u0131ca bilgi alabilirsiniz.","breadcrumb":{"@id":"https:\/\/getamarinelektrik.com.tr\/iletisim\/#breadcrumb"},"inLanguage":"en-US","potentialAction":[{"@type":"ReadAction","target":["https:\/\/getamarinelektrik.com.tr\/iletisim\/"]}]},{"@type":"BreadcrumbList","@id":"https:\/\/getamarinelektrik.com.tr\/iletisim\/#breadcrumb","itemListElement":[{"@type":"ListItem","position":1,"name":"Anasayfa","item":"https:\/\/getamarinelektrik.com.tr\/"},{"@type":"ListItem","position":2,"name":"\u0130leti\u015fim"}]},{"@type":"WebSite","@id":"https:\/\/getamarinelektrik.com.tr\/#website","url":"https:\/\/getamarinelektrik.com.tr\/","name":"Geta Marin Elektrik","description":"Marin Sekt&ouml;r&uuml;nde T&uuml;m &Ccedil;&ouml;z&uuml;mler","publisher":{"@id":"https:\/\/getamarinelektrik.com.tr\/#organization"},"potentialAction":[{"@type":"SearchAction","target":{"@type":"EntryPoint","urlTemplate":"https:\/\/getamarinelektrik.com.tr\/?s={search_term_string}"},"query-input":{"@type":"PropertyValueSpecification","valueRequired":true,"valueName":"search_term_string"}}],"inLanguage":"en-US"},{"@type":"Organization","@id":"https:\/\/getamarinelektrik.com.tr\/#organization","name":"Geta Marin Elektrik","url":"https:\/\/getamarinelektrik.com.tr\/","logo":{"@type":"ImageObject","inLanguage":"en-US","@id":"https:\/\/getamarinelektrik.com.tr\/#\/schema\/logo\/image\/","url":"https:\/\/getamarinelektrik.com.tr\/wp-content\/uploads\/2024\/11\/logo_black.png","contentUrl":"https:\/\/getamarinelektrik.com.tr\/wp-content\/uploads\/2024\/11\/logo_black.png","width":308,"height":95,"caption":"Geta Marin Elektrik"},"image":{"@id":"https:\/\/getamarinelektrik.com.tr\/#\/schema\/logo\/image\/"},"sameAs":["https:\/\/www.facebook.com\/getamarinelektrik.com.tr\/","https:\/\/www.instagram.com\/geta.marinelektrik\/"]}]}},"_links":{"self":[{"href":"https:\/\/getamarinelektrik.com.tr\/en\/wp-json\/wp\/v2\/pages\/148","targetHints":{"allow":["GET"]}}],"collection":[{"href":"https:\/\/getamarinelektrik.com.tr\/en\/wp-json\/wp\/v2\/pages"}],"about":[{"href":"https:\/\/getamarinelektrik.com.tr\/en\/wp-json\/wp\/v2\/types\/page"}],"author":[{"embeddable":true,"href":"https:\/\/getamarinelektrik.com.tr\/en\/wp-json\/wp\/v2\/users\/1"}],"replies":[{"embeddable":true,"href":"https:\/\/getamarinelektrik.com.tr\/en\/wp-json\/wp\/v2\/comments?post=148"}],"version-history":[{"count":56,"href":"https:\/\/getamarinelektrik.com.tr\/en\/wp-json\/wp\/v2\/pages\/148\/revisions"}],"predecessor-version":[{"id":726,"href":"https:\/\/getamarinelektrik.com.tr\/en\/wp-json\/wp\/v2\/pages\/148\/revisions\/726"}],"wp:attachment":[{"href":"https:\/\/getamarinelektrik.com.tr\/en\/wp-json\/wp\/v2\/media?parent=148"}],"curies":[{"name":"wp","href":"https:\/\/api.w.org\/{rel}","templated":true}]}}