{"id":353,"date":"2024-11-23T10:55:22","date_gmt":"2024-11-23T07:55:22","guid":{"rendered":"https:\/\/getamarinelektrik.com.tr\/?page_id=353"},"modified":"2024-11-23T10:59:07","modified_gmt":"2024-11-23T07:59:07","slug":"cevre-politikasi","status":"publish","type":"page","link":"https:\/\/getamarinelektrik.com.tr\/en\/corporate\/environmental-politics\/","title":{"rendered":"Environmental Policy"},"content":{"rendered":"<div data-elementor-type=\"wp-page\" data-elementor-id=\"353\" class=\"elementor elementor-353\" data-elementor-post-type=\"page\">\n\t\t\t\t\t\t<section class=\"elementor-section elementor-top-section elementor-element elementor-element-8465c46 elementor-reverse-mobile elementor-section-boxed elementor-section-height-default elementor-section-height-default\" data-id=\"8465c46\" data-element_type=\"section\">\n\t\t\t\t\t\t<div class=\"elementor-container elementor-column-gap-default\">\n\t\t\t\t\t<div class=\"elementor-column elementor-col-50 elementor-top-column elementor-element elementor-element-6e47d7d elementor-hidden-mobile\" data-id=\"6e47d7d\" data-element_type=\"column\">\n\t\t\t<div class=\"elementor-widget-wrap elementor-element-populated\">\n\t\t\t\t\t\t<div class=\"elementor-element elementor-element-a3a5369 elementor-nav-menu--dropdown-none elementor-widget elementor-widget-nav-menu\" data-id=\"a3a5369\" data-element_type=\"widget\" data-settings=\"{&quot;layout&quot;:&quot;vertical&quot;,&quot;submenu_icon&quot;:{&quot;value&quot;:&quot;&lt;svg class=\\&quot;e-font-icon-svg e-fas-caret-down\\&quot; viewBox=\\&quot;0 0 320 512\\&quot; xmlns=\\&quot;http:\\\/\\\/www.w3.org\\\/2000\\\/svg\\&quot;&gt;&lt;path d=\\&quot;M31.3 192h257.3c17.8 0 26.7 21.5 14.1 34.1L174.1 354.8c-7.8 7.8-20.5 7.8-28.3 0L17.2 226.1C4.6 213.5 13.5 192 31.3 192z\\&quot;&gt;&lt;\\\/path&gt;&lt;\\\/svg&gt;&quot;,&quot;library&quot;:&quot;fa-solid&quot;}}\" data-widget_type=\"nav-menu.default\">\n\t\t\t\t<div class=\"elementor-widget-container\">\n\t\t\t\t\t\t<nav aria-label=\"Menu\" class=\"elementor-nav-menu--main elementor-nav-menu__container elementor-nav-menu--layout-vertical e--pointer-background e--animation-fade\">\n\t\t\t\t<ul id=\"menu-1-a3a5369\" class=\"elementor-nav-menu sm-vertical\"><li class=\"menu-item menu-item-type-post_type menu-item-object-page menu-item-376\"><a href=\"https:\/\/getamarinelektrik.com.tr\/en\/corporate\/about-gme\/\" class=\"elementor-item\">About GME<\/a><\/li>\n<li class=\"menu-item menu-item-type-post_type menu-item-object-page menu-item-405\"><a href=\"https:\/\/getamarinelektrik.com.tr\/en\/corporate\/quality\/\" class=\"elementor-item\">Quality<\/a><\/li>\n<li class=\"menu-item menu-item-type-post_type menu-item-object-page menu-item-377\"><a href=\"https:\/\/getamarinelektrik.com.tr\/en\/corporate\/human-resources\/\" class=\"elementor-item\">Human Resources<\/a><\/li>\n<li class=\"menu-item menu-item-type-post_type menu-item-object-page menu-item-375\"><a href=\"https:\/\/getamarinelektrik.com.tr\/en\/corporate\/environmental-politics\/\" class=\"elementor-item\">Environmental Policy<\/a><\/li>\n<li class=\"menu-item menu-item-type-post_type menu-item-object-page menu-item-378\"><a href=\"https:\/\/getamarinelektrik.com.tr\/en\/corporate\/ohs-policy\/\" class=\"elementor-item\">OHS Policy<\/a><\/li>\n<li class=\"menu-item menu-item-type-post_type menu-item-object-page menu-item-379\"><a href=\"https:\/\/getamarinelektrik.com.tr\/en\/corporate\/quality-policy\/\" class=\"elementor-item\">Quality Policy<\/a><\/li>\n<\/ul>\t\t\t<\/nav>\n\t\t\t\t\t\t<nav class=\"elementor-nav-menu--dropdown elementor-nav-menu__container\" aria-hidden=\"true\">\n\t\t\t\t<ul id=\"menu-2-a3a5369\" class=\"elementor-nav-menu sm-vertical\"><li class=\"menu-item menu-item-type-post_type menu-item-object-page menu-item-376\"><a href=\"https:\/\/getamarinelektrik.com.tr\/en\/corporate\/about-gme\/\" class=\"elementor-item\" tabindex=\"-1\">About GME<\/a><\/li>\n<li class=\"menu-item menu-item-type-post_type menu-item-object-page menu-item-405\"><a href=\"https:\/\/getamarinelektrik.com.tr\/en\/corporate\/quality\/\" class=\"elementor-item\" tabindex=\"-1\">Quality<\/a><\/li>\n<li class=\"menu-item menu-item-type-post_type menu-item-object-page menu-item-377\"><a href=\"https:\/\/getamarinelektrik.com.tr\/en\/corporate\/human-resources\/\" class=\"elementor-item\" tabindex=\"-1\">Human Resources<\/a><\/li>\n<li class=\"menu-item menu-item-type-post_type menu-item-object-page menu-item-375\"><a href=\"https:\/\/getamarinelektrik.com.tr\/en\/corporate\/environmental-politics\/\" class=\"elementor-item\" tabindex=\"-1\">Environmental Policy<\/a><\/li>\n<li class=\"menu-item menu-item-type-post_type menu-item-object-page menu-item-378\"><a href=\"https:\/\/getamarinelektrik.com.tr\/en\/corporate\/ohs-policy\/\" class=\"elementor-item\" tabindex=\"-1\">OHS Policy<\/a><\/li>\n<li class=\"menu-item menu-item-type-post_type menu-item-object-page menu-item-379\"><a href=\"https:\/\/getamarinelektrik.com.tr\/en\/corporate\/quality-policy\/\" class=\"elementor-item\" tabindex=\"-1\">Quality Policy<\/a><\/li>\n<\/ul>\t\t\t<\/nav>\n\t\t\t\t<\/div>\n\t\t\t\t<\/div>\n\t\t\t\t\t<\/div>\n\t\t<\/div>\n\t\t\t\t<div class=\"elementor-column elementor-col-50 elementor-top-column elementor-element elementor-element-9286a19\" data-id=\"9286a19\" data-element_type=\"column\">\n\t\t\t<div class=\"elementor-widget-wrap elementor-element-populated\">\n\t\t\t\t\t\t<div class=\"elementor-element elementor-element-e11e793 elementor-widget elementor-widget-text-editor\" data-id=\"e11e793\" data-element_type=\"widget\" data-widget_type=\"text-editor.default\">\n\t\t\t\t<div class=\"elementor-widget-container\">\n\t\t\t\t\t\t\t<p class=\" translation-block\">As <strong>GETA MAR\u0130N ELEKTR\u0130K<\/strong>, We undertake to implement the following policies by considering the value of \u201cUsing Resources Effectively and Efficiently;<\/p><ul><li>Reduce resource usage by carefully following our waste management processes in order to protect the environment,<\/li><li>Protect limited natural assets,<\/li><li>Leave a cleaner and more livable environment for future generations,<\/li><li>Use our energy efficiently and reduce consumption,<\/li><li>Take precautions to prevent accidents that may cause environmental damage,<\/li><li>Reduce the environmental damage of all products we use from the supply to transfer process,<\/li><li>Implement Clean Environment awareness and transfer it to our employees.<\/li><\/ul><p>We undertake.<\/p>\t\t\t\t\t\t<\/div>\n\t\t\t\t<\/div>\n\t\t\t\t\t<\/div>\n\t\t<\/div>\n\t\t\t\t\t<\/div>\n\t\t<\/section>\n\t\t\t\t<\/div>","protected":false},"excerpt":{"rendered":"<p>GETA MAR\u0130N ELEKTR\u0130K olarak \u201cKaynaklar\u0131 Etkin ve Verimli Kullanmak\u201d de\u011ferini g\u00f6z \u00f6n\u00fcnde bulundurarak; \u00c7evreyi koruma amac\u0131yla at\u0131k y\u00f6netim s\u00fcre\u00e7lerimizi dikkatle takip ederek kaynak kullan\u0131m\u0131n\u0131 azaltmay\u0131, S\u0131n\u0131rl\u0131 olan do\u011fal varl\u0131klar\u0131 korumay\u0131, Gelecek nesillere daha temiz ve ya\u015fanabilir bir \u00e7evre b\u0131rakmay\u0131, Enerjimizi verimli kullanmay\u0131 ve t\u00fcketimi azaltmay\u0131, \u00c7evresel zarar olu\u015fturabilecek kazalar\u0131 engellemek i\u00e7in \u00f6nlem alaca\u011f\u0131m\u0131z\u0131, Tedarikten transfer [&hellip;]<\/p>","protected":false},"author":1,"featured_media":0,"parent":219,"menu_order":0,"comment_status":"closed","ping_status":"closed","template":"elementor_header_footer","meta":{"footnotes":""},"class_list":["post-353","page","type-page","status-publish","hentry"],"acf":[],"yoast_head":"<!-- This site is optimized with the Yoast SEO plugin v23.9 - https:\/\/yoast.com\/wordpress\/plugins\/seo\/ -->\n<title>\u00c7evre Politikas\u0131 - Geta Marin Elektrik<\/title>\n<meta name=\"robots\" content=\"index, follow, max-snippet:-1, max-image-preview:large, max-video-preview:-1\" \/>\n<link rel=\"canonical\" href=\"https:\/\/getamarinelektrik.com.tr\/en\/kurumsal\/cevre-politikasi\/\" \/>\n<meta property=\"og:locale\" content=\"en_US\" \/>\n<meta property=\"og:type\" content=\"article\" \/>\n<meta property=\"og:title\" content=\"\u00c7evre Politikas\u0131 - Geta Marin Elektrik\" \/>\n<meta property=\"og:description\" content=\"GETA MAR\u0130N ELEKTR\u0130K olarak \u201cKaynaklar\u0131 Etkin ve Verimli Kullanmak\u201d de\u011ferini g\u00f6z \u00f6n\u00fcnde bulundurarak; \u00c7evreyi koruma amac\u0131yla at\u0131k y\u00f6netim s\u00fcre\u00e7lerimizi dikkatle takip ederek kaynak kullan\u0131m\u0131n\u0131 azaltmay\u0131, S\u0131n\u0131rl\u0131 olan do\u011fal varl\u0131klar\u0131 korumay\u0131, Gelecek nesillere daha temiz ve ya\u015fanabilir bir \u00e7evre b\u0131rakmay\u0131, Enerjimizi verimli kullanmay\u0131 ve t\u00fcketimi azaltmay\u0131, \u00c7evresel zarar olu\u015fturabilecek kazalar\u0131 engellemek i\u00e7in \u00f6nlem alaca\u011f\u0131m\u0131z\u0131, Tedarikten transfer [&hellip;]\" \/>\n<meta property=\"og:url\" content=\"https:\/\/getamarinelektrik.com.tr\/en\/kurumsal\/cevre-politikasi\/\" \/>\n<meta property=\"og:site_name\" content=\"Geta Marin Elektrik\" \/>\n<meta property=\"article:publisher\" content=\"https:\/\/www.facebook.com\/getamarinelektrik.com.tr\/\" \/>\n<meta property=\"article:modified_time\" content=\"2024-11-23T07:59:07+00:00\" \/>\n<meta name=\"twitter:card\" content=\"summary_large_image\" \/>\n<meta name=\"twitter:label1\" content=\"Est. reading time\" \/>\n\t<meta name=\"twitter:data1\" content=\"1 minute\" \/>\n<script type=\"application\/ld+json\" class=\"yoast-schema-graph\">{\"@context\":\"https:\/\/schema.org\",\"@graph\":[{\"@type\":\"WebPage\",\"@id\":\"https:\/\/getamarinelektrik.com.tr\/kurumsal\/cevre-politikasi\/\",\"url\":\"https:\/\/getamarinelektrik.com.tr\/kurumsal\/cevre-politikasi\/\",\"name\":\"\u00c7evre Politikas\u0131 - Geta Marin Elektrik\",\"isPartOf\":{\"@id\":\"https:\/\/getamarinelektrik.com.tr\/#website\"},\"datePublished\":\"2024-11-23T07:55:22+00:00\",\"dateModified\":\"2024-11-23T07:59:07+00:00\",\"breadcrumb\":{\"@id\":\"https:\/\/getamarinelektrik.com.tr\/kurumsal\/cevre-politikasi\/#breadcrumb\"},\"inLanguage\":\"en-US\",\"potentialAction\":[{\"@type\":\"ReadAction\",\"target\":[\"https:\/\/getamarinelektrik.com.tr\/kurumsal\/cevre-politikasi\/\"]}]},{\"@type\":\"BreadcrumbList\",\"@id\":\"https:\/\/getamarinelektrik.com.tr\/kurumsal\/cevre-politikasi\/#breadcrumb\",\"itemListElement\":[{\"@type\":\"ListItem\",\"position\":1,\"name\":\"Anasayfa\",\"item\":\"https:\/\/getamarinelektrik.com.tr\/\"},{\"@type\":\"ListItem\",\"position\":2,\"name\":\"Kurumsal\",\"item\":\"https:\/\/getamarinelektrik.com.tr\/kurumsal\/\"},{\"@type\":\"ListItem\",\"position\":3,\"name\":\"\u00c7evre Politikas\u0131\"}]},{\"@type\":\"WebSite\",\"@id\":\"https:\/\/getamarinelektrik.com.tr\/#website\",\"url\":\"https:\/\/getamarinelektrik.com.tr\/\",\"name\":\"Geta Marin Elektrik\",\"description\":\"Marin Sekt&ouml;r&uuml;nde T&uuml;m &Ccedil;&ouml;z&uuml;mler\",\"publisher\":{\"@id\":\"https:\/\/getamarinelektrik.com.tr\/#organization\"},\"potentialAction\":[{\"@type\":\"SearchAction\",\"target\":{\"@type\":\"EntryPoint\",\"urlTemplate\":\"https:\/\/getamarinelektrik.com.tr\/?s={search_term_string}\"},\"query-input\":{\"@type\":\"PropertyValueSpecification\",\"valueRequired\":true,\"valueName\":\"search_term_string\"}}],\"inLanguage\":\"en-US\"},{\"@type\":\"Organization\",\"@id\":\"https:\/\/getamarinelektrik.com.tr\/#organization\",\"name\":\"Geta Marin Elektrik\",\"url\":\"https:\/\/getamarinelektrik.com.tr\/\",\"logo\":{\"@type\":\"ImageObject\",\"inLanguage\":\"en-US\",\"@id\":\"https:\/\/getamarinelektrik.com.tr\/#\/schema\/logo\/image\/\",\"url\":\"https:\/\/getamarinelektrik.com.tr\/wp-content\/uploads\/2024\/11\/logo_black.png\",\"contentUrl\":\"https:\/\/getamarinelektrik.com.tr\/wp-content\/uploads\/2024\/11\/logo_black.png\",\"width\":308,\"height\":95,\"caption\":\"Geta Marin Elektrik\"},\"image\":{\"@id\":\"https:\/\/getamarinelektrik.com.tr\/#\/schema\/logo\/image\/\"},\"sameAs\":[\"https:\/\/www.facebook.com\/getamarinelektrik.com.tr\/\",\"https:\/\/www.instagram.com\/geta.marinelektrik\/\"]}]}<\/script>\n<!-- \/ Yoast SEO plugin. -->","yoast_head_json":{"title":"\u00c7evre Politikas\u0131 - Geta Marin Elektrik","robots":{"index":"index","follow":"follow","max-snippet":"max-snippet:-1","max-image-preview":"max-image-preview:large","max-video-preview":"max-video-preview:-1"},"canonical":"https:\/\/getamarinelektrik.com.tr\/en\/kurumsal\/cevre-politikasi\/","og_locale":"en_US","og_type":"article","og_title":"\u00c7evre Politikas\u0131 - Geta Marin Elektrik","og_description":"GETA MAR\u0130N ELEKTR\u0130K olarak \u201cKaynaklar\u0131 Etkin ve Verimli Kullanmak\u201d de\u011ferini g\u00f6z \u00f6n\u00fcnde bulundurarak; \u00c7evreyi koruma amac\u0131yla at\u0131k y\u00f6netim s\u00fcre\u00e7lerimizi dikkatle takip ederek kaynak kullan\u0131m\u0131n\u0131 azaltmay\u0131, S\u0131n\u0131rl\u0131 olan do\u011fal varl\u0131klar\u0131 korumay\u0131, Gelecek nesillere daha temiz ve ya\u015fanabilir bir \u00e7evre b\u0131rakmay\u0131, Enerjimizi verimli kullanmay\u0131 ve t\u00fcketimi azaltmay\u0131, \u00c7evresel zarar olu\u015fturabilecek kazalar\u0131 engellemek i\u00e7in \u00f6nlem alaca\u011f\u0131m\u0131z\u0131, Tedarikten transfer [&hellip;]","og_url":"https:\/\/getamarinelektrik.com.tr\/en\/kurumsal\/cevre-politikasi\/","og_site_name":"Geta Marin Elektrik","article_publisher":"https:\/\/www.facebook.com\/getamarinelektrik.com.tr\/","article_modified_time":"2024-11-23T07:59:07+00:00","twitter_card":"summary_large_image","twitter_misc":{"Est. reading time":"1 minute"},"schema":{"@context":"https:\/\/schema.org","@graph":[{"@type":"WebPage","@id":"https:\/\/getamarinelektrik.com.tr\/kurumsal\/cevre-politikasi\/","url":"https:\/\/getamarinelektrik.com.tr\/kurumsal\/cevre-politikasi\/","name":"\u00c7evre Politikas\u0131 - Geta Marin Elektrik","isPartOf":{"@id":"https:\/\/getamarinelektrik.com.tr\/#website"},"datePublished":"2024-11-23T07:55:22+00:00","dateModified":"2024-11-23T07:59:07+00:00","breadcrumb":{"@id":"https:\/\/getamarinelektrik.com.tr\/kurumsal\/cevre-politikasi\/#breadcrumb"},"inLanguage":"en-US","potentialAction":[{"@type":"ReadAction","target":["https:\/\/getamarinelektrik.com.tr\/kurumsal\/cevre-politikasi\/"]}]},{"@type":"BreadcrumbList","@id":"https:\/\/getamarinelektrik.com.tr\/kurumsal\/cevre-politikasi\/#breadcrumb","itemListElement":[{"@type":"ListItem","position":1,"name":"Anasayfa","item":"https:\/\/getamarinelektrik.com.tr\/"},{"@type":"ListItem","position":2,"name":"Kurumsal","item":"https:\/\/getamarinelektrik.com.tr\/kurumsal\/"},{"@type":"ListItem","position":3,"name":"\u00c7evre Politikas\u0131"}]},{"@type":"WebSite","@id":"https:\/\/getamarinelektrik.com.tr\/#website","url":"https:\/\/getamarinelektrik.com.tr\/","name":"Geta Marin Elektrik","description":"Marin Sekt&ouml;r&uuml;nde T&uuml;m &Ccedil;&ouml;z&uuml;mler","publisher":{"@id":"https:\/\/getamarinelektrik.com.tr\/#organization"},"potentialAction":[{"@type":"SearchAction","target":{"@type":"EntryPoint","urlTemplate":"https:\/\/getamarinelektrik.com.tr\/?s={search_term_string}"},"query-input":{"@type":"PropertyValueSpecification","valueRequired":true,"valueName":"search_term_string"}}],"inLanguage":"en-US"},{"@type":"Organization","@id":"https:\/\/getamarinelektrik.com.tr\/#organization","name":"Geta Marin Elektrik","url":"https:\/\/getamarinelektrik.com.tr\/","logo":{"@type":"ImageObject","inLanguage":"en-US","@id":"https:\/\/getamarinelektrik.com.tr\/#\/schema\/logo\/image\/","url":"https:\/\/getamarinelektrik.com.tr\/wp-content\/uploads\/2024\/11\/logo_black.png","contentUrl":"https:\/\/getamarinelektrik.com.tr\/wp-content\/uploads\/2024\/11\/logo_black.png","width":308,"height":95,"caption":"Geta Marin Elektrik"},"image":{"@id":"https:\/\/getamarinelektrik.com.tr\/#\/schema\/logo\/image\/"},"sameAs":["https:\/\/www.facebook.com\/getamarinelektrik.com.tr\/","https:\/\/www.instagram.com\/geta.marinelektrik\/"]}]}},"_links":{"self":[{"href":"https:\/\/getamarinelektrik.com.tr\/en\/wp-json\/wp\/v2\/pages\/353","targetHints":{"allow":["GET"]}}],"collection":[{"href":"https:\/\/getamarinelektrik.com.tr\/en\/wp-json\/wp\/v2\/pages"}],"about":[{"href":"https:\/\/getamarinelektrik.com.tr\/en\/wp-json\/wp\/v2\/types\/page"}],"author":[{"embeddable":true,"href":"https:\/\/getamarinelektrik.com.tr\/en\/wp-json\/wp\/v2\/users\/1"}],"replies":[{"embeddable":true,"href":"https:\/\/getamarinelektrik.com.tr\/en\/wp-json\/wp\/v2\/comments?post=353"}],"version-history":[{"count":7,"href":"https:\/\/getamarinelektrik.com.tr\/en\/wp-json\/wp\/v2\/pages\/353\/revisions"}],"predecessor-version":[{"id":360,"href":"https:\/\/getamarinelektrik.com.tr\/en\/wp-json\/wp\/v2\/pages\/353\/revisions\/360"}],"up":[{"embeddable":true,"href":"https:\/\/getamarinelektrik.com.tr\/en\/wp-json\/wp\/v2\/pages\/219"}],"wp:attachment":[{"href":"https:\/\/getamarinelektrik.com.tr\/en\/wp-json\/wp\/v2\/media?parent=353"}],"curies":[{"name":"wp","href":"https:\/\/api.w.org\/{rel}","templated":true}]}}