{"id":364,"date":"2024-11-23T10:57:43","date_gmt":"2024-11-23T07:57:43","guid":{"rendered":"https:\/\/getamarinelektrik.com.tr\/?page_id=364"},"modified":"2024-11-23T10:59:11","modified_gmt":"2024-11-23T07:59:11","slug":"isg-politikasi","status":"publish","type":"page","link":"https:\/\/getamarinelektrik.com.tr\/en\/corporate\/ohs-policy\/","title":{"rendered":"OHS Policy"},"content":{"rendered":"<div data-elementor-type=\"wp-page\" data-elementor-id=\"364\" class=\"elementor elementor-364\" data-elementor-post-type=\"page\">\n\t\t\t\t\t\t<section class=\"elementor-section elementor-top-section elementor-element elementor-element-b999cb0 elementor-reverse-mobile elementor-section-boxed elementor-section-height-default elementor-section-height-default\" data-id=\"b999cb0\" data-element_type=\"section\">\n\t\t\t\t\t\t<div class=\"elementor-container elementor-column-gap-default\">\n\t\t\t\t\t<div class=\"elementor-column elementor-col-50 elementor-top-column elementor-element elementor-element-0b7a2c6 elementor-hidden-mobile\" data-id=\"0b7a2c6\" data-element_type=\"column\">\n\t\t\t<div class=\"elementor-widget-wrap elementor-element-populated\">\n\t\t\t\t\t\t<div class=\"elementor-element elementor-element-6b2c09b elementor-nav-menu--dropdown-none elementor-widget elementor-widget-nav-menu\" data-id=\"6b2c09b\" data-element_type=\"widget\" data-settings=\"{&quot;layout&quot;:&quot;vertical&quot;,&quot;submenu_icon&quot;:{&quot;value&quot;:&quot;&lt;svg class=\\&quot;e-font-icon-svg e-fas-caret-down\\&quot; viewBox=\\&quot;0 0 320 512\\&quot; xmlns=\\&quot;http:\\\/\\\/www.w3.org\\\/2000\\\/svg\\&quot;&gt;&lt;path d=\\&quot;M31.3 192h257.3c17.8 0 26.7 21.5 14.1 34.1L174.1 354.8c-7.8 7.8-20.5 7.8-28.3 0L17.2 226.1C4.6 213.5 13.5 192 31.3 192z\\&quot;&gt;&lt;\\\/path&gt;&lt;\\\/svg&gt;&quot;,&quot;library&quot;:&quot;fa-solid&quot;}}\" data-widget_type=\"nav-menu.default\">\n\t\t\t\t<div class=\"elementor-widget-container\">\n\t\t\t\t\t\t<nav aria-label=\"Menu\" class=\"elementor-nav-menu--main elementor-nav-menu__container elementor-nav-menu--layout-vertical e--pointer-background e--animation-fade\">\n\t\t\t\t<ul id=\"menu-1-6b2c09b\" class=\"elementor-nav-menu sm-vertical\"><li class=\"menu-item menu-item-type-post_type menu-item-object-page menu-item-376\"><a href=\"https:\/\/getamarinelektrik.com.tr\/en\/corporate\/about-gme\/\" class=\"elementor-item\">About GME<\/a><\/li>\n<li class=\"menu-item menu-item-type-post_type menu-item-object-page menu-item-405\"><a href=\"https:\/\/getamarinelektrik.com.tr\/en\/corporate\/quality\/\" class=\"elementor-item\">Quality<\/a><\/li>\n<li class=\"menu-item menu-item-type-post_type menu-item-object-page menu-item-377\"><a href=\"https:\/\/getamarinelektrik.com.tr\/en\/corporate\/human-resources\/\" class=\"elementor-item\">Human Resources<\/a><\/li>\n<li class=\"menu-item menu-item-type-post_type menu-item-object-page menu-item-375\"><a href=\"https:\/\/getamarinelektrik.com.tr\/en\/corporate\/environmental-politics\/\" class=\"elementor-item\">Environmental Policy<\/a><\/li>\n<li class=\"menu-item menu-item-type-post_type menu-item-object-page menu-item-378\"><a href=\"https:\/\/getamarinelektrik.com.tr\/en\/corporate\/ohs-policy\/\" class=\"elementor-item\">OHS Policy<\/a><\/li>\n<li class=\"menu-item menu-item-type-post_type menu-item-object-page menu-item-379\"><a href=\"https:\/\/getamarinelektrik.com.tr\/en\/corporate\/quality-policy\/\" class=\"elementor-item\">Quality Policy<\/a><\/li>\n<\/ul>\t\t\t<\/nav>\n\t\t\t\t\t\t<nav class=\"elementor-nav-menu--dropdown elementor-nav-menu__container\" aria-hidden=\"true\">\n\t\t\t\t<ul id=\"menu-2-6b2c09b\" class=\"elementor-nav-menu sm-vertical\"><li class=\"menu-item menu-item-type-post_type menu-item-object-page menu-item-376\"><a href=\"https:\/\/getamarinelektrik.com.tr\/en\/corporate\/about-gme\/\" class=\"elementor-item\" tabindex=\"-1\">About GME<\/a><\/li>\n<li class=\"menu-item menu-item-type-post_type menu-item-object-page menu-item-405\"><a href=\"https:\/\/getamarinelektrik.com.tr\/en\/corporate\/quality\/\" class=\"elementor-item\" tabindex=\"-1\">Quality<\/a><\/li>\n<li class=\"menu-item menu-item-type-post_type menu-item-object-page menu-item-377\"><a href=\"https:\/\/getamarinelektrik.com.tr\/en\/corporate\/human-resources\/\" class=\"elementor-item\" tabindex=\"-1\">Human Resources<\/a><\/li>\n<li class=\"menu-item menu-item-type-post_type menu-item-object-page menu-item-375\"><a href=\"https:\/\/getamarinelektrik.com.tr\/en\/corporate\/environmental-politics\/\" class=\"elementor-item\" tabindex=\"-1\">Environmental Policy<\/a><\/li>\n<li class=\"menu-item menu-item-type-post_type menu-item-object-page menu-item-378\"><a href=\"https:\/\/getamarinelektrik.com.tr\/en\/corporate\/ohs-policy\/\" class=\"elementor-item\" tabindex=\"-1\">OHS Policy<\/a><\/li>\n<li class=\"menu-item menu-item-type-post_type menu-item-object-page menu-item-379\"><a href=\"https:\/\/getamarinelektrik.com.tr\/en\/corporate\/quality-policy\/\" class=\"elementor-item\" tabindex=\"-1\">Quality Policy<\/a><\/li>\n<\/ul>\t\t\t<\/nav>\n\t\t\t\t<\/div>\n\t\t\t\t<\/div>\n\t\t\t\t\t<\/div>\n\t\t<\/div>\n\t\t\t\t<div class=\"elementor-column elementor-col-50 elementor-top-column elementor-element elementor-element-b04dbda\" data-id=\"b04dbda\" data-element_type=\"column\">\n\t\t\t<div class=\"elementor-widget-wrap elementor-element-populated\">\n\t\t\t\t\t\t<div class=\"elementor-element elementor-element-d94f120 elementor-widget elementor-widget-text-editor\" data-id=\"d94f120\" data-element_type=\"widget\" data-widget_type=\"text-editor.default\">\n\t\t\t\t<div class=\"elementor-widget-container\">\n\t\t\t\t\t\t\t<p class=\" translation-block\"><strong>GETA MAR\u0130N ELEKTR\u0130K<\/strong>; In order to ensure occupational health and safety in the systems and panels it produces, manufacturing processes and field processes;<\/p><ul><li>Designs and manufactures with the aim of reducing accident risks in manufacturing and design processes.<\/li><li>Provides occupational health and safety equipments to its employees at all work sites; provides training to encourage their use.<\/li><li>Evaluates accident risks at work sites and provides feedback to improve safety conditions.<\/li><li>Monitors legal obligations within the scope of occupational health and safety and ensures their implementation.<\/li><\/ul>\t\t\t\t\t\t<\/div>\n\t\t\t\t<\/div>\n\t\t\t\t\t<\/div>\n\t\t<\/div>\n\t\t\t\t\t<\/div>\n\t\t<\/section>\n\t\t\t\t<\/div>","protected":false},"excerpt":{"rendered":"<p>GETA MAR\u0130N ELEKTR\u0130K; \u00fcretti\u011fi sistemler ve panolar, imalat s\u00fcre\u00e7leri ve saha s\u00fcre\u00e7lerinde i\u015f sa\u011fl\u0131\u011f\u0131 ve g\u00fcvenli\u011fini sa\u011flamak amac\u0131yla; \u0130malat ve tasar\u0131m s\u00fcre\u00e7lerinde kaza risklerini azaltmay\u0131 ama\u00e7layarak tasarlar ve \u00fcretir. T\u00fcm \u00e7al\u0131\u015fma sahalar\u0131nda i\u015f sa\u011fl\u0131\u011f\u0131 ve g\u00fcvenli\u011fi ekipmanlar\u0131n\u0131 \u00e7al\u0131\u015fanlar\u0131na sa\u011flar; kullanmaya te\u015fvik edici e\u011fitimler verir. \u00c7al\u0131\u015fma sahalar\u0131ndaki kaza risklerini de\u011ferlendirir ve g\u00fcvenlik \u015fartlar\u0131n\u0131n iyile\u015fmesi i\u00e7in geri [&hellip;]<\/p>","protected":false},"author":1,"featured_media":0,"parent":219,"menu_order":0,"comment_status":"closed","ping_status":"closed","template":"elementor_header_footer","meta":{"footnotes":""},"class_list":["post-364","page","type-page","status-publish","hentry"],"acf":[],"yoast_head":"<!-- This site is optimized with the Yoast SEO plugin v23.9 - https:\/\/yoast.com\/wordpress\/plugins\/seo\/ -->\n<title>\u0130SG Politikas\u0131 - Geta Marin Elektrik<\/title>\n<meta name=\"robots\" content=\"index, follow, max-snippet:-1, max-image-preview:large, max-video-preview:-1\" \/>\n<link rel=\"canonical\" href=\"https:\/\/getamarinelektrik.com.tr\/en\/kurumsal\/isg-politikasi\/\" \/>\n<meta property=\"og:locale\" content=\"en_US\" \/>\n<meta property=\"og:type\" content=\"article\" \/>\n<meta property=\"og:title\" content=\"\u0130SG Politikas\u0131 - Geta Marin Elektrik\" \/>\n<meta property=\"og:description\" content=\"GETA MAR\u0130N ELEKTR\u0130K; \u00fcretti\u011fi sistemler ve panolar, imalat s\u00fcre\u00e7leri ve saha s\u00fcre\u00e7lerinde i\u015f sa\u011fl\u0131\u011f\u0131 ve g\u00fcvenli\u011fini sa\u011flamak amac\u0131yla; \u0130malat ve tasar\u0131m s\u00fcre\u00e7lerinde kaza risklerini azaltmay\u0131 ama\u00e7layarak tasarlar ve \u00fcretir. T\u00fcm \u00e7al\u0131\u015fma sahalar\u0131nda i\u015f sa\u011fl\u0131\u011f\u0131 ve g\u00fcvenli\u011fi ekipmanlar\u0131n\u0131 \u00e7al\u0131\u015fanlar\u0131na sa\u011flar; kullanmaya te\u015fvik edici e\u011fitimler verir. \u00c7al\u0131\u015fma sahalar\u0131ndaki kaza risklerini de\u011ferlendirir ve g\u00fcvenlik \u015fartlar\u0131n\u0131n iyile\u015fmesi i\u00e7in geri [&hellip;]\" \/>\n<meta property=\"og:url\" content=\"https:\/\/getamarinelektrik.com.tr\/en\/kurumsal\/isg-politikasi\/\" \/>\n<meta property=\"og:site_name\" content=\"Geta Marin Elektrik\" \/>\n<meta property=\"article:publisher\" content=\"https:\/\/www.facebook.com\/getamarinelektrik.com.tr\/\" \/>\n<meta property=\"article:modified_time\" content=\"2024-11-23T07:59:11+00:00\" \/>\n<meta name=\"twitter:card\" content=\"summary_large_image\" \/>\n<meta name=\"twitter:label1\" content=\"Est. reading time\" \/>\n\t<meta name=\"twitter:data1\" content=\"1 minute\" \/>\n<script type=\"application\/ld+json\" class=\"yoast-schema-graph\">{\"@context\":\"https:\/\/schema.org\",\"@graph\":[{\"@type\":\"WebPage\",\"@id\":\"https:\/\/getamarinelektrik.com.tr\/kurumsal\/isg-politikasi\/\",\"url\":\"https:\/\/getamarinelektrik.com.tr\/kurumsal\/isg-politikasi\/\",\"name\":\"\u0130SG Politikas\u0131 - Geta Marin Elektrik\",\"isPartOf\":{\"@id\":\"https:\/\/getamarinelektrik.com.tr\/#website\"},\"datePublished\":\"2024-11-23T07:57:43+00:00\",\"dateModified\":\"2024-11-23T07:59:11+00:00\",\"breadcrumb\":{\"@id\":\"https:\/\/getamarinelektrik.com.tr\/kurumsal\/isg-politikasi\/#breadcrumb\"},\"inLanguage\":\"en-US\",\"potentialAction\":[{\"@type\":\"ReadAction\",\"target\":[\"https:\/\/getamarinelektrik.com.tr\/kurumsal\/isg-politikasi\/\"]}]},{\"@type\":\"BreadcrumbList\",\"@id\":\"https:\/\/getamarinelektrik.com.tr\/kurumsal\/isg-politikasi\/#breadcrumb\",\"itemListElement\":[{\"@type\":\"ListItem\",\"position\":1,\"name\":\"Anasayfa\",\"item\":\"https:\/\/getamarinelektrik.com.tr\/\"},{\"@type\":\"ListItem\",\"position\":2,\"name\":\"Kurumsal\",\"item\":\"https:\/\/getamarinelektrik.com.tr\/kurumsal\/\"},{\"@type\":\"ListItem\",\"position\":3,\"name\":\"\u0130SG Politikas\u0131\"}]},{\"@type\":\"WebSite\",\"@id\":\"https:\/\/getamarinelektrik.com.tr\/#website\",\"url\":\"https:\/\/getamarinelektrik.com.tr\/\",\"name\":\"Geta Marin Elektrik\",\"description\":\"Marin Sekt&ouml;r&uuml;nde T&uuml;m &Ccedil;&ouml;z&uuml;mler\",\"publisher\":{\"@id\":\"https:\/\/getamarinelektrik.com.tr\/#organization\"},\"potentialAction\":[{\"@type\":\"SearchAction\",\"target\":{\"@type\":\"EntryPoint\",\"urlTemplate\":\"https:\/\/getamarinelektrik.com.tr\/?s={search_term_string}\"},\"query-input\":{\"@type\":\"PropertyValueSpecification\",\"valueRequired\":true,\"valueName\":\"search_term_string\"}}],\"inLanguage\":\"en-US\"},{\"@type\":\"Organization\",\"@id\":\"https:\/\/getamarinelektrik.com.tr\/#organization\",\"name\":\"Geta Marin Elektrik\",\"url\":\"https:\/\/getamarinelektrik.com.tr\/\",\"logo\":{\"@type\":\"ImageObject\",\"inLanguage\":\"en-US\",\"@id\":\"https:\/\/getamarinelektrik.com.tr\/#\/schema\/logo\/image\/\",\"url\":\"https:\/\/getamarinelektrik.com.tr\/wp-content\/uploads\/2024\/11\/logo_black.png\",\"contentUrl\":\"https:\/\/getamarinelektrik.com.tr\/wp-content\/uploads\/2024\/11\/logo_black.png\",\"width\":308,\"height\":95,\"caption\":\"Geta Marin Elektrik\"},\"image\":{\"@id\":\"https:\/\/getamarinelektrik.com.tr\/#\/schema\/logo\/image\/\"},\"sameAs\":[\"https:\/\/www.facebook.com\/getamarinelektrik.com.tr\/\",\"https:\/\/www.instagram.com\/geta.marinelektrik\/\"]}]}<\/script>\n<!-- \/ Yoast SEO plugin. -->","yoast_head_json":{"title":"\u0130SG Politikas\u0131 - Geta Marin Elektrik","robots":{"index":"index","follow":"follow","max-snippet":"max-snippet:-1","max-image-preview":"max-image-preview:large","max-video-preview":"max-video-preview:-1"},"canonical":"https:\/\/getamarinelektrik.com.tr\/en\/kurumsal\/isg-politikasi\/","og_locale":"en_US","og_type":"article","og_title":"\u0130SG Politikas\u0131 - Geta Marin Elektrik","og_description":"GETA MAR\u0130N ELEKTR\u0130K; \u00fcretti\u011fi sistemler ve panolar, imalat s\u00fcre\u00e7leri ve saha s\u00fcre\u00e7lerinde i\u015f sa\u011fl\u0131\u011f\u0131 ve g\u00fcvenli\u011fini sa\u011flamak amac\u0131yla; \u0130malat ve tasar\u0131m s\u00fcre\u00e7lerinde kaza risklerini azaltmay\u0131 ama\u00e7layarak tasarlar ve \u00fcretir. T\u00fcm \u00e7al\u0131\u015fma sahalar\u0131nda i\u015f sa\u011fl\u0131\u011f\u0131 ve g\u00fcvenli\u011fi ekipmanlar\u0131n\u0131 \u00e7al\u0131\u015fanlar\u0131na sa\u011flar; kullanmaya te\u015fvik edici e\u011fitimler verir. \u00c7al\u0131\u015fma sahalar\u0131ndaki kaza risklerini de\u011ferlendirir ve g\u00fcvenlik \u015fartlar\u0131n\u0131n iyile\u015fmesi i\u00e7in geri [&hellip;]","og_url":"https:\/\/getamarinelektrik.com.tr\/en\/kurumsal\/isg-politikasi\/","og_site_name":"Geta Marin Elektrik","article_publisher":"https:\/\/www.facebook.com\/getamarinelektrik.com.tr\/","article_modified_time":"2024-11-23T07:59:11+00:00","twitter_card":"summary_large_image","twitter_misc":{"Est. reading time":"1 minute"},"schema":{"@context":"https:\/\/schema.org","@graph":[{"@type":"WebPage","@id":"https:\/\/getamarinelektrik.com.tr\/kurumsal\/isg-politikasi\/","url":"https:\/\/getamarinelektrik.com.tr\/kurumsal\/isg-politikasi\/","name":"\u0130SG Politikas\u0131 - Geta Marin Elektrik","isPartOf":{"@id":"https:\/\/getamarinelektrik.com.tr\/#website"},"datePublished":"2024-11-23T07:57:43+00:00","dateModified":"2024-11-23T07:59:11+00:00","breadcrumb":{"@id":"https:\/\/getamarinelektrik.com.tr\/kurumsal\/isg-politikasi\/#breadcrumb"},"inLanguage":"en-US","potentialAction":[{"@type":"ReadAction","target":["https:\/\/getamarinelektrik.com.tr\/kurumsal\/isg-politikasi\/"]}]},{"@type":"BreadcrumbList","@id":"https:\/\/getamarinelektrik.com.tr\/kurumsal\/isg-politikasi\/#breadcrumb","itemListElement":[{"@type":"ListItem","position":1,"name":"Anasayfa","item":"https:\/\/getamarinelektrik.com.tr\/"},{"@type":"ListItem","position":2,"name":"Kurumsal","item":"https:\/\/getamarinelektrik.com.tr\/kurumsal\/"},{"@type":"ListItem","position":3,"name":"\u0130SG Politikas\u0131"}]},{"@type":"WebSite","@id":"https:\/\/getamarinelektrik.com.tr\/#website","url":"https:\/\/getamarinelektrik.com.tr\/","name":"Geta Marin Elektrik","description":"Marin Sekt&ouml;r&uuml;nde T&uuml;m &Ccedil;&ouml;z&uuml;mler","publisher":{"@id":"https:\/\/getamarinelektrik.com.tr\/#organization"},"potentialAction":[{"@type":"SearchAction","target":{"@type":"EntryPoint","urlTemplate":"https:\/\/getamarinelektrik.com.tr\/?s={search_term_string}"},"query-input":{"@type":"PropertyValueSpecification","valueRequired":true,"valueName":"search_term_string"}}],"inLanguage":"en-US"},{"@type":"Organization","@id":"https:\/\/getamarinelektrik.com.tr\/#organization","name":"Geta Marin Elektrik","url":"https:\/\/getamarinelektrik.com.tr\/","logo":{"@type":"ImageObject","inLanguage":"en-US","@id":"https:\/\/getamarinelektrik.com.tr\/#\/schema\/logo\/image\/","url":"https:\/\/getamarinelektrik.com.tr\/wp-content\/uploads\/2024\/11\/logo_black.png","contentUrl":"https:\/\/getamarinelektrik.com.tr\/wp-content\/uploads\/2024\/11\/logo_black.png","width":308,"height":95,"caption":"Geta Marin Elektrik"},"image":{"@id":"https:\/\/getamarinelektrik.com.tr\/#\/schema\/logo\/image\/"},"sameAs":["https:\/\/www.facebook.com\/getamarinelektrik.com.tr\/","https:\/\/www.instagram.com\/geta.marinelektrik\/"]}]}},"_links":{"self":[{"href":"https:\/\/getamarinelektrik.com.tr\/en\/wp-json\/wp\/v2\/pages\/364","targetHints":{"allow":["GET"]}}],"collection":[{"href":"https:\/\/getamarinelektrik.com.tr\/en\/wp-json\/wp\/v2\/pages"}],"about":[{"href":"https:\/\/getamarinelektrik.com.tr\/en\/wp-json\/wp\/v2\/types\/page"}],"author":[{"embeddable":true,"href":"https:\/\/getamarinelektrik.com.tr\/en\/wp-json\/wp\/v2\/users\/1"}],"replies":[{"embeddable":true,"href":"https:\/\/getamarinelektrik.com.tr\/en\/wp-json\/wp\/v2\/comments?post=364"}],"version-history":[{"count":4,"href":"https:\/\/getamarinelektrik.com.tr\/en\/wp-json\/wp\/v2\/pages\/364\/revisions"}],"predecessor-version":[{"id":368,"href":"https:\/\/getamarinelektrik.com.tr\/en\/wp-json\/wp\/v2\/pages\/364\/revisions\/368"}],"up":[{"embeddable":true,"href":"https:\/\/getamarinelektrik.com.tr\/en\/wp-json\/wp\/v2\/pages\/219"}],"wp:attachment":[{"href":"https:\/\/getamarinelektrik.com.tr\/en\/wp-json\/wp\/v2\/media?parent=364"}],"curies":[{"name":"wp","href":"https:\/\/api.w.org\/{rel}","templated":true}]}}