{"id":388,"date":"2024-11-23T11:02:04","date_gmt":"2024-11-23T08:02:04","guid":{"rendered":"https:\/\/getamarinelektrik.com.tr\/?page_id=388"},"modified":"2024-11-29T14:01:30","modified_gmt":"2024-11-29T11:01:30","slug":"satis","status":"publish","type":"page","link":"https:\/\/getamarinelektrik.com.tr\/en\/sales\/","title":{"rendered":"Sales"},"content":{"rendered":"<div data-elementor-type=\"wp-page\" data-elementor-id=\"388\" class=\"elementor elementor-388\" data-elementor-post-type=\"page\">\n\t\t\t\t\t\t<section class=\"elementor-section elementor-top-section elementor-element elementor-element-ab83276 elementor-section-boxed elementor-section-height-default elementor-section-height-default\" data-id=\"ab83276\" data-element_type=\"section\">\n\t\t\t\t\t\t<div class=\"elementor-container elementor-column-gap-default\">\n\t\t\t\t\t<div class=\"elementor-column elementor-col-50 elementor-top-column elementor-element elementor-element-8bbd20c\" data-id=\"8bbd20c\" data-element_type=\"column\">\n\t\t\t<div class=\"elementor-widget-wrap elementor-element-populated\">\n\t\t\t\t\t\t<div class=\"elementor-element elementor-element-1433fec elementor-align-justify elementor-widget elementor-widget-button\" data-id=\"1433fec\" data-element_type=\"widget\" data-widget_type=\"button.default\">\n\t\t\t\t<div class=\"elementor-widget-container\">\n\t\t\t\t\t\t\t<div class=\"elementor-button-wrapper\">\n\t\t\t\t\t<a class=\"elementor-button elementor-button-link elementor-size-sm\" href=\"https:\/\/wa.me\/905541778301\">\n\t\t\t\t\t\t<span class=\"elementor-button-content-wrapper\">\n\t\t\t\t\t\t<span class=\"elementor-button-icon\">\n\t\t\t\t<svg aria-hidden=\"true\" class=\"e-font-icon-svg e-fab-whatsapp\" viewbox=\"0 0 448 512\" xmlns=\"http:\/\/www.w3.org\/2000\/svg\"><path d=\"M380.9 97.1C339 55.1 283.2 32 223.9 32c-122.4 0-222 99.6-222 222 0 39.1 10.2 77.3 29.6 111L0 480l117.7-30.9c32.4 17.7 68.9 27 106.1 27h.1c122.3 0 224.1-99.6 224.1-222 0-59.3-25.2-115-67.1-157zm-157 341.6c-33.2 0-65.7-8.9-94-25.7l-6.7-4-69.8 18.3L72 359.2l-4.4-7c-18.5-29.4-28.2-63.3-28.2-98.2 0-101.7 82.8-184.5 184.6-184.5 49.3 0 95.6 19.2 130.4 54.1 34.8 34.9 56.2 81.2 56.1 130.5 0 101.8-84.9 184.6-186.6 184.6zm101.2-138.2c-5.5-2.8-32.8-16.2-37.9-18-5.1-1.9-8.8-2.8-12.5 2.8-3.7 5.6-14.3 18-17.6 21.8-3.2 3.7-6.5 4.2-12 1.4-32.6-16.3-54-29.1-75.5-66-5.7-9.8 5.7-9.1 16.3-30.3 1.8-3.7.9-6.9-.5-9.7-1.4-2.8-12.5-30.1-17.1-41.2-4.5-10.8-9.1-9.3-12.5-9.5-3.2-.2-6.9-.2-10.6-.2-3.7 0-9.7 1.4-14.8 6.9-5.1 5.6-19.4 19-19.4 46.3 0 27.3 19.9 53.7 22.6 57.4 2.8 3.7 39.1 59.7 94.8 83.8 35.2 15.2 49 16.5 66.6 13.9 10.7-1.6 32.8-13.4 37.4-26.4 4.6-13 4.6-24.1 3.2-26.4-1.3-2.5-5-3.9-10.5-6.6z\"><\/path><\/svg>\t\t\t<\/span>\n\t\t\t\t\t\t\t\t\t<span class=\"elementor-button-text\">WhatsApp Line<\/span>\n\t\t\t\t\t<\/span>\n\t\t\t\t\t<\/a>\n\t\t\t\t<\/div>\n\t\t\t\t\t\t<\/div>\n\t\t\t\t<\/div>\n\t\t\t\t\t<\/div>\n\t\t<\/div>\n\t\t\t\t<div class=\"elementor-column elementor-col-50 elementor-top-column elementor-element elementor-element-f0b6781\" data-id=\"f0b6781\" data-element_type=\"column\">\n\t\t\t<div class=\"elementor-widget-wrap elementor-element-populated\">\n\t\t\t\t\t\t<div class=\"elementor-element elementor-element-430e22e elementor-align-justify elementor-widget elementor-widget-button\" data-id=\"430e22e\" data-element_type=\"widget\" data-widget_type=\"button.default\">\n\t\t\t\t<div class=\"elementor-widget-container\">\n\t\t\t\t\t\t\t<div class=\"elementor-button-wrapper\">\n\t\t\t\t\t<a class=\"elementor-button elementor-button-link elementor-size-sm\" href=\"tel: 90 (850) 460 43 82\">\n\t\t\t\t\t\t<span class=\"elementor-button-content-wrapper\">\n\t\t\t\t\t\t<span class=\"elementor-button-icon\">\n\t\t\t\t<svg aria-hidden=\"true\" class=\"e-font-icon-svg e-fas-phone\" viewbox=\"0 0 512 512\" xmlns=\"http:\/\/www.w3.org\/2000\/svg\"><path d=\"M493.4 24.6l-104-24c-11.3-2.6-22.9 3.3-27.5 13.9l-48 112c-4.2 9.8-1.4 21.3 6.9 28l60.6 49.6c-36 76.7-98.9 140.5-177.2 177.2l-49.6-60.6c-6.8-8.3-18.2-11.1-28-6.9l-112 48C3.9 366.5-2 378.1.6 389.4l24 104C27.1 504.2 36.7 512 48 512c256.1 0 464-207.5 464-464 0-11.2-7.7-20.9-18.6-23.4z\"><\/path><\/svg>\t\t\t<\/span>\n\t\t\t\t\t\t\t\t\t<span class=\"elementor-button-text\">Call Now<\/span>\n\t\t\t\t\t<\/span>\n\t\t\t\t\t<\/a>\n\t\t\t\t<\/div>\n\t\t\t\t\t\t<\/div>\n\t\t\t\t<\/div>\n\t\t\t\t\t<\/div>\n\t\t<\/div>\n\t\t\t\t\t<\/div>\n\t\t<\/section>\n\t\t\t\t<section class=\"elementor-section elementor-top-section elementor-element elementor-element-a0a7353 elementor-section-boxed elementor-section-height-default elementor-section-height-default\" data-id=\"a0a7353\" data-element_type=\"section\">\n\t\t\t\t\t\t<div class=\"elementor-container elementor-column-gap-default\">\n\t\t\t\t\t<div class=\"elementor-column elementor-col-100 elementor-top-column elementor-element elementor-element-db583a0\" data-id=\"db583a0\" data-element_type=\"column\">\n\t\t\t<div class=\"elementor-widget-wrap elementor-element-populated\">\n\t\t\t\t\t\t<div class=\"elementor-element elementor-element-9ec9a04 elementor-widget elementor-widget-text-editor\" data-id=\"9ec9a04\" data-element_type=\"widget\" data-widget_type=\"text-editor.default\">\n\t\t\t\t<div class=\"elementor-widget-container\">\n\t\t\t\t\t\t\t<p><strong>Geta Marin Elektrik Sales Department: Reliable Electrical Solutions with High Quality<\/strong><\/p><p>Geta Marin Elektrik specializes in providing high-quality electrical solutions for the maritime sector. Our sales department offers a wide range of products and expert services to meet the needs of our customers. From electrical infrastructure to automation systems, security solutions to energy management systems, we provide comprehensive solutions to meet all your maritime project requirements.<\/p><p><strong>Understanding Customer Needs and Offering the Best Solutions<\/strong><\/p><p>At Geta Marin Elektrik, we work diligently to understand the unique needs of each customer. Our sales team offers tailored solutions, recommending the most suitable options based on the technical specifications, performance, and application areas of our products. Whether it\u2019s electrical infrastructure for ships, automation systems, or energy management solutions, all our products and services are designed to address the challenges encountered in the maritime sector. By deeply analyzing customer needs, we help them make informed choices.<\/p><p><strong>Technical Knowledge and Professional Consulting Services<\/strong><\/p><p>During the sales process, our professional team provides customers with technical information and consulting services. You can learn all the details about the advantages, technical features, and application areas of our products, ensuring you choose the best solution for your ship or commercial project. We prioritize customer satisfaction by guiding them at every step. Our team works to offer the best solution, ensuring you get the most efficient use of our products. This way, you can achieve successful results in your maritime projects by using reliable and accurate products at every stage.<\/p><p><strong>After-Sales Support and Ongoing Consulting<\/strong><\/p><p>Geta Marin Elektrik is with you even after the sale. We provide continuous support after the installation of our products to ensure that systems work smoothly and efficiently. Our after-sales support team offers quick and effective solutions for any issues, maintenance needs, or system improvements. Additionally, we provide periodic maintenance services to ensure the long-term efficiency of your electrical infrastructure. Our after-sales services offer tailored maintenance and consulting solutions to minimize operational costs.<\/p><p><strong>Energy Efficiency and Sustainability<\/strong><\/p><p>Geta Marin Elektrik continues to lead the industry by offering products that enhance energy efficiency and are environmentally friendly. Our sales department introduces innovative solutions that help customers reduce their energy costs. Sustainable and eco-friendly systems ensure long-term success in both maritime and commercial projects. Our energy-efficient solutions not only reduce costs but also lessen the environmental impact, promoting sustainability across projects.<\/p><p>Geta Marin Elektrik's Sales Department is always by your side, offering high-quality electrical solutions for maritime projects to meet your specific needs. Our professional team provides in-depth information about the technical features of our products, ensuring you make the right choice. With our after-sales support and consulting services, we help you use your products efficiently. Our energy-efficient and sustainable solutions make your projects safer and more efficient. As Geta Marin Elektrik, we continue to be your most reliable solution partner for all your maritime electrical needs.<\/p>\t\t\t\t\t\t<\/div>\n\t\t\t\t<\/div>\n\t\t\t\t\t<\/div>\n\t\t<\/div>\n\t\t\t\t\t<\/div>\n\t\t<\/section>\n\t\t\t\t<section class=\"elementor-section elementor-top-section elementor-element elementor-element-00e849e elementor-section-boxed elementor-section-height-default elementor-section-height-default\" data-id=\"00e849e\" data-element_type=\"section\">\n\t\t\t\t\t\t<div class=\"elementor-container elementor-column-gap-default\">\n\t\t\t\t\t<div class=\"elementor-column elementor-col-100 elementor-top-column elementor-element elementor-element-e621ffd\" data-id=\"e621ffd\" data-element_type=\"column\">\n\t\t\t<div class=\"elementor-widget-wrap elementor-element-populated\">\n\t\t\t\t\t\t<div class=\"elementor-element elementor-element-9187c31 elementor-widget elementor-widget-gallery\" data-id=\"9187c31\" data-element_type=\"widget\" data-settings=\"{&quot;gallery_layout&quot;:&quot;masonry&quot;,&quot;gap&quot;:{&quot;unit&quot;:&quot;px&quot;,&quot;size&quot;:15,&quot;sizes&quot;:[]},&quot;lazyload&quot;:&quot;yes&quot;,&quot;columns&quot;:4,&quot;columns_tablet&quot;:2,&quot;columns_mobile&quot;:1,&quot;gap_tablet&quot;:{&quot;unit&quot;:&quot;px&quot;,&quot;size&quot;:10,&quot;sizes&quot;:[]},&quot;gap_mobile&quot;:{&quot;unit&quot;:&quot;px&quot;,&quot;size&quot;:10,&quot;sizes&quot;:[]},&quot;link_to&quot;:&quot;file&quot;,&quot;content_hover_animation&quot;:&quot;fade-in&quot;}\" data-widget_type=\"gallery.default\">\n\t\t\t\t<div class=\"elementor-widget-container\">\n\t\t\t\t\t<div class=\"elementor-gallery__container\">\n\t\t\t\t\t\t\t<a class=\"e-gallery-item elementor-gallery-item elementor-animated-content\" href=\"https:\/\/getamarinelektrik.com.tr\/wp-content\/uploads\/2024\/11\/Phoenix_Contact_Logo.png\" data-elementor-open-lightbox=\"yes\" data-elementor-lightbox-slideshow=\"9187c31\" data-e-action-hash=\"#elementor-action%3Aaction%3Dlightbox%26settings%3DeyJpZCI6NzU4LCJ1cmwiOiJodHRwczpcL1wvZ2V0YW1hcmluZWxla3RyaWsuY29tLnRyXC93cC1jb250ZW50XC91cGxvYWRzXC8yMDI0XC8xMVwvUGhvZW5peF9Db250YWN0X0xvZ28ucG5nIiwic2xpZGVzaG93IjoiOTE4N2MzMSJ9\">\n\t\t\t\t\t<div class=\"e-gallery-image elementor-gallery-item__image\" data-thumbnail=\"https:\/\/getamarinelektrik.com.tr\/wp-content\/uploads\/2024\/11\/Phoenix_Contact_Logo.png\" data-width=\"1240\" data-height=\"440\" aria-label=\"\" role=\"img\" ><\/div>\n\t\t\t\t\t\t\t\t\t\t\t\t\t\t<\/a>\n\t\t\t\t\t\t\t<a class=\"e-gallery-item elementor-gallery-item elementor-animated-content\" href=\"https:\/\/getamarinelektrik.com.tr\/wp-content\/uploads\/2024\/11\/abb.png\" data-elementor-open-lightbox=\"yes\" data-elementor-lightbox-slideshow=\"9187c31\" data-e-action-hash=\"#elementor-action%3Aaction%3Dlightbox%26settings%3DeyJpZCI6NzU2LCJ1cmwiOiJodHRwczpcL1wvZ2V0YW1hcmluZWxla3RyaWsuY29tLnRyXC93cC1jb250ZW50XC91cGxvYWRzXC8yMDI0XC8xMVwvYWJiLnBuZyIsInNsaWRlc2hvdyI6IjkxODdjMzEifQ%3D%3D\">\n\t\t\t\t\t<div class=\"e-gallery-image elementor-gallery-item__image\" data-thumbnail=\"https:\/\/getamarinelektrik.com.tr\/wp-content\/uploads\/2024\/11\/abb.png\" data-width=\"356\" data-height=\"141\" aria-label=\"\" role=\"img\" ><\/div>\n\t\t\t\t\t\t\t\t\t\t\t\t\t\t<\/a>\n\t\t\t\t\t\t\t<a class=\"e-gallery-item elementor-gallery-item elementor-animated-content\" href=\"https:\/\/getamarinelektrik.com.tr\/wp-content\/uploads\/2024\/11\/siemens.png\" data-elementor-open-lightbox=\"yes\" data-elementor-lightbox-slideshow=\"9187c31\" data-e-action-hash=\"#elementor-action%3Aaction%3Dlightbox%26settings%3DeyJpZCI6NzYyLCJ1cmwiOiJodHRwczpcL1wvZ2V0YW1hcmluZWxla3RyaWsuY29tLnRyXC93cC1jb250ZW50XC91cGxvYWRzXC8yMDI0XC8xMVwvc2llbWVucy5wbmciLCJzbGlkZXNob3ciOiI5MTg3YzMxIn0%3D\">\n\t\t\t\t\t<div class=\"e-gallery-image elementor-gallery-item__image\" data-thumbnail=\"https:\/\/getamarinelektrik.com.tr\/wp-content\/uploads\/2024\/11\/siemens.png\" data-width=\"367\" data-height=\"137\" aria-label=\"\" role=\"img\" ><\/div>\n\t\t\t\t\t\t\t\t\t\t\t\t\t\t<\/a>\n\t\t\t\t\t\t\t<a class=\"e-gallery-item elementor-gallery-item elementor-animated-content\" href=\"https:\/\/getamarinelektrik.com.tr\/wp-content\/uploads\/2024\/11\/praxis.png\" data-elementor-open-lightbox=\"yes\" data-elementor-lightbox-slideshow=\"9187c31\" data-e-action-hash=\"#elementor-action%3Aaction%3Dlightbox%26settings%3DeyJpZCI6NzU5LCJ1cmwiOiJodHRwczpcL1wvZ2V0YW1hcmluZWxla3RyaWsuY29tLnRyXC93cC1jb250ZW50XC91cGxvYWRzXC8yMDI0XC8xMVwvcHJheGlzLnBuZyIsInNsaWRlc2hvdyI6IjkxODdjMzEifQ%3D%3D\">\n\t\t\t\t\t<div class=\"e-gallery-image elementor-gallery-item__image\" data-thumbnail=\"https:\/\/getamarinelektrik.com.tr\/wp-content\/uploads\/2024\/11\/praxis.png\" data-width=\"465\" data-height=\"108\" aria-label=\"\" role=\"img\" ><\/div>\n\t\t\t\t\t\t\t\t\t\t\t\t\t\t<\/a>\n\t\t\t\t\t<\/div>\n\t\t\t<\/div>\n\t\t\t\t<\/div>\n\t\t\t\t<div class=\"elementor-element elementor-element-7982341 elementor-widget elementor-widget-gallery\" data-id=\"7982341\" data-element_type=\"widget\" data-settings=\"{&quot;gallery_layout&quot;:&quot;masonry&quot;,&quot;gap&quot;:{&quot;unit&quot;:&quot;px&quot;,&quot;size&quot;:15,&quot;sizes&quot;:[]},&quot;lazyload&quot;:&quot;yes&quot;,&quot;columns&quot;:4,&quot;columns_tablet&quot;:2,&quot;columns_mobile&quot;:1,&quot;gap_tablet&quot;:{&quot;unit&quot;:&quot;px&quot;,&quot;size&quot;:10,&quot;sizes&quot;:[]},&quot;gap_mobile&quot;:{&quot;unit&quot;:&quot;px&quot;,&quot;size&quot;:10,&quot;sizes&quot;:[]},&quot;link_to&quot;:&quot;file&quot;,&quot;content_hover_animation&quot;:&quot;fade-in&quot;}\" data-widget_type=\"gallery.default\">\n\t\t\t\t<div class=\"elementor-widget-container\">\n\t\t\t\t\t<div class=\"elementor-gallery__container\">\n\t\t\t\t\t\t\t<a class=\"e-gallery-item elementor-gallery-item elementor-animated-content\" href=\"https:\/\/getamarinelektrik.com.tr\/wp-content\/uploads\/2024\/11\/eae.png\" data-elementor-open-lightbox=\"yes\" data-elementor-lightbox-slideshow=\"7982341\" data-e-action-hash=\"#elementor-action%3Aaction%3Dlightbox%26settings%3DeyJpZCI6NzcwLCJ1cmwiOiJodHRwczpcL1wvZ2V0YW1hcmluZWxla3RyaWsuY29tLnRyXC93cC1jb250ZW50XC91cGxvYWRzXC8yMDI0XC8xMVwvZWFlLnBuZyIsInNsaWRlc2hvdyI6Ijc5ODIzNDEifQ%3D%3D\">\n\t\t\t\t\t<div class=\"e-gallery-image elementor-gallery-item__image\" data-thumbnail=\"https:\/\/getamarinelektrik.com.tr\/wp-content\/uploads\/2024\/11\/eae.png\" data-width=\"318\" data-height=\"159\" aria-label=\"\" role=\"img\" ><\/div>\n\t\t\t\t\t\t\t\t\t\t\t\t\t\t<\/a>\n\t\t\t\t\t\t\t<a class=\"e-gallery-item elementor-gallery-item elementor-animated-content\" href=\"https:\/\/getamarinelektrik.com.tr\/wp-content\/uploads\/2024\/11\/aik.png\" data-elementor-open-lightbox=\"yes\" data-elementor-lightbox-slideshow=\"7982341\" data-e-action-hash=\"#elementor-action%3Aaction%3Dlightbox%26settings%3DeyJpZCI6Nzc1LCJ1cmwiOiJodHRwczpcL1wvZ2V0YW1hcmluZWxla3RyaWsuY29tLnRyXC93cC1jb250ZW50XC91cGxvYWRzXC8yMDI0XC8xMVwvYWlrLnBuZyIsInNsaWRlc2hvdyI6Ijc5ODIzNDEifQ%3D%3D\">\n\t\t\t\t\t<div class=\"e-gallery-image elementor-gallery-item__image\" data-thumbnail=\"https:\/\/getamarinelektrik.com.tr\/wp-content\/uploads\/2024\/11\/aik.png\" data-width=\"628\" data-height=\"254\" aria-label=\"\" role=\"img\" ><\/div>\n\t\t\t\t\t\t\t\t\t\t\t\t\t\t<\/a>\n\t\t\t\t\t\t\t<a class=\"e-gallery-item elementor-gallery-item elementor-animated-content\" href=\"https:\/\/getamarinelektrik.com.tr\/wp-content\/uploads\/2024\/11\/wago.png\" data-elementor-open-lightbox=\"yes\" data-elementor-lightbox-slideshow=\"7982341\" data-e-action-hash=\"#elementor-action%3Aaction%3Dlightbox%26settings%3DeyJpZCI6NzcxLCJ1cmwiOiJodHRwczpcL1wvZ2V0YW1hcmluZWxla3RyaWsuY29tLnRyXC93cC1jb250ZW50XC91cGxvYWRzXC8yMDI0XC8xMVwvd2Fnby5wbmciLCJzbGlkZXNob3ciOiI3OTgyMzQxIn0%3D\">\n\t\t\t\t\t<div class=\"e-gallery-image elementor-gallery-item__image\" data-thumbnail=\"https:\/\/getamarinelektrik.com.tr\/wp-content\/uploads\/2024\/11\/wago.png\" data-width=\"374\" data-height=\"135\" aria-label=\"\" role=\"img\" ><\/div>\n\t\t\t\t\t\t\t\t\t\t\t\t\t\t<\/a>\n\t\t\t\t\t<\/div>\n\t\t\t<\/div>\n\t\t\t\t<\/div>\n\t\t\t\t\t<\/div>\n\t\t<\/div>\n\t\t\t\t\t<\/div>\n\t\t<\/section>\n\t\t\t\t<\/div>","protected":false},"excerpt":{"rendered":"<p>WhatsApp Hatt\u0131 Hemen Ara Geta Marin Elektrik Sat\u0131\u015f Departman\u0131: Y\u00fcksek Kaliteli Elektrik \u00c7\u00f6z\u00fcmleriyle G\u00fcvenilir Hizmet Geta Marin Elektrik, denizcilik sekt\u00f6r\u00fcnde y\u00fcksek kaliteli elektrik \u00e7\u00f6z\u00fcmleri sa\u011flamakta uzmanla\u015fm\u0131\u015f bir m\u00fchendislik firmas\u0131d\u0131r. Sat\u0131\u015f departman\u0131m\u0131z, m\u00fc\u015fterilerimize en uygun elektrik sistemlerini sunmak i\u00e7in geni\u015f bir \u00fcr\u00fcn yelpazesi ve uzman kadro ile hizmet vermektedir. Elektrik altyap\u0131s\u0131ndan otomasyon sistemlerine, g\u00fcvenlik \u00e7\u00f6z\u00fcmlerinden enerji [&hellip;]<\/p>","protected":false},"author":1,"featured_media":0,"parent":0,"menu_order":0,"comment_status":"closed","ping_status":"closed","template":"elementor_header_footer","meta":{"footnotes":""},"class_list":["post-388","page","type-page","status-publish","hentry"],"acf":[],"yoast_head":"<!-- This site is optimized with the Yoast SEO plugin v23.9 - https:\/\/yoast.com\/wordpress\/plugins\/seo\/ -->\n<title>Sat\u0131\u015f - Geta Marin Elektrik<\/title>\n<meta name=\"robots\" content=\"index, follow, max-snippet:-1, max-image-preview:large, max-video-preview:-1\" \/>\n<link rel=\"canonical\" href=\"https:\/\/getamarinelektrik.com.tr\/en\/satis\/\" \/>\n<meta property=\"og:locale\" content=\"en_US\" \/>\n<meta property=\"og:type\" content=\"article\" \/>\n<meta property=\"og:title\" content=\"Sat\u0131\u015f - Geta Marin Elektrik\" \/>\n<meta property=\"og:description\" content=\"WhatsApp Hatt\u0131 Hemen Ara Geta Marin Elektrik Sat\u0131\u015f Departman\u0131: Y\u00fcksek Kaliteli Elektrik \u00c7\u00f6z\u00fcmleriyle G\u00fcvenilir Hizmet Geta Marin Elektrik, denizcilik sekt\u00f6r\u00fcnde y\u00fcksek kaliteli elektrik \u00e7\u00f6z\u00fcmleri sa\u011flamakta uzmanla\u015fm\u0131\u015f bir m\u00fchendislik firmas\u0131d\u0131r. Sat\u0131\u015f departman\u0131m\u0131z, m\u00fc\u015fterilerimize en uygun elektrik sistemlerini sunmak i\u00e7in geni\u015f bir \u00fcr\u00fcn yelpazesi ve uzman kadro ile hizmet vermektedir. Elektrik altyap\u0131s\u0131ndan otomasyon sistemlerine, g\u00fcvenlik \u00e7\u00f6z\u00fcmlerinden enerji [&hellip;]\" \/>\n<meta property=\"og:url\" content=\"https:\/\/getamarinelektrik.com.tr\/en\/satis\/\" \/>\n<meta property=\"og:site_name\" content=\"Geta Marin Elektrik\" \/>\n<meta property=\"article:publisher\" content=\"https:\/\/www.facebook.com\/getamarinelektrik.com.tr\/\" \/>\n<meta property=\"article:modified_time\" content=\"2024-11-29T11:01:30+00:00\" \/>\n<meta name=\"twitter:card\" content=\"summary_large_image\" \/>\n<meta name=\"twitter:label1\" content=\"Est. reading time\" \/>\n\t<meta name=\"twitter:data1\" content=\"3 minutes\" \/>\n<script type=\"application\/ld+json\" class=\"yoast-schema-graph\">{\"@context\":\"https:\/\/schema.org\",\"@graph\":[{\"@type\":\"WebPage\",\"@id\":\"https:\/\/getamarinelektrik.com.tr\/satis\/\",\"url\":\"https:\/\/getamarinelektrik.com.tr\/satis\/\",\"name\":\"Sat\u0131\u015f - Geta Marin Elektrik\",\"isPartOf\":{\"@id\":\"https:\/\/getamarinelektrik.com.tr\/#website\"},\"datePublished\":\"2024-11-23T08:02:04+00:00\",\"dateModified\":\"2024-11-29T11:01:30+00:00\",\"breadcrumb\":{\"@id\":\"https:\/\/getamarinelektrik.com.tr\/satis\/#breadcrumb\"},\"inLanguage\":\"en-US\",\"potentialAction\":[{\"@type\":\"ReadAction\",\"target\":[\"https:\/\/getamarinelektrik.com.tr\/satis\/\"]}]},{\"@type\":\"BreadcrumbList\",\"@id\":\"https:\/\/getamarinelektrik.com.tr\/satis\/#breadcrumb\",\"itemListElement\":[{\"@type\":\"ListItem\",\"position\":1,\"name\":\"Anasayfa\",\"item\":\"https:\/\/getamarinelektrik.com.tr\/\"},{\"@type\":\"ListItem\",\"position\":2,\"name\":\"Sat\u0131\u015f\"}]},{\"@type\":\"WebSite\",\"@id\":\"https:\/\/getamarinelektrik.com.tr\/#website\",\"url\":\"https:\/\/getamarinelektrik.com.tr\/\",\"name\":\"Geta Marin Elektrik\",\"description\":\"Marin Sekt&ouml;r&uuml;nde T&uuml;m &Ccedil;&ouml;z&uuml;mler\",\"publisher\":{\"@id\":\"https:\/\/getamarinelektrik.com.tr\/#organization\"},\"potentialAction\":[{\"@type\":\"SearchAction\",\"target\":{\"@type\":\"EntryPoint\",\"urlTemplate\":\"https:\/\/getamarinelektrik.com.tr\/?s={search_term_string}\"},\"query-input\":{\"@type\":\"PropertyValueSpecification\",\"valueRequired\":true,\"valueName\":\"search_term_string\"}}],\"inLanguage\":\"en-US\"},{\"@type\":\"Organization\",\"@id\":\"https:\/\/getamarinelektrik.com.tr\/#organization\",\"name\":\"Geta Marin Elektrik\",\"url\":\"https:\/\/getamarinelektrik.com.tr\/\",\"logo\":{\"@type\":\"ImageObject\",\"inLanguage\":\"en-US\",\"@id\":\"https:\/\/getamarinelektrik.com.tr\/#\/schema\/logo\/image\/\",\"url\":\"https:\/\/getamarinelektrik.com.tr\/wp-content\/uploads\/2024\/11\/logo_black.png\",\"contentUrl\":\"https:\/\/getamarinelektrik.com.tr\/wp-content\/uploads\/2024\/11\/logo_black.png\",\"width\":308,\"height\":95,\"caption\":\"Geta Marin Elektrik\"},\"image\":{\"@id\":\"https:\/\/getamarinelektrik.com.tr\/#\/schema\/logo\/image\/\"},\"sameAs\":[\"https:\/\/www.facebook.com\/getamarinelektrik.com.tr\/\",\"https:\/\/www.instagram.com\/geta.marinelektrik\/\"]}]}<\/script>\n<!-- \/ Yoast SEO plugin. -->","yoast_head_json":{"title":"Sat\u0131\u015f - Geta Marin Elektrik","robots":{"index":"index","follow":"follow","max-snippet":"max-snippet:-1","max-image-preview":"max-image-preview:large","max-video-preview":"max-video-preview:-1"},"canonical":"https:\/\/getamarinelektrik.com.tr\/en\/satis\/","og_locale":"en_US","og_type":"article","og_title":"Sat\u0131\u015f - Geta Marin Elektrik","og_description":"WhatsApp Hatt\u0131 Hemen Ara Geta Marin Elektrik Sat\u0131\u015f Departman\u0131: Y\u00fcksek Kaliteli Elektrik \u00c7\u00f6z\u00fcmleriyle G\u00fcvenilir Hizmet Geta Marin Elektrik, denizcilik sekt\u00f6r\u00fcnde y\u00fcksek kaliteli elektrik \u00e7\u00f6z\u00fcmleri sa\u011flamakta uzmanla\u015fm\u0131\u015f bir m\u00fchendislik firmas\u0131d\u0131r. Sat\u0131\u015f departman\u0131m\u0131z, m\u00fc\u015fterilerimize en uygun elektrik sistemlerini sunmak i\u00e7in geni\u015f bir \u00fcr\u00fcn yelpazesi ve uzman kadro ile hizmet vermektedir. Elektrik altyap\u0131s\u0131ndan otomasyon sistemlerine, g\u00fcvenlik \u00e7\u00f6z\u00fcmlerinden enerji [&hellip;]","og_url":"https:\/\/getamarinelektrik.com.tr\/en\/satis\/","og_site_name":"Geta Marin Elektrik","article_publisher":"https:\/\/www.facebook.com\/getamarinelektrik.com.tr\/","article_modified_time":"2024-11-29T11:01:30+00:00","twitter_card":"summary_large_image","twitter_misc":{"Est. reading time":"3 minutes"},"schema":{"@context":"https:\/\/schema.org","@graph":[{"@type":"WebPage","@id":"https:\/\/getamarinelektrik.com.tr\/satis\/","url":"https:\/\/getamarinelektrik.com.tr\/satis\/","name":"Sat\u0131\u015f - Geta Marin Elektrik","isPartOf":{"@id":"https:\/\/getamarinelektrik.com.tr\/#website"},"datePublished":"2024-11-23T08:02:04+00:00","dateModified":"2024-11-29T11:01:30+00:00","breadcrumb":{"@id":"https:\/\/getamarinelektrik.com.tr\/satis\/#breadcrumb"},"inLanguage":"en-US","potentialAction":[{"@type":"ReadAction","target":["https:\/\/getamarinelektrik.com.tr\/satis\/"]}]},{"@type":"BreadcrumbList","@id":"https:\/\/getamarinelektrik.com.tr\/satis\/#breadcrumb","itemListElement":[{"@type":"ListItem","position":1,"name":"Anasayfa","item":"https:\/\/getamarinelektrik.com.tr\/"},{"@type":"ListItem","position":2,"name":"Sat\u0131\u015f"}]},{"@type":"WebSite","@id":"https:\/\/getamarinelektrik.com.tr\/#website","url":"https:\/\/getamarinelektrik.com.tr\/","name":"Geta Marin Elektrik","description":"Marin Sekt&ouml;r&uuml;nde T&uuml;m &Ccedil;&ouml;z&uuml;mler","publisher":{"@id":"https:\/\/getamarinelektrik.com.tr\/#organization"},"potentialAction":[{"@type":"SearchAction","target":{"@type":"EntryPoint","urlTemplate":"https:\/\/getamarinelektrik.com.tr\/?s={search_term_string}"},"query-input":{"@type":"PropertyValueSpecification","valueRequired":true,"valueName":"search_term_string"}}],"inLanguage":"en-US"},{"@type":"Organization","@id":"https:\/\/getamarinelektrik.com.tr\/#organization","name":"Geta Marin Elektrik","url":"https:\/\/getamarinelektrik.com.tr\/","logo":{"@type":"ImageObject","inLanguage":"en-US","@id":"https:\/\/getamarinelektrik.com.tr\/#\/schema\/logo\/image\/","url":"https:\/\/getamarinelektrik.com.tr\/wp-content\/uploads\/2024\/11\/logo_black.png","contentUrl":"https:\/\/getamarinelektrik.com.tr\/wp-content\/uploads\/2024\/11\/logo_black.png","width":308,"height":95,"caption":"Geta Marin Elektrik"},"image":{"@id":"https:\/\/getamarinelektrik.com.tr\/#\/schema\/logo\/image\/"},"sameAs":["https:\/\/www.facebook.com\/getamarinelektrik.com.tr\/","https:\/\/www.instagram.com\/geta.marinelektrik\/"]}]}},"_links":{"self":[{"href":"https:\/\/getamarinelektrik.com.tr\/en\/wp-json\/wp\/v2\/pages\/388","targetHints":{"allow":["GET"]}}],"collection":[{"href":"https:\/\/getamarinelektrik.com.tr\/en\/wp-json\/wp\/v2\/pages"}],"about":[{"href":"https:\/\/getamarinelektrik.com.tr\/en\/wp-json\/wp\/v2\/types\/page"}],"author":[{"embeddable":true,"href":"https:\/\/getamarinelektrik.com.tr\/en\/wp-json\/wp\/v2\/users\/1"}],"replies":[{"embeddable":true,"href":"https:\/\/getamarinelektrik.com.tr\/en\/wp-json\/wp\/v2\/comments?post=388"}],"version-history":[{"count":31,"href":"https:\/\/getamarinelektrik.com.tr\/en\/wp-json\/wp\/v2\/pages\/388\/revisions"}],"predecessor-version":[{"id":778,"href":"https:\/\/getamarinelektrik.com.tr\/en\/wp-json\/wp\/v2\/pages\/388\/revisions\/778"}],"wp:attachment":[{"href":"https:\/\/getamarinelektrik.com.tr\/en\/wp-json\/wp\/v2\/media?parent=388"}],"curies":[{"name":"wp","href":"https:\/\/api.w.org\/{rel}","templated":true}]}}