{"id":417,"date":"2024-11-23T11:21:32","date_gmt":"2024-11-23T08:21:32","guid":{"rendered":"https:\/\/getamarinelektrik.com.tr\/?page_id=417"},"modified":"2024-11-25T11:56:26","modified_gmt":"2024-11-25T08:56:26","slug":"askeri-projeler","status":"publish","type":"page","link":"https:\/\/getamarinelektrik.com.tr\/en\/our-fields-of-activity\/military-projects\/","title":{"rendered":"Military Projects"},"content":{"rendered":"<div data-elementor-type=\"wp-page\" data-elementor-id=\"417\" class=\"elementor elementor-417\" data-elementor-post-type=\"page\">\n\t\t\t\t\t\t<section class=\"elementor-section elementor-top-section elementor-element elementor-element-95203b4 elementor-reverse-mobile elementor-section-boxed elementor-section-height-default elementor-section-height-default\" data-id=\"95203b4\" data-element_type=\"section\">\n\t\t\t\t\t\t<div class=\"elementor-container elementor-column-gap-default\">\n\t\t\t\t\t<div class=\"elementor-column elementor-col-50 elementor-top-column elementor-element elementor-element-f6419c9 elementor-hidden-mobile\" data-id=\"f6419c9\" data-element_type=\"column\">\n\t\t\t<div class=\"elementor-widget-wrap elementor-element-populated\">\n\t\t\t\t\t\t<div class=\"elementor-element elementor-element-5db9a47 elementor-nav-menu--dropdown-none elementor-widget elementor-widget-nav-menu\" data-id=\"5db9a47\" data-element_type=\"widget\" data-settings=\"{&quot;layout&quot;:&quot;vertical&quot;,&quot;submenu_icon&quot;:{&quot;value&quot;:&quot;&lt;svg class=\\&quot;e-font-icon-svg e-fas-caret-down\\&quot; viewBox=\\&quot;0 0 320 512\\&quot; xmlns=\\&quot;http:\\\/\\\/www.w3.org\\\/2000\\\/svg\\&quot;&gt;&lt;path d=\\&quot;M31.3 192h257.3c17.8 0 26.7 21.5 14.1 34.1L174.1 354.8c-7.8 7.8-20.5 7.8-28.3 0L17.2 226.1C4.6 213.5 13.5 192 31.3 192z\\&quot;&gt;&lt;\\\/path&gt;&lt;\\\/svg&gt;&quot;,&quot;library&quot;:&quot;fa-solid&quot;}}\" data-widget_type=\"nav-menu.default\">\n\t\t\t\t<div class=\"elementor-widget-container\">\n\t\t\t\t\t\t<nav aria-label=\"Menu\" class=\"elementor-nav-menu--main elementor-nav-menu__container elementor-nav-menu--layout-vertical e--pointer-background e--animation-fade\">\n\t\t\t\t<ul id=\"menu-1-5db9a47\" class=\"elementor-nav-menu sm-vertical\"><li class=\"menu-item menu-item-type-post_type menu-item-object-page menu-item-434\"><a href=\"https:\/\/getamarinelektrik.com.tr\/en\/our-fields-of-activity\/military-projects\/\" class=\"elementor-item\">Military Projects<\/a><\/li>\n<li class=\"menu-item menu-item-type-post_type menu-item-object-page menu-item-435\"><a href=\"https:\/\/getamarinelektrik.com.tr\/en\/our-fields-of-activity\/power-plants\/\" class=\"elementor-item\">Power Plants<\/a><\/li>\n<li class=\"menu-item menu-item-type-post_type menu-item-object-page menu-item-436\"><a href=\"https:\/\/getamarinelektrik.com.tr\/en\/our-fields-of-activity\/commercial-projects\/\" class=\"elementor-item\">Commercial Projects<\/a><\/li>\n<\/ul>\t\t\t<\/nav>\n\t\t\t\t\t\t<nav class=\"elementor-nav-menu--dropdown elementor-nav-menu__container\" aria-hidden=\"true\">\n\t\t\t\t<ul id=\"menu-2-5db9a47\" class=\"elementor-nav-menu sm-vertical\"><li class=\"menu-item menu-item-type-post_type menu-item-object-page menu-item-434\"><a href=\"https:\/\/getamarinelektrik.com.tr\/en\/our-fields-of-activity\/military-projects\/\" class=\"elementor-item\" tabindex=\"-1\">Military Projects<\/a><\/li>\n<li class=\"menu-item menu-item-type-post_type menu-item-object-page menu-item-435\"><a href=\"https:\/\/getamarinelektrik.com.tr\/en\/our-fields-of-activity\/power-plants\/\" class=\"elementor-item\" tabindex=\"-1\">Power Plants<\/a><\/li>\n<li class=\"menu-item menu-item-type-post_type menu-item-object-page menu-item-436\"><a href=\"https:\/\/getamarinelektrik.com.tr\/en\/our-fields-of-activity\/commercial-projects\/\" class=\"elementor-item\" tabindex=\"-1\">Commercial Projects<\/a><\/li>\n<\/ul>\t\t\t<\/nav>\n\t\t\t\t<\/div>\n\t\t\t\t<\/div>\n\t\t\t\t\t<\/div>\n\t\t<\/div>\n\t\t\t\t<div class=\"elementor-column elementor-col-50 elementor-top-column elementor-element elementor-element-6618639\" data-id=\"6618639\" data-element_type=\"column\">\n\t\t\t<div class=\"elementor-widget-wrap elementor-element-populated\">\n\t\t\t\t\t\t<div class=\"elementor-element elementor-element-3692da5 elementor-widget elementor-widget-text-editor\" data-id=\"3692da5\" data-element_type=\"widget\" data-widget_type=\"text-editor.default\">\n\t\t\t\t<div class=\"elementor-widget-container\">\n\t\t\t\t\t\t\t<p>Geta Marin Elektrik provides the security, durability and efficiency required by the defense industry by offering high quality engineering solutions for military projects. We develop solutions that comply with high standards in every process from design to implementation in military projects. Our company, which has extensive experience in electrical systems, automation solutions and control systems, meets the requirements of critical projects in the defense industry at the highest level.<\/p><p><strong>Military Electrical Systems and Automation Solutions<\/strong><\/p><p>Military projects are projects that require high security and durability. Therefore, the design of military electrical systems and automation solutions is done with the latest technologies and optimized to withstand all kinds of difficult conditions. Geta Marin Elektrik designs electrical systems used in military marine, air and land platforms in special projects for the defense industry to ensure reliability and longevity. Safe and efficient automation solutions are developed for monitoring, managing and controlling systems.<\/p><p><strong>High Security and Durability<\/strong><\/p><p>In military projects, security comes first. As Geta Marin Elektrik, we offer robust infrastructures that comply with military standards to ensure the security of all systems used in our projects. All electrical infrastructure, automation systems and control solutions are meticulously designed to provide uninterrupted service in high-security environments. Each component is selected and tested in accordance with international military standards, so that the security of the projects is not compromised in any way.<\/p><p><strong>Engineering and Consulting Services<\/strong><\/p><p>Geta Marin Elektrik not only supplies products but also provides special engineering and consultancy services for military projects. In order to provide the most efficient and reliable solutions in the defense industry, we guide our customers at every stage of the project process. We overcome all kinds of difficulties by working with our expert team in the design, engineering and implementation stages from the beginning to the end of the projects.<\/p><p><strong>Environmentally Friendly and Efficient Solutions<\/strong><\/p><p>It is of great importance that the energy systems used in military projects are environmentally friendly as well as efficient. Geta Marin Elektrik designs environmentally friendly and energy efficient systems in military projects. By producing sustainable solutions, we both reduce your costs and minimize environmental impacts.<\/p><p>As Geta Marin Elektrik, we are determined to provide reliable and durable systems with the highest engineering standards in military projects. With our experienced team, we provide the success that the defense industry needs by producing special solutions for each project.<\/p>\t\t\t\t\t\t<\/div>\n\t\t\t\t<\/div>\n\t\t\t\t<div class=\"elementor-element elementor-element-7399a7b elementor-widget elementor-widget-gallery\" data-id=\"7399a7b\" data-element_type=\"widget\" data-settings=\"{&quot;gallery_layout&quot;:&quot;masonry&quot;,&quot;lazyload&quot;:&quot;yes&quot;,&quot;columns&quot;:4,&quot;columns_tablet&quot;:2,&quot;columns_mobile&quot;:1,&quot;gap&quot;:{&quot;unit&quot;:&quot;px&quot;,&quot;size&quot;:10,&quot;sizes&quot;:[]},&quot;gap_tablet&quot;:{&quot;unit&quot;:&quot;px&quot;,&quot;size&quot;:10,&quot;sizes&quot;:[]},&quot;gap_mobile&quot;:{&quot;unit&quot;:&quot;px&quot;,&quot;size&quot;:10,&quot;sizes&quot;:[]},&quot;link_to&quot;:&quot;file&quot;,&quot;content_hover_animation&quot;:&quot;fade-in&quot;}\" data-widget_type=\"gallery.default\">\n\t\t\t\t<div class=\"elementor-widget-container\">\n\t\t\t\t\t<div class=\"elementor-gallery__container\">\n\t\t\t\t\t\t\t<a class=\"e-gallery-item elementor-gallery-item elementor-animated-content\" href=\"https:\/\/getamarinelektrik.com.tr\/wp-content\/uploads\/2024\/11\/logo_getamarin.jpg\" data-elementor-open-lightbox=\"yes\" data-elementor-lightbox-slideshow=\"7399a7b\" data-e-action-hash=\"#elementor-action%3Aaction%3Dlightbox%26settings%3DeyJpZCI6NjYyLCJ1cmwiOiJodHRwczpcL1wvZ2V0YW1hcmluZWxla3RyaWsuY29tLnRyXC93cC1jb250ZW50XC91cGxvYWRzXC8yMDI0XC8xMVwvbG9nb19nZXRhbWFyaW4uanBnIiwic2xpZGVzaG93IjoiNzM5OWE3YiJ9\">\n\t\t\t\t\t<div class=\"e-gallery-image elementor-gallery-item__image\" data-thumbnail=\"https:\/\/getamarinelektrik.com.tr\/wp-content\/uploads\/2024\/11\/logo_getamarin.jpg\" data-width=\"1080\" data-height=\"1080\" aria-label=\"Geta Marin Elektrik Logo\" role=\"img\" ><\/div>\n\t\t\t\t\t\t\t\t\t\t\t\t\t\t<\/a>\n\t\t\t\t\t<\/div>\n\t\t\t<\/div>\n\t\t\t\t<\/div>\n\t\t\t\t\t<\/div>\n\t\t<\/div>\n\t\t\t\t\t<\/div>\n\t\t<\/section>\n\t\t\t\t<\/div>","protected":false},"excerpt":{"rendered":"<p>Geta Marin Elektrik, askeri projelere y\u00f6nelik y\u00fcksek kaliteli m\u00fchendislik \u00e7\u00f6z\u00fcmleri sunarak, savunma sanayinin ihtiya\u00e7 duydu\u011fu g\u00fcvenli\u011fi, dayan\u0131kl\u0131l\u0131\u011f\u0131 ve verimlili\u011fi sa\u011flamaktad\u0131r. Askeri projelerde, tasar\u0131m a\u015famas\u0131ndan uygulamaya kadar her s\u00fcre\u00e7te y\u00fcksek standartlara uygun \u00e7\u00f6z\u00fcmler geli\u015ftiriyoruz. Elektrik sistemleri, otomasyon \u00e7\u00f6z\u00fcmleri ve kontrol sistemleri konusunda geni\u015f bir deneyime sahip olan firmam\u0131z, savunma sanayisindeki kritik projelerdeki gereksinimleri en \u00fcst d\u00fczeyde [&hellip;]<\/p>","protected":false},"author":1,"featured_media":0,"parent":415,"menu_order":0,"comment_status":"closed","ping_status":"closed","template":"elementor_header_footer","meta":{"footnotes":""},"class_list":["post-417","page","type-page","status-publish","hentry"],"acf":[],"yoast_head":"<!-- This site is optimized with the Yoast SEO plugin v23.9 - https:\/\/yoast.com\/wordpress\/plugins\/seo\/ -->\n<title>Askeri Projeler - Geta Marin Elektrik<\/title>\n<meta name=\"robots\" content=\"index, follow, max-snippet:-1, max-image-preview:large, max-video-preview:-1\" \/>\n<link rel=\"canonical\" href=\"https:\/\/getamarinelektrik.com.tr\/en\/faaliyet-alanlarimiz\/askeri-projeler\/\" \/>\n<meta property=\"og:locale\" content=\"en_US\" \/>\n<meta property=\"og:type\" content=\"article\" \/>\n<meta property=\"og:title\" content=\"Askeri Projeler - Geta Marin Elektrik\" \/>\n<meta property=\"og:description\" content=\"Geta Marin Elektrik, askeri projelere y\u00f6nelik y\u00fcksek kaliteli m\u00fchendislik \u00e7\u00f6z\u00fcmleri sunarak, savunma sanayinin ihtiya\u00e7 duydu\u011fu g\u00fcvenli\u011fi, dayan\u0131kl\u0131l\u0131\u011f\u0131 ve verimlili\u011fi sa\u011flamaktad\u0131r. Askeri projelerde, tasar\u0131m a\u015famas\u0131ndan uygulamaya kadar her s\u00fcre\u00e7te y\u00fcksek standartlara uygun \u00e7\u00f6z\u00fcmler geli\u015ftiriyoruz. Elektrik sistemleri, otomasyon \u00e7\u00f6z\u00fcmleri ve kontrol sistemleri konusunda geni\u015f bir deneyime sahip olan firmam\u0131z, savunma sanayisindeki kritik projelerdeki gereksinimleri en \u00fcst d\u00fczeyde [&hellip;]\" \/>\n<meta property=\"og:url\" content=\"https:\/\/getamarinelektrik.com.tr\/en\/faaliyet-alanlarimiz\/askeri-projeler\/\" \/>\n<meta property=\"og:site_name\" content=\"Geta Marin Elektrik\" \/>\n<meta property=\"article:publisher\" content=\"https:\/\/www.facebook.com\/getamarinelektrik.com.tr\/\" \/>\n<meta property=\"article:modified_time\" content=\"2024-11-25T08:56:26+00:00\" \/>\n<meta name=\"twitter:card\" content=\"summary_large_image\" \/>\n<meta name=\"twitter:label1\" content=\"Est. reading time\" \/>\n\t<meta name=\"twitter:data1\" content=\"3 minutes\" \/>\n<script type=\"application\/ld+json\" class=\"yoast-schema-graph\">{\"@context\":\"https:\/\/schema.org\",\"@graph\":[{\"@type\":\"WebPage\",\"@id\":\"https:\/\/getamarinelektrik.com.tr\/faaliyet-alanlarimiz\/askeri-projeler\/\",\"url\":\"https:\/\/getamarinelektrik.com.tr\/faaliyet-alanlarimiz\/askeri-projeler\/\",\"name\":\"Askeri Projeler - Geta Marin Elektrik\",\"isPartOf\":{\"@id\":\"https:\/\/getamarinelektrik.com.tr\/#website\"},\"datePublished\":\"2024-11-23T08:21:32+00:00\",\"dateModified\":\"2024-11-25T08:56:26+00:00\",\"breadcrumb\":{\"@id\":\"https:\/\/getamarinelektrik.com.tr\/faaliyet-alanlarimiz\/askeri-projeler\/#breadcrumb\"},\"inLanguage\":\"en-US\",\"potentialAction\":[{\"@type\":\"ReadAction\",\"target\":[\"https:\/\/getamarinelektrik.com.tr\/faaliyet-alanlarimiz\/askeri-projeler\/\"]}]},{\"@type\":\"BreadcrumbList\",\"@id\":\"https:\/\/getamarinelektrik.com.tr\/faaliyet-alanlarimiz\/askeri-projeler\/#breadcrumb\",\"itemListElement\":[{\"@type\":\"ListItem\",\"position\":1,\"name\":\"Anasayfa\",\"item\":\"https:\/\/getamarinelektrik.com.tr\/\"},{\"@type\":\"ListItem\",\"position\":2,\"name\":\"Faaliyet Alanlar\u0131m\u0131z\",\"item\":\"https:\/\/getamarinelektrik.com.tr\/faaliyet-alanlarimiz\/\"},{\"@type\":\"ListItem\",\"position\":3,\"name\":\"Askeri Projeler\"}]},{\"@type\":\"WebSite\",\"@id\":\"https:\/\/getamarinelektrik.com.tr\/#website\",\"url\":\"https:\/\/getamarinelektrik.com.tr\/\",\"name\":\"Geta Marin Elektrik\",\"description\":\"Marin Sekt&ouml;r&uuml;nde T&uuml;m &Ccedil;&ouml;z&uuml;mler\",\"publisher\":{\"@id\":\"https:\/\/getamarinelektrik.com.tr\/#organization\"},\"potentialAction\":[{\"@type\":\"SearchAction\",\"target\":{\"@type\":\"EntryPoint\",\"urlTemplate\":\"https:\/\/getamarinelektrik.com.tr\/?s={search_term_string}\"},\"query-input\":{\"@type\":\"PropertyValueSpecification\",\"valueRequired\":true,\"valueName\":\"search_term_string\"}}],\"inLanguage\":\"en-US\"},{\"@type\":\"Organization\",\"@id\":\"https:\/\/getamarinelektrik.com.tr\/#organization\",\"name\":\"Geta Marin Elektrik\",\"url\":\"https:\/\/getamarinelektrik.com.tr\/\",\"logo\":{\"@type\":\"ImageObject\",\"inLanguage\":\"en-US\",\"@id\":\"https:\/\/getamarinelektrik.com.tr\/#\/schema\/logo\/image\/\",\"url\":\"https:\/\/getamarinelektrik.com.tr\/wp-content\/uploads\/2024\/11\/logo_black.png\",\"contentUrl\":\"https:\/\/getamarinelektrik.com.tr\/wp-content\/uploads\/2024\/11\/logo_black.png\",\"width\":308,\"height\":95,\"caption\":\"Geta Marin Elektrik\"},\"image\":{\"@id\":\"https:\/\/getamarinelektrik.com.tr\/#\/schema\/logo\/image\/\"},\"sameAs\":[\"https:\/\/www.facebook.com\/getamarinelektrik.com.tr\/\",\"https:\/\/www.instagram.com\/geta.marinelektrik\/\"]}]}<\/script>\n<!-- \/ Yoast SEO plugin. -->","yoast_head_json":{"title":"Askeri Projeler - Geta Marin Elektrik","robots":{"index":"index","follow":"follow","max-snippet":"max-snippet:-1","max-image-preview":"max-image-preview:large","max-video-preview":"max-video-preview:-1"},"canonical":"https:\/\/getamarinelektrik.com.tr\/en\/faaliyet-alanlarimiz\/askeri-projeler\/","og_locale":"en_US","og_type":"article","og_title":"Askeri Projeler - Geta Marin Elektrik","og_description":"Geta Marin Elektrik, askeri projelere y\u00f6nelik y\u00fcksek kaliteli m\u00fchendislik \u00e7\u00f6z\u00fcmleri sunarak, savunma sanayinin ihtiya\u00e7 duydu\u011fu g\u00fcvenli\u011fi, dayan\u0131kl\u0131l\u0131\u011f\u0131 ve verimlili\u011fi sa\u011flamaktad\u0131r. Askeri projelerde, tasar\u0131m a\u015famas\u0131ndan uygulamaya kadar her s\u00fcre\u00e7te y\u00fcksek standartlara uygun \u00e7\u00f6z\u00fcmler geli\u015ftiriyoruz. Elektrik sistemleri, otomasyon \u00e7\u00f6z\u00fcmleri ve kontrol sistemleri konusunda geni\u015f bir deneyime sahip olan firmam\u0131z, savunma sanayisindeki kritik projelerdeki gereksinimleri en \u00fcst d\u00fczeyde [&hellip;]","og_url":"https:\/\/getamarinelektrik.com.tr\/en\/faaliyet-alanlarimiz\/askeri-projeler\/","og_site_name":"Geta Marin Elektrik","article_publisher":"https:\/\/www.facebook.com\/getamarinelektrik.com.tr\/","article_modified_time":"2024-11-25T08:56:26+00:00","twitter_card":"summary_large_image","twitter_misc":{"Est. reading time":"3 minutes"},"schema":{"@context":"https:\/\/schema.org","@graph":[{"@type":"WebPage","@id":"https:\/\/getamarinelektrik.com.tr\/faaliyet-alanlarimiz\/askeri-projeler\/","url":"https:\/\/getamarinelektrik.com.tr\/faaliyet-alanlarimiz\/askeri-projeler\/","name":"Askeri Projeler - Geta Marin Elektrik","isPartOf":{"@id":"https:\/\/getamarinelektrik.com.tr\/#website"},"datePublished":"2024-11-23T08:21:32+00:00","dateModified":"2024-11-25T08:56:26+00:00","breadcrumb":{"@id":"https:\/\/getamarinelektrik.com.tr\/faaliyet-alanlarimiz\/askeri-projeler\/#breadcrumb"},"inLanguage":"en-US","potentialAction":[{"@type":"ReadAction","target":["https:\/\/getamarinelektrik.com.tr\/faaliyet-alanlarimiz\/askeri-projeler\/"]}]},{"@type":"BreadcrumbList","@id":"https:\/\/getamarinelektrik.com.tr\/faaliyet-alanlarimiz\/askeri-projeler\/#breadcrumb","itemListElement":[{"@type":"ListItem","position":1,"name":"Anasayfa","item":"https:\/\/getamarinelektrik.com.tr\/"},{"@type":"ListItem","position":2,"name":"Faaliyet Alanlar\u0131m\u0131z","item":"https:\/\/getamarinelektrik.com.tr\/faaliyet-alanlarimiz\/"},{"@type":"ListItem","position":3,"name":"Askeri Projeler"}]},{"@type":"WebSite","@id":"https:\/\/getamarinelektrik.com.tr\/#website","url":"https:\/\/getamarinelektrik.com.tr\/","name":"Geta Marin Elektrik","description":"Marin Sekt&ouml;r&uuml;nde T&uuml;m &Ccedil;&ouml;z&uuml;mler","publisher":{"@id":"https:\/\/getamarinelektrik.com.tr\/#organization"},"potentialAction":[{"@type":"SearchAction","target":{"@type":"EntryPoint","urlTemplate":"https:\/\/getamarinelektrik.com.tr\/?s={search_term_string}"},"query-input":{"@type":"PropertyValueSpecification","valueRequired":true,"valueName":"search_term_string"}}],"inLanguage":"en-US"},{"@type":"Organization","@id":"https:\/\/getamarinelektrik.com.tr\/#organization","name":"Geta Marin Elektrik","url":"https:\/\/getamarinelektrik.com.tr\/","logo":{"@type":"ImageObject","inLanguage":"en-US","@id":"https:\/\/getamarinelektrik.com.tr\/#\/schema\/logo\/image\/","url":"https:\/\/getamarinelektrik.com.tr\/wp-content\/uploads\/2024\/11\/logo_black.png","contentUrl":"https:\/\/getamarinelektrik.com.tr\/wp-content\/uploads\/2024\/11\/logo_black.png","width":308,"height":95,"caption":"Geta Marin Elektrik"},"image":{"@id":"https:\/\/getamarinelektrik.com.tr\/#\/schema\/logo\/image\/"},"sameAs":["https:\/\/www.facebook.com\/getamarinelektrik.com.tr\/","https:\/\/www.instagram.com\/geta.marinelektrik\/"]}]}},"_links":{"self":[{"href":"https:\/\/getamarinelektrik.com.tr\/en\/wp-json\/wp\/v2\/pages\/417","targetHints":{"allow":["GET"]}}],"collection":[{"href":"https:\/\/getamarinelektrik.com.tr\/en\/wp-json\/wp\/v2\/pages"}],"about":[{"href":"https:\/\/getamarinelektrik.com.tr\/en\/wp-json\/wp\/v2\/types\/page"}],"author":[{"embeddable":true,"href":"https:\/\/getamarinelektrik.com.tr\/en\/wp-json\/wp\/v2\/users\/1"}],"replies":[{"embeddable":true,"href":"https:\/\/getamarinelektrik.com.tr\/en\/wp-json\/wp\/v2\/comments?post=417"}],"version-history":[{"count":10,"href":"https:\/\/getamarinelektrik.com.tr\/en\/wp-json\/wp\/v2\/pages\/417\/revisions"}],"predecessor-version":[{"id":688,"href":"https:\/\/getamarinelektrik.com.tr\/en\/wp-json\/wp\/v2\/pages\/417\/revisions\/688"}],"up":[{"embeddable":true,"href":"https:\/\/getamarinelektrik.com.tr\/en\/wp-json\/wp\/v2\/pages\/415"}],"wp:attachment":[{"href":"https:\/\/getamarinelektrik.com.tr\/en\/wp-json\/wp\/v2\/media?parent=417"}],"curies":[{"name":"wp","href":"https:\/\/api.w.org\/{rel}","templated":true}]}}