{"id":419,"date":"2024-11-23T11:21:42","date_gmt":"2024-11-23T08:21:42","guid":{"rendered":"https:\/\/getamarinelektrik.com.tr\/?page_id=419"},"modified":"2024-11-25T11:56:51","modified_gmt":"2024-11-25T08:56:51","slug":"ticari-projeler","status":"publish","type":"page","link":"https:\/\/getamarinelektrik.com.tr\/en\/our-fields-of-activity\/commercial-projects\/","title":{"rendered":"Commercial Projects"},"content":{"rendered":"<div data-elementor-type=\"wp-page\" data-elementor-id=\"419\" class=\"elementor elementor-419\" data-elementor-post-type=\"page\">\n\t\t\t\t\t\t<section class=\"elementor-section elementor-top-section elementor-element elementor-element-21e14f3 elementor-reverse-mobile elementor-section-boxed elementor-section-height-default elementor-section-height-default\" data-id=\"21e14f3\" data-element_type=\"section\">\n\t\t\t\t\t\t<div class=\"elementor-container elementor-column-gap-default\">\n\t\t\t\t\t<div class=\"elementor-column elementor-col-50 elementor-top-column elementor-element elementor-element-096cf05 elementor-hidden-mobile\" data-id=\"096cf05\" data-element_type=\"column\">\n\t\t\t<div class=\"elementor-widget-wrap elementor-element-populated\">\n\t\t\t\t\t\t<div class=\"elementor-element elementor-element-ed467d8 elementor-nav-menu--dropdown-none elementor-widget elementor-widget-nav-menu\" data-id=\"ed467d8\" data-element_type=\"widget\" data-settings=\"{&quot;layout&quot;:&quot;vertical&quot;,&quot;submenu_icon&quot;:{&quot;value&quot;:&quot;&lt;svg class=\\&quot;e-font-icon-svg e-fas-caret-down\\&quot; viewBox=\\&quot;0 0 320 512\\&quot; xmlns=\\&quot;http:\\\/\\\/www.w3.org\\\/2000\\\/svg\\&quot;&gt;&lt;path d=\\&quot;M31.3 192h257.3c17.8 0 26.7 21.5 14.1 34.1L174.1 354.8c-7.8 7.8-20.5 7.8-28.3 0L17.2 226.1C4.6 213.5 13.5 192 31.3 192z\\&quot;&gt;&lt;\\\/path&gt;&lt;\\\/svg&gt;&quot;,&quot;library&quot;:&quot;fa-solid&quot;}}\" data-widget_type=\"nav-menu.default\">\n\t\t\t\t<div class=\"elementor-widget-container\">\n\t\t\t\t\t\t<nav aria-label=\"Menu\" class=\"elementor-nav-menu--main elementor-nav-menu__container elementor-nav-menu--layout-vertical e--pointer-background e--animation-fade\">\n\t\t\t\t<ul id=\"menu-1-ed467d8\" class=\"elementor-nav-menu sm-vertical\"><li class=\"menu-item menu-item-type-post_type menu-item-object-page menu-item-434\"><a href=\"https:\/\/getamarinelektrik.com.tr\/en\/our-fields-of-activity\/military-projects\/\" class=\"elementor-item\">Military Projects<\/a><\/li>\n<li class=\"menu-item menu-item-type-post_type menu-item-object-page menu-item-435\"><a href=\"https:\/\/getamarinelektrik.com.tr\/en\/our-fields-of-activity\/power-plants\/\" class=\"elementor-item\">Power Plants<\/a><\/li>\n<li class=\"menu-item menu-item-type-post_type menu-item-object-page menu-item-436\"><a href=\"https:\/\/getamarinelektrik.com.tr\/en\/our-fields-of-activity\/commercial-projects\/\" class=\"elementor-item\">Commercial Projects<\/a><\/li>\n<\/ul>\t\t\t<\/nav>\n\t\t\t\t\t\t<nav class=\"elementor-nav-menu--dropdown elementor-nav-menu__container\" aria-hidden=\"true\">\n\t\t\t\t<ul id=\"menu-2-ed467d8\" class=\"elementor-nav-menu sm-vertical\"><li class=\"menu-item menu-item-type-post_type menu-item-object-page menu-item-434\"><a href=\"https:\/\/getamarinelektrik.com.tr\/en\/our-fields-of-activity\/military-projects\/\" class=\"elementor-item\" tabindex=\"-1\">Military Projects<\/a><\/li>\n<li class=\"menu-item menu-item-type-post_type menu-item-object-page menu-item-435\"><a href=\"https:\/\/getamarinelektrik.com.tr\/en\/our-fields-of-activity\/power-plants\/\" class=\"elementor-item\" tabindex=\"-1\">Power Plants<\/a><\/li>\n<li class=\"menu-item menu-item-type-post_type menu-item-object-page menu-item-436\"><a href=\"https:\/\/getamarinelektrik.com.tr\/en\/our-fields-of-activity\/commercial-projects\/\" class=\"elementor-item\" tabindex=\"-1\">Commercial Projects<\/a><\/li>\n<\/ul>\t\t\t<\/nav>\n\t\t\t\t<\/div>\n\t\t\t\t<\/div>\n\t\t\t\t\t<\/div>\n\t\t<\/div>\n\t\t\t\t<div class=\"elementor-column elementor-col-50 elementor-top-column elementor-element elementor-element-2918679\" data-id=\"2918679\" data-element_type=\"column\">\n\t\t\t<div class=\"elementor-widget-wrap elementor-element-populated\">\n\t\t\t\t\t\t<div class=\"elementor-element elementor-element-532ff72 elementor-widget elementor-widget-text-editor\" data-id=\"532ff72\" data-element_type=\"widget\" data-widget_type=\"text-editor.default\">\n\t\t\t\t<div class=\"elementor-widget-container\">\n\t\t\t\t\t\t\t<p>Geta Marin Elektrik is an engineering company specializing in energy solutions, electrical infrastructure and automation systems in commercial projects. Commercial projects require specially designed solutions to meet the energy needs of workplaces operating in all types of trade areas. Our company offers quality and efficient services in a wide range of commercial areas from shopping malls to offices, hotels to industrial facilities. Our goal in commercial projects is to provide special, reliable and sustainable energy solutions to each of our customers.<\/p><p><strong>Electrical Infrastructure and Distribution Systems<\/strong><\/p><p>Having a strong electrical infrastructure is essential for the successful completion of commercial projects. Geta Marin Elektrik specializes in the design and installation of important components such as energy distribution systems, transformer center installations, electrical panels and energy transmission lines for commercial projects. Having a solid and secure electrical infrastructure is of great importance for your business to operate efficiently. Our company meets all these needs with long-lasting solutions that comply with international standards.<\/p><p><strong>Automation and Intelligent Building Systems<\/strong><\/p><p>In commercial projects, automation systems play a major role in increasing energy efficiency and reducing operating costs. Geta Marin Elektrik offers integrated solutions such as smart building systems, lighting control, heating and cooling systems and energy management systems for commercial areas. These systems provide energy savings while also creating a comfortable and safe environment. With smart building technologies, all electrical processes of commercial buildings can be easily managed.<\/p><p><strong>Lighting Systems<\/strong><\/p><p>Proper lighting in commercial projects is a critical element that both increases energy efficiency and improves the business area visually and functionally. Geta Marin Elektrik offers efficient and aesthetic lighting solutions for commercial areas. Lighting systems customized according to needs increase efficiency in work areas while contributing to the overall atmosphere of the business. Energy consumption is minimized and operating costs are reduced with lighting control systems.<\/p><p><strong>Security Systems and Fire Alarm Systems<\/strong><\/p><p>Security is always a priority in commercial projects. Geta Marin Elektrik offers comprehensive security solutions in commercial projects. Security infrastructures such as CCTV cameras, alarm systems, emergency lighting systems and fire alarm systems help protect workplaces. In addition, all our security systems are designed with energy efficiency in mind and 24\/7 monitoring is provided.<\/p><p><strong>Maintenance and Troubleshooting Solutions<\/strong><\/p><p>In commercial projects, regular maintenance of systems and rapid resolution of potential faults are of great importance. Geta Marin Elektrik offers maintenance and support services for commercial areas. With regular maintenance services to ensure the proper operation of your electrical infrastructure, we detect potential faults in advance. In addition, we quickly intervene in emergency situations and help your workplace operate without interruption.<\/p><p>Geta Marin Elektrik offers reliable, efficient and long-lasting energy solutions for commercial projects and workplaces of all sizes and sectors. With a wide range of services from electrical infrastructure to automation systems, from security solutions to lighting, we bring your commercial projects to life at the highest standards. Geta Marin Elektrik offers the right solution for you to meet the energy needs of your business in the most efficient way and to ensure its safety.<\/p>\t\t\t\t\t\t<\/div>\n\t\t\t\t<\/div>\n\t\t\t\t<div class=\"elementor-element elementor-element-8bf3546 elementor-widget elementor-widget-gallery\" data-id=\"8bf3546\" data-element_type=\"widget\" data-settings=\"{&quot;gallery_layout&quot;:&quot;masonry&quot;,&quot;lazyload&quot;:&quot;yes&quot;,&quot;columns&quot;:4,&quot;columns_tablet&quot;:2,&quot;columns_mobile&quot;:1,&quot;gap&quot;:{&quot;unit&quot;:&quot;px&quot;,&quot;size&quot;:10,&quot;sizes&quot;:[]},&quot;gap_tablet&quot;:{&quot;unit&quot;:&quot;px&quot;,&quot;size&quot;:10,&quot;sizes&quot;:[]},&quot;gap_mobile&quot;:{&quot;unit&quot;:&quot;px&quot;,&quot;size&quot;:10,&quot;sizes&quot;:[]},&quot;link_to&quot;:&quot;file&quot;,&quot;content_hover_animation&quot;:&quot;fade-in&quot;}\" data-widget_type=\"gallery.default\">\n\t\t\t\t<div class=\"elementor-widget-container\">\n\t\t\t\t\t<div class=\"elementor-gallery__container\">\n\t\t\t\t\t\t\t<a class=\"e-gallery-item elementor-gallery-item elementor-animated-content\" href=\"https:\/\/getamarinelektrik.com.tr\/wp-content\/uploads\/2024\/11\/logo_getamarin.jpg\" data-elementor-open-lightbox=\"yes\" data-elementor-lightbox-slideshow=\"8bf3546\" data-e-action-hash=\"#elementor-action%3Aaction%3Dlightbox%26settings%3DeyJpZCI6NjYyLCJ1cmwiOiJodHRwczpcL1wvZ2V0YW1hcmluZWxla3RyaWsuY29tLnRyXC93cC1jb250ZW50XC91cGxvYWRzXC8yMDI0XC8xMVwvbG9nb19nZXRhbWFyaW4uanBnIiwic2xpZGVzaG93IjoiOGJmMzU0NiJ9\">\n\t\t\t\t\t<div class=\"e-gallery-image elementor-gallery-item__image\" data-thumbnail=\"https:\/\/getamarinelektrik.com.tr\/wp-content\/uploads\/2024\/11\/logo_getamarin.jpg\" data-width=\"1080\" data-height=\"1080\" aria-label=\"Geta Marin Elektrik Logo\" role=\"img\" ><\/div>\n\t\t\t\t\t\t\t\t\t\t\t\t\t\t<\/a>\n\t\t\t\t\t<\/div>\n\t\t\t<\/div>\n\t\t\t\t<\/div>\n\t\t\t\t\t<\/div>\n\t\t<\/div>\n\t\t\t\t\t<\/div>\n\t\t<\/section>\n\t\t\t\t<\/div>","protected":false},"excerpt":{"rendered":"<p>Geta Marin Elektrik, ticari projelerde enerji \u00e7\u00f6z\u00fcmleri, elektrik altyap\u0131s\u0131 ve otomasyon sistemleri konusunda uzmanla\u015fm\u0131\u015f bir m\u00fchendislik firmas\u0131d\u0131r. Ticari projeler, her t\u00fcrl\u00fc ticaret alan\u0131nda faaliyet g\u00f6steren i\u015f yerlerinin enerji gereksinimlerini kar\u015f\u0131lamak i\u00e7in \u00f6zel olarak tasarlanm\u0131\u015f \u00e7\u00f6z\u00fcmler gerektirir. Firmam\u0131z, al\u0131\u015fveri\u015f merkezlerinden ofislere, otellerden sanayi tesislerine kadar geni\u015f bir ticari alan yelpazesinde kaliteli ve verimli hizmetler sunmaktad\u0131r. Ticari [&hellip;]<\/p>","protected":false},"author":1,"featured_media":0,"parent":415,"menu_order":0,"comment_status":"closed","ping_status":"closed","template":"elementor_header_footer","meta":{"footnotes":""},"class_list":["post-419","page","type-page","status-publish","hentry"],"acf":[],"yoast_head":"<!-- This site is optimized with the Yoast SEO plugin v23.9 - https:\/\/yoast.com\/wordpress\/plugins\/seo\/ -->\n<title>Ticari Projeler - Geta Marin Elektrik<\/title>\n<meta name=\"robots\" content=\"index, follow, max-snippet:-1, max-image-preview:large, max-video-preview:-1\" \/>\n<link rel=\"canonical\" href=\"https:\/\/getamarinelektrik.com.tr\/en\/faaliyet-alanlarimiz\/ticari-projeler\/\" \/>\n<meta property=\"og:locale\" content=\"en_US\" \/>\n<meta property=\"og:type\" content=\"article\" \/>\n<meta property=\"og:title\" content=\"Ticari Projeler - Geta Marin Elektrik\" \/>\n<meta property=\"og:description\" content=\"Geta Marin Elektrik, ticari projelerde enerji \u00e7\u00f6z\u00fcmleri, elektrik altyap\u0131s\u0131 ve otomasyon sistemleri konusunda uzmanla\u015fm\u0131\u015f bir m\u00fchendislik firmas\u0131d\u0131r. Ticari projeler, her t\u00fcrl\u00fc ticaret alan\u0131nda faaliyet g\u00f6steren i\u015f yerlerinin enerji gereksinimlerini kar\u015f\u0131lamak i\u00e7in \u00f6zel olarak tasarlanm\u0131\u015f \u00e7\u00f6z\u00fcmler gerektirir. Firmam\u0131z, al\u0131\u015fveri\u015f merkezlerinden ofislere, otellerden sanayi tesislerine kadar geni\u015f bir ticari alan yelpazesinde kaliteli ve verimli hizmetler sunmaktad\u0131r. Ticari [&hellip;]\" \/>\n<meta property=\"og:url\" content=\"https:\/\/getamarinelektrik.com.tr\/en\/faaliyet-alanlarimiz\/ticari-projeler\/\" \/>\n<meta property=\"og:site_name\" content=\"Geta Marin Elektrik\" \/>\n<meta property=\"article:publisher\" content=\"https:\/\/www.facebook.com\/getamarinelektrik.com.tr\/\" \/>\n<meta property=\"article:modified_time\" content=\"2024-11-25T08:56:51+00:00\" \/>\n<meta name=\"twitter:card\" content=\"summary_large_image\" \/>\n<meta name=\"twitter:label1\" content=\"Est. reading time\" \/>\n\t<meta name=\"twitter:data1\" content=\"3 minutes\" \/>\n<script type=\"application\/ld+json\" class=\"yoast-schema-graph\">{\"@context\":\"https:\/\/schema.org\",\"@graph\":[{\"@type\":\"WebPage\",\"@id\":\"https:\/\/getamarinelektrik.com.tr\/faaliyet-alanlarimiz\/ticari-projeler\/\",\"url\":\"https:\/\/getamarinelektrik.com.tr\/faaliyet-alanlarimiz\/ticari-projeler\/\",\"name\":\"Ticari Projeler - Geta Marin Elektrik\",\"isPartOf\":{\"@id\":\"https:\/\/getamarinelektrik.com.tr\/#website\"},\"datePublished\":\"2024-11-23T08:21:42+00:00\",\"dateModified\":\"2024-11-25T08:56:51+00:00\",\"breadcrumb\":{\"@id\":\"https:\/\/getamarinelektrik.com.tr\/faaliyet-alanlarimiz\/ticari-projeler\/#breadcrumb\"},\"inLanguage\":\"en-US\",\"potentialAction\":[{\"@type\":\"ReadAction\",\"target\":[\"https:\/\/getamarinelektrik.com.tr\/faaliyet-alanlarimiz\/ticari-projeler\/\"]}]},{\"@type\":\"BreadcrumbList\",\"@id\":\"https:\/\/getamarinelektrik.com.tr\/faaliyet-alanlarimiz\/ticari-projeler\/#breadcrumb\",\"itemListElement\":[{\"@type\":\"ListItem\",\"position\":1,\"name\":\"Anasayfa\",\"item\":\"https:\/\/getamarinelektrik.com.tr\/\"},{\"@type\":\"ListItem\",\"position\":2,\"name\":\"Faaliyet Alanlar\u0131m\u0131z\",\"item\":\"https:\/\/getamarinelektrik.com.tr\/faaliyet-alanlarimiz\/\"},{\"@type\":\"ListItem\",\"position\":3,\"name\":\"Ticari Projeler\"}]},{\"@type\":\"WebSite\",\"@id\":\"https:\/\/getamarinelektrik.com.tr\/#website\",\"url\":\"https:\/\/getamarinelektrik.com.tr\/\",\"name\":\"Geta Marin Elektrik\",\"description\":\"Marin Sekt&ouml;r&uuml;nde T&uuml;m &Ccedil;&ouml;z&uuml;mler\",\"publisher\":{\"@id\":\"https:\/\/getamarinelektrik.com.tr\/#organization\"},\"potentialAction\":[{\"@type\":\"SearchAction\",\"target\":{\"@type\":\"EntryPoint\",\"urlTemplate\":\"https:\/\/getamarinelektrik.com.tr\/?s={search_term_string}\"},\"query-input\":{\"@type\":\"PropertyValueSpecification\",\"valueRequired\":true,\"valueName\":\"search_term_string\"}}],\"inLanguage\":\"en-US\"},{\"@type\":\"Organization\",\"@id\":\"https:\/\/getamarinelektrik.com.tr\/#organization\",\"name\":\"Geta Marin Elektrik\",\"url\":\"https:\/\/getamarinelektrik.com.tr\/\",\"logo\":{\"@type\":\"ImageObject\",\"inLanguage\":\"en-US\",\"@id\":\"https:\/\/getamarinelektrik.com.tr\/#\/schema\/logo\/image\/\",\"url\":\"https:\/\/getamarinelektrik.com.tr\/wp-content\/uploads\/2024\/11\/logo_black.png\",\"contentUrl\":\"https:\/\/getamarinelektrik.com.tr\/wp-content\/uploads\/2024\/11\/logo_black.png\",\"width\":308,\"height\":95,\"caption\":\"Geta Marin Elektrik\"},\"image\":{\"@id\":\"https:\/\/getamarinelektrik.com.tr\/#\/schema\/logo\/image\/\"},\"sameAs\":[\"https:\/\/www.facebook.com\/getamarinelektrik.com.tr\/\",\"https:\/\/www.instagram.com\/geta.marinelektrik\/\"]}]}<\/script>\n<!-- \/ Yoast SEO plugin. -->","yoast_head_json":{"title":"Ticari Projeler - Geta Marin Elektrik","robots":{"index":"index","follow":"follow","max-snippet":"max-snippet:-1","max-image-preview":"max-image-preview:large","max-video-preview":"max-video-preview:-1"},"canonical":"https:\/\/getamarinelektrik.com.tr\/en\/faaliyet-alanlarimiz\/ticari-projeler\/","og_locale":"en_US","og_type":"article","og_title":"Ticari Projeler - Geta Marin Elektrik","og_description":"Geta Marin Elektrik, ticari projelerde enerji \u00e7\u00f6z\u00fcmleri, elektrik altyap\u0131s\u0131 ve otomasyon sistemleri konusunda uzmanla\u015fm\u0131\u015f bir m\u00fchendislik firmas\u0131d\u0131r. Ticari projeler, her t\u00fcrl\u00fc ticaret alan\u0131nda faaliyet g\u00f6steren i\u015f yerlerinin enerji gereksinimlerini kar\u015f\u0131lamak i\u00e7in \u00f6zel olarak tasarlanm\u0131\u015f \u00e7\u00f6z\u00fcmler gerektirir. Firmam\u0131z, al\u0131\u015fveri\u015f merkezlerinden ofislere, otellerden sanayi tesislerine kadar geni\u015f bir ticari alan yelpazesinde kaliteli ve verimli hizmetler sunmaktad\u0131r. Ticari [&hellip;]","og_url":"https:\/\/getamarinelektrik.com.tr\/en\/faaliyet-alanlarimiz\/ticari-projeler\/","og_site_name":"Geta Marin Elektrik","article_publisher":"https:\/\/www.facebook.com\/getamarinelektrik.com.tr\/","article_modified_time":"2024-11-25T08:56:51+00:00","twitter_card":"summary_large_image","twitter_misc":{"Est. reading time":"3 minutes"},"schema":{"@context":"https:\/\/schema.org","@graph":[{"@type":"WebPage","@id":"https:\/\/getamarinelektrik.com.tr\/faaliyet-alanlarimiz\/ticari-projeler\/","url":"https:\/\/getamarinelektrik.com.tr\/faaliyet-alanlarimiz\/ticari-projeler\/","name":"Ticari Projeler - Geta Marin Elektrik","isPartOf":{"@id":"https:\/\/getamarinelektrik.com.tr\/#website"},"datePublished":"2024-11-23T08:21:42+00:00","dateModified":"2024-11-25T08:56:51+00:00","breadcrumb":{"@id":"https:\/\/getamarinelektrik.com.tr\/faaliyet-alanlarimiz\/ticari-projeler\/#breadcrumb"},"inLanguage":"en-US","potentialAction":[{"@type":"ReadAction","target":["https:\/\/getamarinelektrik.com.tr\/faaliyet-alanlarimiz\/ticari-projeler\/"]}]},{"@type":"BreadcrumbList","@id":"https:\/\/getamarinelektrik.com.tr\/faaliyet-alanlarimiz\/ticari-projeler\/#breadcrumb","itemListElement":[{"@type":"ListItem","position":1,"name":"Anasayfa","item":"https:\/\/getamarinelektrik.com.tr\/"},{"@type":"ListItem","position":2,"name":"Faaliyet Alanlar\u0131m\u0131z","item":"https:\/\/getamarinelektrik.com.tr\/faaliyet-alanlarimiz\/"},{"@type":"ListItem","position":3,"name":"Ticari Projeler"}]},{"@type":"WebSite","@id":"https:\/\/getamarinelektrik.com.tr\/#website","url":"https:\/\/getamarinelektrik.com.tr\/","name":"Geta Marin Elektrik","description":"Marin Sekt&ouml;r&uuml;nde T&uuml;m &Ccedil;&ouml;z&uuml;mler","publisher":{"@id":"https:\/\/getamarinelektrik.com.tr\/#organization"},"potentialAction":[{"@type":"SearchAction","target":{"@type":"EntryPoint","urlTemplate":"https:\/\/getamarinelektrik.com.tr\/?s={search_term_string}"},"query-input":{"@type":"PropertyValueSpecification","valueRequired":true,"valueName":"search_term_string"}}],"inLanguage":"en-US"},{"@type":"Organization","@id":"https:\/\/getamarinelektrik.com.tr\/#organization","name":"Geta Marin Elektrik","url":"https:\/\/getamarinelektrik.com.tr\/","logo":{"@type":"ImageObject","inLanguage":"en-US","@id":"https:\/\/getamarinelektrik.com.tr\/#\/schema\/logo\/image\/","url":"https:\/\/getamarinelektrik.com.tr\/wp-content\/uploads\/2024\/11\/logo_black.png","contentUrl":"https:\/\/getamarinelektrik.com.tr\/wp-content\/uploads\/2024\/11\/logo_black.png","width":308,"height":95,"caption":"Geta Marin Elektrik"},"image":{"@id":"https:\/\/getamarinelektrik.com.tr\/#\/schema\/logo\/image\/"},"sameAs":["https:\/\/www.facebook.com\/getamarinelektrik.com.tr\/","https:\/\/www.instagram.com\/geta.marinelektrik\/"]}]}},"_links":{"self":[{"href":"https:\/\/getamarinelektrik.com.tr\/en\/wp-json\/wp\/v2\/pages\/419","targetHints":{"allow":["GET"]}}],"collection":[{"href":"https:\/\/getamarinelektrik.com.tr\/en\/wp-json\/wp\/v2\/pages"}],"about":[{"href":"https:\/\/getamarinelektrik.com.tr\/en\/wp-json\/wp\/v2\/types\/page"}],"author":[{"embeddable":true,"href":"https:\/\/getamarinelektrik.com.tr\/en\/wp-json\/wp\/v2\/users\/1"}],"replies":[{"embeddable":true,"href":"https:\/\/getamarinelektrik.com.tr\/en\/wp-json\/wp\/v2\/comments?post=419"}],"version-history":[{"count":7,"href":"https:\/\/getamarinelektrik.com.tr\/en\/wp-json\/wp\/v2\/pages\/419\/revisions"}],"predecessor-version":[{"id":694,"href":"https:\/\/getamarinelektrik.com.tr\/en\/wp-json\/wp\/v2\/pages\/419\/revisions\/694"}],"up":[{"embeddable":true,"href":"https:\/\/getamarinelektrik.com.tr\/en\/wp-json\/wp\/v2\/pages\/415"}],"wp:attachment":[{"href":"https:\/\/getamarinelektrik.com.tr\/en\/wp-json\/wp\/v2\/media?parent=419"}],"curies":[{"name":"wp","href":"https:\/\/api.w.org\/{rel}","templated":true}]}}