{"id":421,"date":"2024-11-23T11:21:57","date_gmt":"2024-11-23T08:21:57","guid":{"rendered":"https:\/\/getamarinelektrik.com.tr\/?page_id=421"},"modified":"2024-11-25T11:56:48","modified_gmt":"2024-11-25T08:56:48","slug":"elektrik-santralleri","status":"publish","type":"page","link":"https:\/\/getamarinelektrik.com.tr\/en\/our-fields-of-activity\/power-plants\/","title":{"rendered":"Power Plants"},"content":{"rendered":"<div data-elementor-type=\"wp-page\" data-elementor-id=\"421\" class=\"elementor elementor-421\" data-elementor-post-type=\"page\">\n\t\t\t\t\t\t<section class=\"elementor-section elementor-top-section elementor-element elementor-element-81e407f elementor-reverse-mobile elementor-section-boxed elementor-section-height-default elementor-section-height-default\" data-id=\"81e407f\" data-element_type=\"section\">\n\t\t\t\t\t\t<div class=\"elementor-container elementor-column-gap-default\">\n\t\t\t\t\t<div class=\"elementor-column elementor-col-50 elementor-top-column elementor-element elementor-element-3acef4c elementor-hidden-mobile\" data-id=\"3acef4c\" data-element_type=\"column\">\n\t\t\t<div class=\"elementor-widget-wrap elementor-element-populated\">\n\t\t\t\t\t\t<div class=\"elementor-element elementor-element-688d97a elementor-nav-menu--dropdown-none elementor-widget elementor-widget-nav-menu\" data-id=\"688d97a\" data-element_type=\"widget\" data-settings=\"{&quot;layout&quot;:&quot;vertical&quot;,&quot;submenu_icon&quot;:{&quot;value&quot;:&quot;&lt;svg class=\\&quot;e-font-icon-svg e-fas-caret-down\\&quot; viewBox=\\&quot;0 0 320 512\\&quot; xmlns=\\&quot;http:\\\/\\\/www.w3.org\\\/2000\\\/svg\\&quot;&gt;&lt;path d=\\&quot;M31.3 192h257.3c17.8 0 26.7 21.5 14.1 34.1L174.1 354.8c-7.8 7.8-20.5 7.8-28.3 0L17.2 226.1C4.6 213.5 13.5 192 31.3 192z\\&quot;&gt;&lt;\\\/path&gt;&lt;\\\/svg&gt;&quot;,&quot;library&quot;:&quot;fa-solid&quot;}}\" data-widget_type=\"nav-menu.default\">\n\t\t\t\t<div class=\"elementor-widget-container\">\n\t\t\t\t\t\t<nav aria-label=\"Menu\" class=\"elementor-nav-menu--main elementor-nav-menu__container elementor-nav-menu--layout-vertical e--pointer-background e--animation-fade\">\n\t\t\t\t<ul id=\"menu-1-688d97a\" class=\"elementor-nav-menu sm-vertical\"><li class=\"menu-item menu-item-type-post_type menu-item-object-page menu-item-434\"><a href=\"https:\/\/getamarinelektrik.com.tr\/en\/our-fields-of-activity\/military-projects\/\" class=\"elementor-item\">Military Projects<\/a><\/li>\n<li class=\"menu-item menu-item-type-post_type menu-item-object-page menu-item-435\"><a href=\"https:\/\/getamarinelektrik.com.tr\/en\/our-fields-of-activity\/power-plants\/\" class=\"elementor-item\">Power Plants<\/a><\/li>\n<li class=\"menu-item menu-item-type-post_type menu-item-object-page menu-item-436\"><a href=\"https:\/\/getamarinelektrik.com.tr\/en\/our-fields-of-activity\/commercial-projects\/\" class=\"elementor-item\">Commercial Projects<\/a><\/li>\n<\/ul>\t\t\t<\/nav>\n\t\t\t\t\t\t<nav class=\"elementor-nav-menu--dropdown elementor-nav-menu__container\" aria-hidden=\"true\">\n\t\t\t\t<ul id=\"menu-2-688d97a\" class=\"elementor-nav-menu sm-vertical\"><li class=\"menu-item menu-item-type-post_type menu-item-object-page menu-item-434\"><a href=\"https:\/\/getamarinelektrik.com.tr\/en\/our-fields-of-activity\/military-projects\/\" class=\"elementor-item\" tabindex=\"-1\">Military Projects<\/a><\/li>\n<li class=\"menu-item menu-item-type-post_type menu-item-object-page menu-item-435\"><a href=\"https:\/\/getamarinelektrik.com.tr\/en\/our-fields-of-activity\/power-plants\/\" class=\"elementor-item\" tabindex=\"-1\">Power Plants<\/a><\/li>\n<li class=\"menu-item menu-item-type-post_type menu-item-object-page menu-item-436\"><a href=\"https:\/\/getamarinelektrik.com.tr\/en\/our-fields-of-activity\/commercial-projects\/\" class=\"elementor-item\" tabindex=\"-1\">Commercial Projects<\/a><\/li>\n<\/ul>\t\t\t<\/nav>\n\t\t\t\t<\/div>\n\t\t\t\t<\/div>\n\t\t\t\t\t<\/div>\n\t\t<\/div>\n\t\t\t\t<div class=\"elementor-column elementor-col-50 elementor-top-column elementor-element elementor-element-f916f95\" data-id=\"f916f95\" data-element_type=\"column\">\n\t\t\t<div class=\"elementor-widget-wrap elementor-element-populated\">\n\t\t\t\t\t\t<div class=\"elementor-element elementor-element-412f73a elementor-widget elementor-widget-text-editor\" data-id=\"412f73a\" data-element_type=\"widget\" data-widget_type=\"text-editor.default\">\n\t\t\t\t<div class=\"elementor-widget-container\">\n\t\t\t\t\t\t\t<p>Geta Marin Elektrik offers high-quality engineering solutions and strong infrastructure services in power plant projects. Power generation facilities are one of the most important building blocks of the energy sector and reliability, efficiency and sustainability are of great importance in such projects. As Geta Marin Elektrik, we offer comprehensive solutions in all processes of power plants, from the design phase to commissioning and maintenance services.<\/p><p><strong>Power Plant Design and Project Management<\/strong><\/p><p>Correct design and effective project management play a critical role in achieving successful results in power plant projects. Geta Marin Elektrik designs and implements all electrical systems, automation infrastructure and distribution solutions of the power plant in accordance with international standards. In each project, we offer innovative solutions to increase energy production capacity in the most efficient way. We also adopt an effective project management approach to complete projects on time.<\/p><p><strong>Automation and Control Systems<\/strong><\/p><p>In power plants, the correct design and implementation of automation and control systems are of great importance in terms of increasing energy efficiency and ensuring operational continuity. Geta Marin Elektrik provides advanced automation systems and SCADA (supervisory control and data acquisition) solutions for power plants, making energy production processes uninterrupted and efficient. Our automation systems provide monitoring and control at every stage of the plant, reducing operating costs and increasing system security.<\/p><p><strong>Energy Efficiency and Environmentally Friendly Solutions<\/strong><\/p><p>It is becoming increasingly important for power plants to be environmentally friendly and maximize energy efficiency. Geta Marin Elektrik designs power plant projects with energy-saving and environmentally friendly solutions. By using innovative technologies, we aim to provide higher energy efficiency with fewer resources. This approach both reduces operating costs and minimizes environmental impacts.<\/p><p><strong>Maintenance and Troubleshooting Solutions<\/strong><\/p><p>Regular maintenance and rapid fault response are essential for the continuity and efficient operation of power plants. Geta Marin Elektrik offers comprehensive maintenance services for power plants and provides rapid solutions in case of faults. Continuous monitoring of electrical infrastructure and automation systems is important for early detection and elimination of potential faults. In this way, we ensure uninterrupted operation of the plant.<\/p><p>As Geta Marin Elektrik, we provide comprehensive engineering services in power plant projects, ensuring that energy production facilities operate efficiently, reliably and sustainably. With power plant design, automation systems, energy efficiency solutions and maintenance services, we aim for the highest standards in the sector. As a reliable partner in your projects, we offer quality solutions at every stage.<\/p>\t\t\t\t\t\t<\/div>\n\t\t\t\t<\/div>\n\t\t\t\t<div class=\"elementor-element elementor-element-aba2297 elementor-widget elementor-widget-gallery\" data-id=\"aba2297\" data-element_type=\"widget\" data-settings=\"{&quot;gallery_layout&quot;:&quot;masonry&quot;,&quot;lazyload&quot;:&quot;yes&quot;,&quot;columns&quot;:4,&quot;columns_tablet&quot;:2,&quot;columns_mobile&quot;:1,&quot;gap&quot;:{&quot;unit&quot;:&quot;px&quot;,&quot;size&quot;:10,&quot;sizes&quot;:[]},&quot;gap_tablet&quot;:{&quot;unit&quot;:&quot;px&quot;,&quot;size&quot;:10,&quot;sizes&quot;:[]},&quot;gap_mobile&quot;:{&quot;unit&quot;:&quot;px&quot;,&quot;size&quot;:10,&quot;sizes&quot;:[]},&quot;link_to&quot;:&quot;file&quot;,&quot;content_hover_animation&quot;:&quot;fade-in&quot;}\" data-widget_type=\"gallery.default\">\n\t\t\t\t<div class=\"elementor-widget-container\">\n\t\t\t\t\t<div class=\"elementor-gallery__container\">\n\t\t\t\t\t\t\t<a class=\"e-gallery-item elementor-gallery-item elementor-animated-content\" href=\"https:\/\/getamarinelektrik.com.tr\/wp-content\/uploads\/2024\/11\/logo_getamarin.jpg\" data-elementor-open-lightbox=\"yes\" data-elementor-lightbox-slideshow=\"aba2297\" data-e-action-hash=\"#elementor-action%3Aaction%3Dlightbox%26settings%3DeyJpZCI6NjYyLCJ1cmwiOiJodHRwczpcL1wvZ2V0YW1hcmluZWxla3RyaWsuY29tLnRyXC93cC1jb250ZW50XC91cGxvYWRzXC8yMDI0XC8xMVwvbG9nb19nZXRhbWFyaW4uanBnIiwic2xpZGVzaG93IjoiYWJhMjI5NyJ9\">\n\t\t\t\t\t<div class=\"e-gallery-image elementor-gallery-item__image\" data-thumbnail=\"https:\/\/getamarinelektrik.com.tr\/wp-content\/uploads\/2024\/11\/logo_getamarin.jpg\" data-width=\"1080\" data-height=\"1080\" aria-label=\"Geta Marin Elektrik Logo\" role=\"img\" ><\/div>\n\t\t\t\t\t\t\t\t\t\t\t\t\t\t<\/a>\n\t\t\t\t\t<\/div>\n\t\t\t<\/div>\n\t\t\t\t<\/div>\n\t\t\t\t\t<\/div>\n\t\t<\/div>\n\t\t\t\t\t<\/div>\n\t\t<\/section>\n\t\t\t\t<\/div>","protected":false},"excerpt":{"rendered":"<p>Geta Marin Elektrik, elektrik santrali projelerinde y\u00fcksek kaliteli m\u00fchendislik \u00e7\u00f6z\u00fcmleri ve g\u00fc\u00e7l\u00fc altyap\u0131 hizmetleri sunmaktad\u0131r. Elektrik \u00fcretim tesisleri, enerji sekt\u00f6r\u00fcn\u00fcn en \u00f6nemli yap\u0131 ta\u015flar\u0131ndan biridir ve bu t\u00fcr projelerde g\u00fcvenilirlik, verimlilik ve s\u00fcrd\u00fcr\u00fclebilirlik b\u00fcy\u00fck \u00f6nem ta\u015f\u0131r. Biz de Geta Marin Elektrik olarak, elektrik santrallerinin t\u00fcm s\u00fcre\u00e7lerinde, tasar\u0131m a\u015famas\u0131ndan devreye alma ve bak\u0131m hizmetlerine kadar kapsaml\u0131 [&hellip;]<\/p>","protected":false},"author":1,"featured_media":0,"parent":415,"menu_order":0,"comment_status":"closed","ping_status":"closed","template":"elementor_header_footer","meta":{"footnotes":""},"class_list":["post-421","page","type-page","status-publish","hentry"],"acf":[],"yoast_head":"<!-- This site is optimized with the Yoast SEO plugin v23.9 - https:\/\/yoast.com\/wordpress\/plugins\/seo\/ -->\n<title>Elektrik Santralleri - Geta Marin Elektrik<\/title>\n<meta name=\"robots\" content=\"index, follow, max-snippet:-1, max-image-preview:large, max-video-preview:-1\" \/>\n<link rel=\"canonical\" href=\"https:\/\/getamarinelektrik.com.tr\/en\/faaliyet-alanlarimiz\/elektrik-santralleri\/\" \/>\n<meta property=\"og:locale\" content=\"en_US\" \/>\n<meta property=\"og:type\" content=\"article\" \/>\n<meta property=\"og:title\" content=\"Elektrik Santralleri - Geta Marin Elektrik\" \/>\n<meta property=\"og:description\" content=\"Geta Marin Elektrik, elektrik santrali projelerinde y\u00fcksek kaliteli m\u00fchendislik \u00e7\u00f6z\u00fcmleri ve g\u00fc\u00e7l\u00fc altyap\u0131 hizmetleri sunmaktad\u0131r. Elektrik \u00fcretim tesisleri, enerji sekt\u00f6r\u00fcn\u00fcn en \u00f6nemli yap\u0131 ta\u015flar\u0131ndan biridir ve bu t\u00fcr projelerde g\u00fcvenilirlik, verimlilik ve s\u00fcrd\u00fcr\u00fclebilirlik b\u00fcy\u00fck \u00f6nem ta\u015f\u0131r. Biz de Geta Marin Elektrik olarak, elektrik santrallerinin t\u00fcm s\u00fcre\u00e7lerinde, tasar\u0131m a\u015famas\u0131ndan devreye alma ve bak\u0131m hizmetlerine kadar kapsaml\u0131 [&hellip;]\" \/>\n<meta property=\"og:url\" content=\"https:\/\/getamarinelektrik.com.tr\/en\/faaliyet-alanlarimiz\/elektrik-santralleri\/\" \/>\n<meta property=\"og:site_name\" content=\"Geta Marin Elektrik\" \/>\n<meta property=\"article:publisher\" content=\"https:\/\/www.facebook.com\/getamarinelektrik.com.tr\/\" \/>\n<meta property=\"article:modified_time\" content=\"2024-11-25T08:56:48+00:00\" \/>\n<meta name=\"twitter:card\" content=\"summary_large_image\" \/>\n<meta name=\"twitter:label1\" content=\"Est. reading time\" \/>\n\t<meta name=\"twitter:data1\" content=\"3 minutes\" \/>\n<script type=\"application\/ld+json\" class=\"yoast-schema-graph\">{\"@context\":\"https:\/\/schema.org\",\"@graph\":[{\"@type\":\"WebPage\",\"@id\":\"https:\/\/getamarinelektrik.com.tr\/faaliyet-alanlarimiz\/elektrik-santralleri\/\",\"url\":\"https:\/\/getamarinelektrik.com.tr\/faaliyet-alanlarimiz\/elektrik-santralleri\/\",\"name\":\"Elektrik Santralleri - Geta Marin Elektrik\",\"isPartOf\":{\"@id\":\"https:\/\/getamarinelektrik.com.tr\/#website\"},\"datePublished\":\"2024-11-23T08:21:57+00:00\",\"dateModified\":\"2024-11-25T08:56:48+00:00\",\"breadcrumb\":{\"@id\":\"https:\/\/getamarinelektrik.com.tr\/faaliyet-alanlarimiz\/elektrik-santralleri\/#breadcrumb\"},\"inLanguage\":\"en-US\",\"potentialAction\":[{\"@type\":\"ReadAction\",\"target\":[\"https:\/\/getamarinelektrik.com.tr\/faaliyet-alanlarimiz\/elektrik-santralleri\/\"]}]},{\"@type\":\"BreadcrumbList\",\"@id\":\"https:\/\/getamarinelektrik.com.tr\/faaliyet-alanlarimiz\/elektrik-santralleri\/#breadcrumb\",\"itemListElement\":[{\"@type\":\"ListItem\",\"position\":1,\"name\":\"Anasayfa\",\"item\":\"https:\/\/getamarinelektrik.com.tr\/\"},{\"@type\":\"ListItem\",\"position\":2,\"name\":\"Faaliyet Alanlar\u0131m\u0131z\",\"item\":\"https:\/\/getamarinelektrik.com.tr\/faaliyet-alanlarimiz\/\"},{\"@type\":\"ListItem\",\"position\":3,\"name\":\"Elektrik Santralleri\"}]},{\"@type\":\"WebSite\",\"@id\":\"https:\/\/getamarinelektrik.com.tr\/#website\",\"url\":\"https:\/\/getamarinelektrik.com.tr\/\",\"name\":\"Geta Marin Elektrik\",\"description\":\"Marin Sekt&ouml;r&uuml;nde T&uuml;m &Ccedil;&ouml;z&uuml;mler\",\"publisher\":{\"@id\":\"https:\/\/getamarinelektrik.com.tr\/#organization\"},\"potentialAction\":[{\"@type\":\"SearchAction\",\"target\":{\"@type\":\"EntryPoint\",\"urlTemplate\":\"https:\/\/getamarinelektrik.com.tr\/?s={search_term_string}\"},\"query-input\":{\"@type\":\"PropertyValueSpecification\",\"valueRequired\":true,\"valueName\":\"search_term_string\"}}],\"inLanguage\":\"en-US\"},{\"@type\":\"Organization\",\"@id\":\"https:\/\/getamarinelektrik.com.tr\/#organization\",\"name\":\"Geta Marin Elektrik\",\"url\":\"https:\/\/getamarinelektrik.com.tr\/\",\"logo\":{\"@type\":\"ImageObject\",\"inLanguage\":\"en-US\",\"@id\":\"https:\/\/getamarinelektrik.com.tr\/#\/schema\/logo\/image\/\",\"url\":\"https:\/\/getamarinelektrik.com.tr\/wp-content\/uploads\/2024\/11\/logo_black.png\",\"contentUrl\":\"https:\/\/getamarinelektrik.com.tr\/wp-content\/uploads\/2024\/11\/logo_black.png\",\"width\":308,\"height\":95,\"caption\":\"Geta Marin Elektrik\"},\"image\":{\"@id\":\"https:\/\/getamarinelektrik.com.tr\/#\/schema\/logo\/image\/\"},\"sameAs\":[\"https:\/\/www.facebook.com\/getamarinelektrik.com.tr\/\",\"https:\/\/www.instagram.com\/geta.marinelektrik\/\"]}]}<\/script>\n<!-- \/ Yoast SEO plugin. -->","yoast_head_json":{"title":"Elektrik Santralleri - Geta Marin Elektrik","robots":{"index":"index","follow":"follow","max-snippet":"max-snippet:-1","max-image-preview":"max-image-preview:large","max-video-preview":"max-video-preview:-1"},"canonical":"https:\/\/getamarinelektrik.com.tr\/en\/faaliyet-alanlarimiz\/elektrik-santralleri\/","og_locale":"en_US","og_type":"article","og_title":"Elektrik Santralleri - Geta Marin Elektrik","og_description":"Geta Marin Elektrik, elektrik santrali projelerinde y\u00fcksek kaliteli m\u00fchendislik \u00e7\u00f6z\u00fcmleri ve g\u00fc\u00e7l\u00fc altyap\u0131 hizmetleri sunmaktad\u0131r. Elektrik \u00fcretim tesisleri, enerji sekt\u00f6r\u00fcn\u00fcn en \u00f6nemli yap\u0131 ta\u015flar\u0131ndan biridir ve bu t\u00fcr projelerde g\u00fcvenilirlik, verimlilik ve s\u00fcrd\u00fcr\u00fclebilirlik b\u00fcy\u00fck \u00f6nem ta\u015f\u0131r. Biz de Geta Marin Elektrik olarak, elektrik santrallerinin t\u00fcm s\u00fcre\u00e7lerinde, tasar\u0131m a\u015famas\u0131ndan devreye alma ve bak\u0131m hizmetlerine kadar kapsaml\u0131 [&hellip;]","og_url":"https:\/\/getamarinelektrik.com.tr\/en\/faaliyet-alanlarimiz\/elektrik-santralleri\/","og_site_name":"Geta Marin Elektrik","article_publisher":"https:\/\/www.facebook.com\/getamarinelektrik.com.tr\/","article_modified_time":"2024-11-25T08:56:48+00:00","twitter_card":"summary_large_image","twitter_misc":{"Est. reading time":"3 minutes"},"schema":{"@context":"https:\/\/schema.org","@graph":[{"@type":"WebPage","@id":"https:\/\/getamarinelektrik.com.tr\/faaliyet-alanlarimiz\/elektrik-santralleri\/","url":"https:\/\/getamarinelektrik.com.tr\/faaliyet-alanlarimiz\/elektrik-santralleri\/","name":"Elektrik Santralleri - Geta Marin Elektrik","isPartOf":{"@id":"https:\/\/getamarinelektrik.com.tr\/#website"},"datePublished":"2024-11-23T08:21:57+00:00","dateModified":"2024-11-25T08:56:48+00:00","breadcrumb":{"@id":"https:\/\/getamarinelektrik.com.tr\/faaliyet-alanlarimiz\/elektrik-santralleri\/#breadcrumb"},"inLanguage":"en-US","potentialAction":[{"@type":"ReadAction","target":["https:\/\/getamarinelektrik.com.tr\/faaliyet-alanlarimiz\/elektrik-santralleri\/"]}]},{"@type":"BreadcrumbList","@id":"https:\/\/getamarinelektrik.com.tr\/faaliyet-alanlarimiz\/elektrik-santralleri\/#breadcrumb","itemListElement":[{"@type":"ListItem","position":1,"name":"Anasayfa","item":"https:\/\/getamarinelektrik.com.tr\/"},{"@type":"ListItem","position":2,"name":"Faaliyet Alanlar\u0131m\u0131z","item":"https:\/\/getamarinelektrik.com.tr\/faaliyet-alanlarimiz\/"},{"@type":"ListItem","position":3,"name":"Elektrik Santralleri"}]},{"@type":"WebSite","@id":"https:\/\/getamarinelektrik.com.tr\/#website","url":"https:\/\/getamarinelektrik.com.tr\/","name":"Geta Marin Elektrik","description":"Marin Sekt&ouml;r&uuml;nde T&uuml;m &Ccedil;&ouml;z&uuml;mler","publisher":{"@id":"https:\/\/getamarinelektrik.com.tr\/#organization"},"potentialAction":[{"@type":"SearchAction","target":{"@type":"EntryPoint","urlTemplate":"https:\/\/getamarinelektrik.com.tr\/?s={search_term_string}"},"query-input":{"@type":"PropertyValueSpecification","valueRequired":true,"valueName":"search_term_string"}}],"inLanguage":"en-US"},{"@type":"Organization","@id":"https:\/\/getamarinelektrik.com.tr\/#organization","name":"Geta Marin Elektrik","url":"https:\/\/getamarinelektrik.com.tr\/","logo":{"@type":"ImageObject","inLanguage":"en-US","@id":"https:\/\/getamarinelektrik.com.tr\/#\/schema\/logo\/image\/","url":"https:\/\/getamarinelektrik.com.tr\/wp-content\/uploads\/2024\/11\/logo_black.png","contentUrl":"https:\/\/getamarinelektrik.com.tr\/wp-content\/uploads\/2024\/11\/logo_black.png","width":308,"height":95,"caption":"Geta Marin Elektrik"},"image":{"@id":"https:\/\/getamarinelektrik.com.tr\/#\/schema\/logo\/image\/"},"sameAs":["https:\/\/www.facebook.com\/getamarinelektrik.com.tr\/","https:\/\/www.instagram.com\/geta.marinelektrik\/"]}]}},"_links":{"self":[{"href":"https:\/\/getamarinelektrik.com.tr\/en\/wp-json\/wp\/v2\/pages\/421","targetHints":{"allow":["GET"]}}],"collection":[{"href":"https:\/\/getamarinelektrik.com.tr\/en\/wp-json\/wp\/v2\/pages"}],"about":[{"href":"https:\/\/getamarinelektrik.com.tr\/en\/wp-json\/wp\/v2\/types\/page"}],"author":[{"embeddable":true,"href":"https:\/\/getamarinelektrik.com.tr\/en\/wp-json\/wp\/v2\/users\/1"}],"replies":[{"embeddable":true,"href":"https:\/\/getamarinelektrik.com.tr\/en\/wp-json\/wp\/v2\/comments?post=421"}],"version-history":[{"count":7,"href":"https:\/\/getamarinelektrik.com.tr\/en\/wp-json\/wp\/v2\/pages\/421\/revisions"}],"predecessor-version":[{"id":691,"href":"https:\/\/getamarinelektrik.com.tr\/en\/wp-json\/wp\/v2\/pages\/421\/revisions\/691"}],"up":[{"embeddable":true,"href":"https:\/\/getamarinelektrik.com.tr\/en\/wp-json\/wp\/v2\/pages\/415"}],"wp:attachment":[{"href":"https:\/\/getamarinelektrik.com.tr\/en\/wp-json\/wp\/v2\/media?parent=421"}],"curies":[{"name":"wp","href":"https:\/\/api.w.org\/{rel}","templated":true}]}}