{"id":560,"date":"2024-11-23T14:07:02","date_gmt":"2024-11-23T11:07:02","guid":{"rendered":"https:\/\/getamarinelektrik.com.tr\/?page_id=560"},"modified":"2024-11-23T14:07:34","modified_gmt":"2024-11-23T11:07:34","slug":"cerez-politikasi","status":"publish","type":"page","link":"https:\/\/getamarinelektrik.com.tr\/en\/cookie-policy\/","title":{"rendered":"Cookie Policy"},"content":{"rendered":"<div data-elementor-type=\"wp-page\" data-elementor-id=\"560\" class=\"elementor elementor-560\" data-elementor-post-type=\"page\">\n\t\t\t\t\t\t<section class=\"elementor-section elementor-top-section elementor-element elementor-element-dbd9648 elementor-section-boxed elementor-section-height-default elementor-section-height-default\" data-id=\"dbd9648\" data-element_type=\"section\">\n\t\t\t\t\t\t<div class=\"elementor-container elementor-column-gap-default\">\n\t\t\t\t\t<div class=\"elementor-column elementor-col-100 elementor-top-column elementor-element elementor-element-02b11aa\" data-id=\"02b11aa\" data-element_type=\"column\">\n\t\t\t<div class=\"elementor-widget-wrap elementor-element-populated\">\n\t\t\t\t\t\t<div class=\"elementor-element elementor-element-6a51e96 elementor-widget elementor-widget-text-editor\" data-id=\"6a51e96\" data-element_type=\"widget\" data-widget_type=\"text-editor.default\">\n\t\t\t\t<div class=\"elementor-widget-container\">\n\t\t\t\t\t\t\t<p><strong>1. What Are Cookies?<\/strong><\/p><p>Cookies are small data files placed on a user's browser when they visit a website. These files allow users to interact with the website more effectively by collecting information about preferences and remembering interactions. Cookies are used to enhance the user experience and help optimize website services by collecting data.<\/p><p><strong>2. Types of Cookies Used:<\/strong><\/p><ul><li><strong>Essential Cookies:<\/strong> These cookies are necessary for the website to function properly. Without these cookies, some features of the website may not work.<\/li><li><strong>Performance Cookies:<\/strong> These cookies track how the website is used, collecting data such as the number of visitors and pages viewed. They are used to improve the website\u2019s performance.<\/li><li><strong>Functional Cookies:<\/strong> These cookies remember user preferences and previous visits to personalize the website experience.<\/li><li><strong>Targeting or Advertising Cookies:<\/strong> These cookies are used to display ads tailored to users' interests. They help optimize the display of advertisements on the website.<\/li><\/ul><p><strong>3. Purpose of Cookie Use:<\/strong><\/p><p>Cookies on our website are used for the following purposes:<\/p><ul><li>To analyze and improve the performance of the website<\/li><li>To remember user preferences<\/li><li>To collect statistical data about website visits<\/li><li>To provide content and advertisements based on users\u2019 interests<\/li><\/ul><p><strong>4. Managing Cookies and Giving Consent:<\/strong><\/p><p>By using our website, you consent to the use of cookies. You can change your cookie settings or disable cookies from your browser settings. However, disabling cookies may affect the functionality of some features of the website.<\/p><p><strong>5. Changes to the Cookie Policy:<\/strong><\/p><p>This Cookie Policy may be updated from time to time. Any changes to the policy will become effective once published on our website.<\/p><p><strong>Contact:<\/strong><\/p><p>For more information or any questions regarding cookies, please feel free to contact us using the following details:<\/p><p>Geta Marin Elektrik<br \/>Ayd\u0131ntepe Mah. Selin Sk. No:8 Tuzla, Istanbul, Turkey<br \/>+90 (850) 460 43 82<br \/>+90 (216) 493 83 90<br \/>info@getamarinelektrik.com.tr<\/p>\t\t\t\t\t\t<\/div>\n\t\t\t\t<\/div>\n\t\t\t\t\t<\/div>\n\t\t<\/div>\n\t\t\t\t\t<\/div>\n\t\t<\/section>\n\t\t\t\t<\/div>","protected":false},"excerpt":{"rendered":"<p>1. \u00c7erez Nedir? \u00c7erezler, web sitesi kullan\u0131c\u0131lar\u0131n\u0131n taray\u0131c\u0131lar\u0131na yerle\u015ftirilen k\u00fc\u00e7\u00fck veri dosyalar\u0131d\u0131r. Bu dosyalar, kullan\u0131c\u0131lar\u0131n web sitesi ile etkile\u015fimini analiz etmeye, kullan\u0131c\u0131 tercihlerini hat\u0131rlamaya ve siteyi daha verimli kullanman\u0131za yard\u0131mc\u0131 olmaya olanak tan\u0131r. \u00c7erezler, kullan\u0131c\u0131lar\u0131n deneyimini iyile\u015ftirmek amac\u0131yla \u00e7e\u015fitli bilgiler toplar ve bu veriler, web sitesi hizmetlerini optimize etmek i\u00e7in kullan\u0131l\u0131r. 2. Kullan\u0131lan \u00c7erez T\u00fcrleri: [&hellip;]<\/p>","protected":false},"author":1,"featured_media":0,"parent":0,"menu_order":0,"comment_status":"closed","ping_status":"closed","template":"elementor_header_footer","meta":{"footnotes":""},"class_list":["post-560","page","type-page","status-publish","hentry"],"acf":[],"yoast_head":"<!-- This site is optimized with the Yoast SEO plugin v23.9 - https:\/\/yoast.com\/wordpress\/plugins\/seo\/ -->\n<title>\u00c7erez Politikas\u0131 - Geta Marin Elektrik<\/title>\n<meta name=\"robots\" content=\"index, follow, max-snippet:-1, max-image-preview:large, max-video-preview:-1\" \/>\n<link rel=\"canonical\" href=\"https:\/\/getamarinelektrik.com.tr\/en\/cerez-politikasi\/\" \/>\n<meta property=\"og:locale\" content=\"en_US\" \/>\n<meta property=\"og:type\" content=\"article\" \/>\n<meta property=\"og:title\" content=\"\u00c7erez Politikas\u0131 - Geta Marin Elektrik\" \/>\n<meta property=\"og:description\" content=\"1. \u00c7erez Nedir? \u00c7erezler, web sitesi kullan\u0131c\u0131lar\u0131n\u0131n taray\u0131c\u0131lar\u0131na yerle\u015ftirilen k\u00fc\u00e7\u00fck veri dosyalar\u0131d\u0131r. Bu dosyalar, kullan\u0131c\u0131lar\u0131n web sitesi ile etkile\u015fimini analiz etmeye, kullan\u0131c\u0131 tercihlerini hat\u0131rlamaya ve siteyi daha verimli kullanman\u0131za yard\u0131mc\u0131 olmaya olanak tan\u0131r. \u00c7erezler, kullan\u0131c\u0131lar\u0131n deneyimini iyile\u015ftirmek amac\u0131yla \u00e7e\u015fitli bilgiler toplar ve bu veriler, web sitesi hizmetlerini optimize etmek i\u00e7in kullan\u0131l\u0131r. 2. Kullan\u0131lan \u00c7erez T\u00fcrleri: [&hellip;]\" \/>\n<meta property=\"og:url\" content=\"https:\/\/getamarinelektrik.com.tr\/en\/cerez-politikasi\/\" \/>\n<meta property=\"og:site_name\" content=\"Geta Marin Elektrik\" \/>\n<meta property=\"article:publisher\" content=\"https:\/\/www.facebook.com\/getamarinelektrik.com.tr\/\" \/>\n<meta property=\"article:modified_time\" content=\"2024-11-23T11:07:34+00:00\" \/>\n<meta name=\"twitter:card\" content=\"summary_large_image\" \/>\n<meta name=\"twitter:label1\" content=\"Est. reading time\" \/>\n\t<meta name=\"twitter:data1\" content=\"2 minutes\" \/>\n<script type=\"application\/ld+json\" class=\"yoast-schema-graph\">{\"@context\":\"https:\/\/schema.org\",\"@graph\":[{\"@type\":\"WebPage\",\"@id\":\"https:\/\/getamarinelektrik.com.tr\/cerez-politikasi\/\",\"url\":\"https:\/\/getamarinelektrik.com.tr\/cerez-politikasi\/\",\"name\":\"\u00c7erez Politikas\u0131 - Geta Marin Elektrik\",\"isPartOf\":{\"@id\":\"https:\/\/getamarinelektrik.com.tr\/#website\"},\"datePublished\":\"2024-11-23T11:07:02+00:00\",\"dateModified\":\"2024-11-23T11:07:34+00:00\",\"breadcrumb\":{\"@id\":\"https:\/\/getamarinelektrik.com.tr\/cerez-politikasi\/#breadcrumb\"},\"inLanguage\":\"en-US\",\"potentialAction\":[{\"@type\":\"ReadAction\",\"target\":[\"https:\/\/getamarinelektrik.com.tr\/cerez-politikasi\/\"]}]},{\"@type\":\"BreadcrumbList\",\"@id\":\"https:\/\/getamarinelektrik.com.tr\/cerez-politikasi\/#breadcrumb\",\"itemListElement\":[{\"@type\":\"ListItem\",\"position\":1,\"name\":\"Anasayfa\",\"item\":\"https:\/\/getamarinelektrik.com.tr\/\"},{\"@type\":\"ListItem\",\"position\":2,\"name\":\"\u00c7erez Politikas\u0131\"}]},{\"@type\":\"WebSite\",\"@id\":\"https:\/\/getamarinelektrik.com.tr\/#website\",\"url\":\"https:\/\/getamarinelektrik.com.tr\/\",\"name\":\"Geta Marin Elektrik\",\"description\":\"Marin Sekt&ouml;r&uuml;nde T&uuml;m &Ccedil;&ouml;z&uuml;mler\",\"publisher\":{\"@id\":\"https:\/\/getamarinelektrik.com.tr\/#organization\"},\"potentialAction\":[{\"@type\":\"SearchAction\",\"target\":{\"@type\":\"EntryPoint\",\"urlTemplate\":\"https:\/\/getamarinelektrik.com.tr\/?s={search_term_string}\"},\"query-input\":{\"@type\":\"PropertyValueSpecification\",\"valueRequired\":true,\"valueName\":\"search_term_string\"}}],\"inLanguage\":\"en-US\"},{\"@type\":\"Organization\",\"@id\":\"https:\/\/getamarinelektrik.com.tr\/#organization\",\"name\":\"Geta Marin Elektrik\",\"url\":\"https:\/\/getamarinelektrik.com.tr\/\",\"logo\":{\"@type\":\"ImageObject\",\"inLanguage\":\"en-US\",\"@id\":\"https:\/\/getamarinelektrik.com.tr\/#\/schema\/logo\/image\/\",\"url\":\"https:\/\/getamarinelektrik.com.tr\/wp-content\/uploads\/2024\/11\/logo_black.png\",\"contentUrl\":\"https:\/\/getamarinelektrik.com.tr\/wp-content\/uploads\/2024\/11\/logo_black.png\",\"width\":308,\"height\":95,\"caption\":\"Geta Marin Elektrik\"},\"image\":{\"@id\":\"https:\/\/getamarinelektrik.com.tr\/#\/schema\/logo\/image\/\"},\"sameAs\":[\"https:\/\/www.facebook.com\/getamarinelektrik.com.tr\/\",\"https:\/\/www.instagram.com\/geta.marinelektrik\/\"]}]}<\/script>\n<!-- \/ Yoast SEO plugin. -->","yoast_head_json":{"title":"\u00c7erez Politikas\u0131 - Geta Marin Elektrik","robots":{"index":"index","follow":"follow","max-snippet":"max-snippet:-1","max-image-preview":"max-image-preview:large","max-video-preview":"max-video-preview:-1"},"canonical":"https:\/\/getamarinelektrik.com.tr\/en\/cerez-politikasi\/","og_locale":"en_US","og_type":"article","og_title":"\u00c7erez Politikas\u0131 - Geta Marin Elektrik","og_description":"1. \u00c7erez Nedir? \u00c7erezler, web sitesi kullan\u0131c\u0131lar\u0131n\u0131n taray\u0131c\u0131lar\u0131na yerle\u015ftirilen k\u00fc\u00e7\u00fck veri dosyalar\u0131d\u0131r. Bu dosyalar, kullan\u0131c\u0131lar\u0131n web sitesi ile etkile\u015fimini analiz etmeye, kullan\u0131c\u0131 tercihlerini hat\u0131rlamaya ve siteyi daha verimli kullanman\u0131za yard\u0131mc\u0131 olmaya olanak tan\u0131r. \u00c7erezler, kullan\u0131c\u0131lar\u0131n deneyimini iyile\u015ftirmek amac\u0131yla \u00e7e\u015fitli bilgiler toplar ve bu veriler, web sitesi hizmetlerini optimize etmek i\u00e7in kullan\u0131l\u0131r. 2. Kullan\u0131lan \u00c7erez T\u00fcrleri: [&hellip;]","og_url":"https:\/\/getamarinelektrik.com.tr\/en\/cerez-politikasi\/","og_site_name":"Geta Marin Elektrik","article_publisher":"https:\/\/www.facebook.com\/getamarinelektrik.com.tr\/","article_modified_time":"2024-11-23T11:07:34+00:00","twitter_card":"summary_large_image","twitter_misc":{"Est. reading time":"2 minutes"},"schema":{"@context":"https:\/\/schema.org","@graph":[{"@type":"WebPage","@id":"https:\/\/getamarinelektrik.com.tr\/cerez-politikasi\/","url":"https:\/\/getamarinelektrik.com.tr\/cerez-politikasi\/","name":"\u00c7erez Politikas\u0131 - Geta Marin Elektrik","isPartOf":{"@id":"https:\/\/getamarinelektrik.com.tr\/#website"},"datePublished":"2024-11-23T11:07:02+00:00","dateModified":"2024-11-23T11:07:34+00:00","breadcrumb":{"@id":"https:\/\/getamarinelektrik.com.tr\/cerez-politikasi\/#breadcrumb"},"inLanguage":"en-US","potentialAction":[{"@type":"ReadAction","target":["https:\/\/getamarinelektrik.com.tr\/cerez-politikasi\/"]}]},{"@type":"BreadcrumbList","@id":"https:\/\/getamarinelektrik.com.tr\/cerez-politikasi\/#breadcrumb","itemListElement":[{"@type":"ListItem","position":1,"name":"Anasayfa","item":"https:\/\/getamarinelektrik.com.tr\/"},{"@type":"ListItem","position":2,"name":"\u00c7erez Politikas\u0131"}]},{"@type":"WebSite","@id":"https:\/\/getamarinelektrik.com.tr\/#website","url":"https:\/\/getamarinelektrik.com.tr\/","name":"Geta Marin Elektrik","description":"Marin Sekt&ouml;r&uuml;nde T&uuml;m &Ccedil;&ouml;z&uuml;mler","publisher":{"@id":"https:\/\/getamarinelektrik.com.tr\/#organization"},"potentialAction":[{"@type":"SearchAction","target":{"@type":"EntryPoint","urlTemplate":"https:\/\/getamarinelektrik.com.tr\/?s={search_term_string}"},"query-input":{"@type":"PropertyValueSpecification","valueRequired":true,"valueName":"search_term_string"}}],"inLanguage":"en-US"},{"@type":"Organization","@id":"https:\/\/getamarinelektrik.com.tr\/#organization","name":"Geta Marin Elektrik","url":"https:\/\/getamarinelektrik.com.tr\/","logo":{"@type":"ImageObject","inLanguage":"en-US","@id":"https:\/\/getamarinelektrik.com.tr\/#\/schema\/logo\/image\/","url":"https:\/\/getamarinelektrik.com.tr\/wp-content\/uploads\/2024\/11\/logo_black.png","contentUrl":"https:\/\/getamarinelektrik.com.tr\/wp-content\/uploads\/2024\/11\/logo_black.png","width":308,"height":95,"caption":"Geta Marin Elektrik"},"image":{"@id":"https:\/\/getamarinelektrik.com.tr\/#\/schema\/logo\/image\/"},"sameAs":["https:\/\/www.facebook.com\/getamarinelektrik.com.tr\/","https:\/\/www.instagram.com\/geta.marinelektrik\/"]}]}},"_links":{"self":[{"href":"https:\/\/getamarinelektrik.com.tr\/en\/wp-json\/wp\/v2\/pages\/560","targetHints":{"allow":["GET"]}}],"collection":[{"href":"https:\/\/getamarinelektrik.com.tr\/en\/wp-json\/wp\/v2\/pages"}],"about":[{"href":"https:\/\/getamarinelektrik.com.tr\/en\/wp-json\/wp\/v2\/types\/page"}],"author":[{"embeddable":true,"href":"https:\/\/getamarinelektrik.com.tr\/en\/wp-json\/wp\/v2\/users\/1"}],"replies":[{"embeddable":true,"href":"https:\/\/getamarinelektrik.com.tr\/en\/wp-json\/wp\/v2\/comments?post=560"}],"version-history":[{"count":4,"href":"https:\/\/getamarinelektrik.com.tr\/en\/wp-json\/wp\/v2\/pages\/560\/revisions"}],"predecessor-version":[{"id":564,"href":"https:\/\/getamarinelektrik.com.tr\/en\/wp-json\/wp\/v2\/pages\/560\/revisions\/564"}],"wp:attachment":[{"href":"https:\/\/getamarinelektrik.com.tr\/en\/wp-json\/wp\/v2\/media?parent=560"}],"curies":[{"name":"wp","href":"https:\/\/api.w.org\/{rel}","templated":true}]}}